{"id":169,"date":"2023-04-21T16:27:55","date_gmt":"2023-04-21T14:27:55","guid":{"rendered":"https:\/\/demosites.royal-elementor-addons.com\/ecommerce-v1\/?post_type=product&#038;p=169"},"modified":"2026-02-21T23:09:08","modified_gmt":"2026-02-21T22:09:08","slug":"borken-biostimulant-tunisie","status":"publish","type":"product","link":"https:\/\/agribiotunisie.com\/index.php\/produit\/borken-biostimulant-tunisie\/","title":{"rendered":"Borken &#8211; \u0628\u0631\u0643\u0627\u0646 <br>Biostimulant &#8211; (\u062f\u0648\u0627\u0621 \u0627\u0644\u0639\u0631\u06a8)\u0645\u0646\u0634\u0637 \u062d\u064a\u0648\u064a"},"content":{"rendered":"<p><a class=\"btn-fiche-technique\" href=\"https:\/\/agribiotunisie.com\/wp-content\/uploads\/2025\/07\/Fiche-technique-borken.pdf\" target=\"_blank\" rel=\"noopener\"><br \/>\n\ud83d\udcc4 T\u00e9l\u00e9charger la fiche technique<\/a><\/p>\n<p>&nbsp;<\/p>\n<p>&nbsp;<\/p>\n<p><strong data-start=\"413\" data-end=\"433\">Composition :<br \/>\n<\/strong><span class=\"fontstyle0\"><strong>Mati\u00e8re Organique:<\/strong> 122 g\/l<br \/>\n<strong>Potassium:<\/strong> 3.29 g\/l<br \/>\n<strong>Azote organique:<\/strong> 900 mg\/l<br \/>\n<strong>Phosphore total:<\/strong> 46.2 mg\/l<br \/>\n<strong>Soufre:<\/strong> 299 mg\/l<br \/>\n<strong>Fer, Zinc, Cuivre, Mangan\u00e8se<\/strong>: 103.61 mg\/l<br \/>\n<strong>Acides amin\u00e9s Total:<\/strong> 1603 mg\/l<\/span><\/p>\n<p>&nbsp;<\/p>\n<p><img decoding=\"async\" class=\"aligncenter\" style=\"max-width: 100%; height: 280px;\" src=\"https:\/\/agribiotunisie.com\/wp-content\/uploads\/2026\/01\/Explication-Borken.jpg\" alt=\"Borken Explication\" width=\"450\" \/><br \/>\n<img decoding=\"async\" class=\"aligncenter\" style=\"max-width: 100%; height: 280px;\" src=\"https:\/\/agribiotunisie.com\/wp-content\/uploads\/2026\/01\/dosag-05.jpg\" alt=\"Borken Explication\" width=\"450\" \/><br \/>\n<img decoding=\"async\" class=\"aligncenter\" style=\"max-width: 100%; height: 550px;\" src=\"https:\/\/agribiotunisie.com\/wp-content\/uploads\/2026\/01\/Dosag_Explication-Borken.jpg\" alt=\"Borken Explication\" width=\"450\" \/><\/p>\n<table border=\"0\" cellspacing=\"0\">\n<colgroup width=\"64\"><\/colgroup>\n<colgroup width=\"40\"><\/colgroup>\n<colgroup width=\"856\"><\/colgroup>\n<thead>\n<tr>\n<th align=\"left\">Culture<\/th>\n<th align=\"left\">Dose<br \/>\nL\/ha<\/th>\n<th align=\"left\">Remarque<\/th>\n<\/tr>\n<\/thead>\n<tbody>\n<tr>\n<td>Piment, Tomate, Aubergine<\/td>\n<td>2-3<\/td>\n<td>1\u00e8re application une semaine apr\u00e8s le repiquage puis une autre avant la floraison, puis r\u00e9p\u00e9ter toutes les 2 \u00e0 3 semaines.<\/td>\n<\/tr>\n<tr>\n<td>Concombre, Melon, Past\u00e8que<\/td>\n<td>2-3<\/td>\n<td>1\u00e8re application une semaine apr\u00e8s le repiquage puis une autre avant la floraison, puis r\u00e9p\u00e9ter toutes les 2 \u00e0 3 semaines.<\/td>\n<\/tr>\n<tr>\n<td>Fraisier<\/td>\n<td>2-3<\/td>\n<td>1\u00e8re application une semaine apr\u00e8s le repiquage puis une autre avant la floraison, puis r\u00e9p\u00e9ter toutes les 2 \u00e0 3 semaines.<\/td>\n<\/tr>\n<tr>\n<td>Grenadier<\/td>\n<td>3-5<\/td>\n<td>1\u00e8re application au stade bourgeon vert-rose (blanc), puis r\u00e9p\u00e9ter toutes les 2 \u00e0 3 semaines.<\/td>\n<\/tr>\n<tr>\n<td>Agrumes<\/td>\n<td>3-5<\/td>\n<td>1\u00e8re application avant la floraison, puis r\u00e9p\u00e9ter toutes les 2 \u00e0 3 semaines.<\/td>\n<\/tr>\n<tr>\n<td>Vigne<\/td>\n<td>3-5<\/td>\n<td>1\u00e8re application au d\u00e9but de floraison, 2\u00e8me application juste apr\u00e8s la nouaison, 3\u00e8me application au stade baie de la taille d\u2019un pois.<\/td>\n<\/tr>\n<tr>\n<td>Olivier<\/td>\n<td>3-5<\/td>\n<td>1\u00e8re application avant la floraison, puis r\u00e9p\u00e9ter toutes les 2 \u00e0 3 semaines.<\/td>\n<\/tr>\n<tr>\n<td>Haricots<\/td>\n<td>2-3<\/td>\n<td>1\u00e8re application du d\u00e9but de la floraison au d\u00e9but de la floraison, \u00e0 renouveler apr\u00e8s 2 \u00e0 3 semaines.<\/td>\n<\/tr>\n<tr>\n<td>C\u00e9r\u00e9ales (*)<\/td>\n<td>0,5-1<\/td>\n<td>1\u00e8re application en fin de tallage, 2\u00e8me application au stade feuille drapeau.<\/td>\n<\/tr>\n<tr>\n<td>Rosier<\/td>\n<td>2-3<\/td>\n<td>1\u00e8re application avant le premier stade de floraison, puis r\u00e9p\u00e9ter toutes les 2 \u00e0 3 semaines.<\/td>\n<\/tr>\n<\/tbody>\n<\/table>\n","protected":false},"excerpt":{"rendered":"<p><strong>Caract\u00e9ristiques du produit :<br \/>\n<\/strong><\/p>\n<h2 style=\"text-align: right;\">\u00a0 \u0628\u0631\u0643\u0627\u0646<\/h2>\n<p style=\"text-align: right;\">\u064a\u0634\u062c\u0639 \u0639\u0644\u0649 \u062a\u0643\u0648\u064a\u0646 \u0643\u062a\u0644\u0629 \u062c\u0630\u0631\u064a\u0629 \u0642\u0648\u064a\u0629 \u0648\u0643\u062b\u064a\u0641\u0629 \u0644\u062a\u062d\u0633\u064a\u0646 \u0627\u0644\u062a\u063a\u0630\u064a\u0629<em>\u2022<br \/>\n\u0641\u064a\u0647 \u0643\u0627\u0626\u0646\u0627\u062a \u062f\u0642\u064a\u0642\u0629\u00a0 \u062a\u062d\u0648\u0651\u0644 \u0639\u0646\u0627\u0635\u0631 \u0627\u0644\u062a\u0631\u0628\u0629 \u0625\u0644\u0649 \u063a\u0630\u0627\u0621 \u0633\u0647\u0644 \u0627\u0644\u0627\u0645\u062a\u0635\u0627\u0635\u2022\u064a\u0642\u0648\u064a \u062c\u0647\u0627\u0632 \u0627\u0644\u0645\u0646\u0627\u0639\u0629 \u0627\u0644\u0637\u0628\u064a\u0639\u064a \u0644\u0644\u0646\u0628\u0627\u062a \u0644\u0645\u0642\u0627\u0648\u0645\u0629 \u0627\u0644\u0623\u0645\u0631\u0627\u0636\u2022<\/em><br \/>\n\u064a\u062d\u0633\u0646 \u0645\u0646 \u0639\u0645\u0644\u064a\u0629 \u0627\u0644\u0625\u0632\u0647\u0627\u0631 \u0648\u064a\u0632\u064a\u062f \u0645\u0646 \u0639\u062f\u062f \u0627\u0644\u0623\u0632\u0647\u0627\u0631<em>\u2022<\/em><br \/>\n\u064a\u062d\u0641\u0632 \u0625\u0646\u062a\u0627\u062c \u0645\u0636\u0627\u062f\u0627\u062a \u0627\u0644\u0623\u0643\u0633\u062f\u0629 \u0644\u0632\u064a\u0627\u062f\u0629 \u062a\u062d\u0645\u0644\u0644\u0644\u0625\u062c\u0647\u0627\u062f \u0627\u0644\u062d\u0631\u0627\u0631\u064a<em>\u2022<\/em><br \/>\n\u064a\u0633\u0627\u0647\u0645 \u0641\u064a \u0632\u064a\u0627\u062f\u0629 \u0645\u0644\u062d\u0648\u0638\u0629 \u0641\u064a \u0627\u0644\u0625\u0646\u062a\u0627\u062c\u064a\u0629 \u0648\u062a\u062d\u0633\u064a\u0646 \u062c\u0648\u062f\u0629 \u0627\u0644\u0645\u062d\u0635\u0648\u0644<em>\u2022<\/em><br \/>\n\u0627\u0644\u062a\u0648\u0646\u0633\u064a\u0629 Orgafertil\u0628\u0631\u0643\u0627\u0646 \u0645\u0646\u062a\u0648\u062c \u062a\u0648\u0646\u0633\u064a\u00a0 \u062a\u0645 \u062a\u0637\u0648\u064a\u0631\u0647 \u0648\u062a\u0635\u0646\u064a\u0639\u0647 \u0641\u064a \u0645\u062e\u0627\u0628\u0631<em>\u2022<\/em><\/p>\n<h3>Borken biostimulant<strong> &amp; enracinaeur<\/strong><\/h3>\n<p><em>\u2022 <\/em><strong>Borken<\/strong> est un biostimulant<strong> enracinaeur<\/strong> qui stimule la croissance des racines, renforce leur d\u00e9veloppement<br \/>\n<em>\u2022 <\/em><strong>Rempli de microflore<\/strong> utile du sol pour rendre les nutriments bio-disponibles.<br \/>\n<em>\u2022 <\/em><strong>Renforce l&rsquo;immunit\u00e9 naturelle<\/strong> de la plante contre les maladies.<br \/>\n<em>\u2022 <\/em><strong>Am\u00e9liore la floraison<\/strong> .<br \/>\n<em>\u2022 <\/em>Augmente la <strong>tol\u00e9rance aux fortes chaleurs<\/strong> .<br \/>\n<em>\u2022 <\/em>Favorise le d\u00e9veloppement d&rsquo;une <strong>masse racinaire<\/strong> .<br \/>\n<em>\u2022 <\/em>Contribue \u00e0 une augmentation significative du <strong>rendement<\/strong>.<\/p>\n","protected":false},"featured_media":2351,"comment_status":"open","ping_status":"closed","template":"","meta":[],"product_brand":[144],"product_cat":[107],"product_tag":[225,309,244],"class_list":{"0":"post-169","1":"product","2":"type-product","3":"status-publish","4":"has-post-thumbnail","6":"product_brand-agrofertil","7":"product_cat-agribio-engrais-biologique-et-biopesticide-tunisie","8":"product_tag-agriculture-durable","9":"product_tag-biostimulant","10":"product_tag-engrais-organique","11":"product_shipping_class-livraison-payante","13":"first","14":"instock","15":"featured","16":"taxable","17":"shipping-taxable","18":"purchasable","19":"product-type-variable","20":"has-default-attributes"},"yoast_head":"<!-- This site is optimized with the Yoast SEO plugin v27.0 - https:\/\/yoast.com\/product\/yoast-seo-wordpress\/ -->\n<title>Borken engrais biostimulant tunisie<\/title>\n<meta name=\"description\" content=\"Borken est un biostimulant en Tunisie qui favorise la croissance racinaire, am\u00e9liore l\u2019absorption des nutriments et renforce les plantes.\" \/>\n<meta name=\"robots\" content=\"index, follow, max-snippet:-1, max-image-preview:large, max-video-preview:-1\" \/>\n<link rel=\"canonical\" href=\"https:\/\/agribiotunisie.com\/index.php\/produit\/borken-biostimulant-tunisie\/\" \/>\n<meta property=\"og:locale\" content=\"fr_FR\" \/>\n<meta property=\"og:type\" content=\"article\" \/>\n<meta property=\"og:title\" content=\"Borken engrais biostimulant tunisie\" \/>\n<meta property=\"og:description\" content=\"Borken est un biostimulant en Tunisie qui favorise la croissance racinaire, am\u00e9liore l\u2019absorption des nutriments et renforce les plantes.\" \/>\n<meta property=\"og:url\" content=\"https:\/\/agribiotunisie.com\/index.php\/produit\/borken-biostimulant-tunisie\/\" \/>\n<meta property=\"og:site_name\" content=\"https:\/\/agribiotunisie.com\/\" \/>\n<meta property=\"article:modified_time\" content=\"2026-02-21T22:09:08+00:00\" \/>\n<meta property=\"og:image\" content=\"https:\/\/agribiotunisie.com\/wp-content\/uploads\/2025\/07\/6874c2b204687-1752482482.jpg\" \/>\n\t<meta property=\"og:image:width\" content=\"768\" \/>\n\t<meta property=\"og:image:height\" content=\"768\" \/>\n\t<meta property=\"og:image:type\" content=\"image\/jpeg\" \/>\n<meta name=\"twitter:card\" content=\"summary_large_image\" \/>\n<meta name=\"twitter:label1\" content=\"Dur\u00e9e de lecture estim\u00e9e\" \/>\n\t<meta name=\"twitter:data1\" content=\"3 minutes\" \/>\n<script type=\"application\/ld+json\" class=\"yoast-schema-graph\">{\"@context\":\"https:\/\/schema.org\",\"@graph\":[{\"@type\":\"WebPage\",\"@id\":\"https:\/\/agribiotunisie.com\/index.php\/produit\/borken-biostimulant-tunisie\/\",\"url\":\"https:\/\/agribiotunisie.com\/index.php\/produit\/borken-biostimulant-tunisie\/\",\"name\":\"Borken engrais biostimulant tunisie\",\"isPartOf\":{\"@id\":\"https:\/\/agribiotunisie.com\/#website\"},\"primaryImageOfPage\":{\"@id\":\"https:\/\/agribiotunisie.com\/index.php\/produit\/borken-biostimulant-tunisie\/#primaryimage\"},\"image\":{\"@id\":\"https:\/\/agribiotunisie.com\/index.php\/produit\/borken-biostimulant-tunisie\/#primaryimage\"},\"thumbnailUrl\":\"https:\/\/agribiotunisie.com\/wp-content\/uploads\/2025\/07\/6874c2b204687-1752482482.jpg\",\"datePublished\":\"2023-04-21T14:27:55+00:00\",\"dateModified\":\"2026-02-21T22:09:08+00:00\",\"description\":\"Borken est un biostimulant en Tunisie qui favorise la croissance racinaire, am\u00e9liore l\u2019absorption des nutriments et renforce les plantes.\",\"breadcrumb\":{\"@id\":\"https:\/\/agribiotunisie.com\/index.php\/produit\/borken-biostimulant-tunisie\/#breadcrumb\"},\"inLanguage\":\"fr-FR\",\"potentialAction\":[{\"@type\":\"ReadAction\",\"target\":[\"https:\/\/agribiotunisie.com\/index.php\/produit\/borken-biostimulant-tunisie\/\"]}]},{\"@type\":\"ImageObject\",\"inLanguage\":\"fr-FR\",\"@id\":\"https:\/\/agribiotunisie.com\/index.php\/produit\/borken-biostimulant-tunisie\/#primaryimage\",\"url\":\"https:\/\/agribiotunisie.com\/wp-content\/uploads\/2025\/07\/6874c2b204687-1752482482.jpg\",\"contentUrl\":\"https:\/\/agribiotunisie.com\/wp-content\/uploads\/2025\/07\/6874c2b204687-1752482482.jpg\",\"width\":768,\"height\":768},{\"@type\":\"BreadcrumbList\",\"@id\":\"https:\/\/agribiotunisie.com\/index.php\/produit\/borken-biostimulant-tunisie\/#breadcrumb\",\"itemListElement\":[{\"@type\":\"ListItem\",\"position\":1,\"name\":\"Accueil\",\"item\":\"https:\/\/agribiotunisie.com\/\"},{\"@type\":\"ListItem\",\"position\":2,\"name\":\"Shop\",\"item\":\"https:\/\/agribiotunisie.com\/index.php\/shop-ecommerce-v1\/\"},{\"@type\":\"ListItem\",\"position\":3,\"name\":\"Borken &#8211; \u0628\u0631\u0643\u0627\u0646 Biostimulant &#8211; (\u062f\u0648\u0627\u0621 \u0627\u0644\u0639\u0631\u06a8)\u0645\u0646\u0634\u0637 \u062d\u064a\u0648\u064a\"}]},{\"@type\":\"WebSite\",\"@id\":\"https:\/\/agribiotunisie.com\/#website\",\"url\":\"https:\/\/agribiotunisie.com\/\",\"name\":\"https:\/\/agribiotunisie.com\/\",\"description\":\"\",\"potentialAction\":[{\"@type\":\"SearchAction\",\"target\":{\"@type\":\"EntryPoint\",\"urlTemplate\":\"https:\/\/agribiotunisie.com\/?s={search_term_string}\"},\"query-input\":{\"@type\":\"PropertyValueSpecification\",\"valueRequired\":true,\"valueName\":\"search_term_string\"}}],\"inLanguage\":\"fr-FR\"}]}<\/script>\n<!-- \/ Yoast SEO plugin. -->","yoast_head_json":{"title":"Borken engrais biostimulant tunisie","description":"Borken est un biostimulant en Tunisie qui favorise la croissance racinaire, am\u00e9liore l\u2019absorption des nutriments et renforce les plantes.","robots":{"index":"index","follow":"follow","max-snippet":"max-snippet:-1","max-image-preview":"max-image-preview:large","max-video-preview":"max-video-preview:-1"},"canonical":"https:\/\/agribiotunisie.com\/index.php\/produit\/borken-biostimulant-tunisie\/","og_locale":"fr_FR","og_type":"article","og_title":"Borken engrais biostimulant tunisie","og_description":"Borken est un biostimulant en Tunisie qui favorise la croissance racinaire, am\u00e9liore l\u2019absorption des nutriments et renforce les plantes.","og_url":"https:\/\/agribiotunisie.com\/index.php\/produit\/borken-biostimulant-tunisie\/","og_site_name":"https:\/\/agribiotunisie.com\/","article_modified_time":"2026-02-21T22:09:08+00:00","og_image":[{"width":768,"height":768,"url":"https:\/\/agribiotunisie.com\/wp-content\/uploads\/2025\/07\/6874c2b204687-1752482482.jpg","type":"image\/jpeg"}],"twitter_card":"summary_large_image","twitter_misc":{"Dur\u00e9e de lecture estim\u00e9e":"3 minutes"},"schema":{"@context":"https:\/\/schema.org","@graph":[{"@type":"WebPage","@id":"https:\/\/agribiotunisie.com\/index.php\/produit\/borken-biostimulant-tunisie\/","url":"https:\/\/agribiotunisie.com\/index.php\/produit\/borken-biostimulant-tunisie\/","name":"Borken engrais biostimulant tunisie","isPartOf":{"@id":"https:\/\/agribiotunisie.com\/#website"},"primaryImageOfPage":{"@id":"https:\/\/agribiotunisie.com\/index.php\/produit\/borken-biostimulant-tunisie\/#primaryimage"},"image":{"@id":"https:\/\/agribiotunisie.com\/index.php\/produit\/borken-biostimulant-tunisie\/#primaryimage"},"thumbnailUrl":"https:\/\/agribiotunisie.com\/wp-content\/uploads\/2025\/07\/6874c2b204687-1752482482.jpg","datePublished":"2023-04-21T14:27:55+00:00","dateModified":"2026-02-21T22:09:08+00:00","description":"Borken est un biostimulant en Tunisie qui favorise la croissance racinaire, am\u00e9liore l\u2019absorption des nutriments et renforce les plantes.","breadcrumb":{"@id":"https:\/\/agribiotunisie.com\/index.php\/produit\/borken-biostimulant-tunisie\/#breadcrumb"},"inLanguage":"fr-FR","potentialAction":[{"@type":"ReadAction","target":["https:\/\/agribiotunisie.com\/index.php\/produit\/borken-biostimulant-tunisie\/"]}]},{"@type":"ImageObject","inLanguage":"fr-FR","@id":"https:\/\/agribiotunisie.com\/index.php\/produit\/borken-biostimulant-tunisie\/#primaryimage","url":"https:\/\/agribiotunisie.com\/wp-content\/uploads\/2025\/07\/6874c2b204687-1752482482.jpg","contentUrl":"https:\/\/agribiotunisie.com\/wp-content\/uploads\/2025\/07\/6874c2b204687-1752482482.jpg","width":768,"height":768},{"@type":"BreadcrumbList","@id":"https:\/\/agribiotunisie.com\/index.php\/produit\/borken-biostimulant-tunisie\/#breadcrumb","itemListElement":[{"@type":"ListItem","position":1,"name":"Accueil","item":"https:\/\/agribiotunisie.com\/"},{"@type":"ListItem","position":2,"name":"Shop","item":"https:\/\/agribiotunisie.com\/index.php\/shop-ecommerce-v1\/"},{"@type":"ListItem","position":3,"name":"Borken &#8211; \u0628\u0631\u0643\u0627\u0646 Biostimulant &#8211; (\u062f\u0648\u0627\u0621 \u0627\u0644\u0639\u0631\u06a8)\u0645\u0646\u0634\u0637 \u062d\u064a\u0648\u064a"}]},{"@type":"WebSite","@id":"https:\/\/agribiotunisie.com\/#website","url":"https:\/\/agribiotunisie.com\/","name":"https:\/\/agribiotunisie.com\/","description":"","potentialAction":[{"@type":"SearchAction","target":{"@type":"EntryPoint","urlTemplate":"https:\/\/agribiotunisie.com\/?s={search_term_string}"},"query-input":{"@type":"PropertyValueSpecification","valueRequired":true,"valueName":"search_term_string"}}],"inLanguage":"fr-FR"}]}},"tiered_pricing_type":"fixed","tiered_pricing_fixed_rules":{"2":49},"tiered_pricing_product_settings":{"layout":"default","base_unit_name":{"singular":null,"plural":null},"default_variation":null},"tiered_pricing_minimum_quantity":null,"tiered_pricing_roles_data":[],"tiered_pricing_percentage_rules":[],"tiered_pricing_maximum_quantity":null,"tiered_pricing_quantity_step":null,"_links":{"self":[{"href":"https:\/\/agribiotunisie.com\/index.php\/wp-json\/wp\/v2\/product\/169","targetHints":{"allow":["GET"]}}],"collection":[{"href":"https:\/\/agribiotunisie.com\/index.php\/wp-json\/wp\/v2\/product"}],"about":[{"href":"https:\/\/agribiotunisie.com\/index.php\/wp-json\/wp\/v2\/types\/product"}],"replies":[{"embeddable":true,"href":"https:\/\/agribiotunisie.com\/index.php\/wp-json\/wp\/v2\/comments?post=169"}],"version-history":[{"count":92,"href":"https:\/\/agribiotunisie.com\/index.php\/wp-json\/wp\/v2\/product\/169\/revisions"}],"predecessor-version":[{"id":3602,"href":"https:\/\/agribiotunisie.com\/index.php\/wp-json\/wp\/v2\/product\/169\/revisions\/3602"}],"wp:featuredmedia":[{"embeddable":true,"href":"https:\/\/agribiotunisie.com\/index.php\/wp-json\/wp\/v2\/media\/2351"}],"wp:attachment":[{"href":"https:\/\/agribiotunisie.com\/index.php\/wp-json\/wp\/v2\/media?parent=169"}],"wp:term":[{"taxonomy":"product_brand","embeddable":true,"href":"https:\/\/agribiotunisie.com\/index.php\/wp-json\/wp\/v2\/product_brand?post=169"},{"taxonomy":"product_cat","embeddable":true,"href":"https:\/\/agribiotunisie.com\/index.php\/wp-json\/wp\/v2\/product_cat?post=169"},{"taxonomy":"product_tag","embeddable":true,"href":"https:\/\/agribiotunisie.com\/index.php\/wp-json\/wp\/v2\/product_tag?post=169"}],"curies":[{"name":"wp","href":"https:\/\/api.w.org\/{rel}","templated":true}]}}