{"id":1741,"date":"2025-05-27T18:40:09","date_gmt":"2025-05-27T16:40:09","guid":{"rendered":"https:\/\/agribiotunisie.com\/index.php\/produit\/kit-tuyau-darrosage-25-m-16mm-vert\/"},"modified":"2026-02-15T21:58:49","modified_gmt":"2026-02-15T20:58:49","slug":"kit-tuyau-darrosage-25-m-16mm-vert","status":"publish","type":"product","link":"https:\/\/agribiotunisie.com\/index.php\/produit\/kit-tuyau-darrosage-25-m-16mm-vert\/","title":{"rendered":"Kit tuyau d&rsquo;arrosage 25 M 16mm &#8211; VERT"},"content":{"rendered":"<p><strong>Kit d&rsquo;Arrosage Complet \ud83c\udf3f\ud83d\udca6<\/strong><\/p>\n<p>Optez pour notre kit d&rsquo;arrosage id\u00e9al pour entretenir votre jardin ! Ce kit comprend tout ce dont vous avez besoin pour un arrosage efficace et polyvalent :<\/p>\n<h3><strong>Caract\u00e9ristiques du Kit :<\/strong><\/h3>\n<ol>\n<li><strong>Tuyau de 25 M\u00e8tres \ud83e\uddd1\u200d\ud83c\udf3e :<\/strong><\/li>\n<\/ol>\n<ul>\n<li>Longueur de 25 m\u00e8tres, parfait pour les jardins jusqu&rsquo;\u00e0 500 m\u00b2.<\/li>\n<li>Diam\u00e8tre de 16 mm avec une construction en PVC anti-UV, r\u00e9sistant aux intemp\u00e9ries et offrant une flexibilit\u00e9 optimale.<\/li>\n<li>R\u00e9sistance aux temp\u00e9ratures extr\u00eames : de -10\u00b0C \u00e0 +50\u00b0C.<\/li>\n<\/ul>\n<ol>\n<li><strong>Accessoires Inclus \ud83d\udd27 :<\/strong><\/li>\n<\/ol>\n<ul>\n<li><strong>Raccords Complet :<\/strong> Comprend un arroseur, un coupleur de robinet, un coupleur rapide et un coupleur rapide en alliage pour une fixation facile et s\u00e9curis\u00e9e.<\/li>\n<li><strong>Arroseur \u00e0 Jet R\u00e9glable \ud83d\udebf :<\/strong> Id\u00e9al pour ajuster la pression selon vos besoins, que ce soit pour arroser vos plantes, nettoyer votre voiture ou laver vos tapis.<\/li>\n<li><strong>Compatibilit\u00e9 :<\/strong> Les raccords sont adapt\u00e9s pour un tuyau d&rsquo;arrosage de 1\/2&Prime;, et l\u2019adaptateur de robinet convient aux robinets filet\u00e9s m\u00e2les de 1\/2&Prime; ou 3\/4&Prime;.<\/li>\n<\/ul>\n<p>Profitez d&rsquo;un arrosage pratique et sans effort avec ce kit d&rsquo;arrosage complet, parfait pour toutes vos t\u00e2ches ext\u00e9rieures ! \ud83c\udf38\ud83d\ude97\u2728<\/p>\n","protected":false},"excerpt":{"rendered":"<p><strong>Kit d&rsquo;Arrosage Complet \ud83c\udf3f\ud83d\udca6<\/strong><\/p>\n<p>Optez pour notre kit d&rsquo;arrosage id\u00e9al pour entretenir votre jardin ! Ce kit comprend tout ce dont vous avez besoin pour un arrosage efficace et polyvalent :<\/p>\n<h3><strong>Caract\u00e9ristiques du Kit :<\/strong><\/h3>\n<ol>\n<li><strong>Tuyau de 25 M\u00e8tres \ud83e\uddd1\u200d\ud83c\udf3e :<\/strong><\/li>\n<\/ol>\n<ul>\n<li>Longueur de 25 m\u00e8tres, parfait pour les jardins jusqu&rsquo;\u00e0 500 m\u00b2.<\/li>\n<li>Diam\u00e8tre de 16 mm avec une construction en PVC anti-UV, r\u00e9sistant aux intemp\u00e9ries et offrant une flexibilit\u00e9 optimale.<\/li>\n<li>R\u00e9sistance aux temp\u00e9ratures extr\u00eames : de -10\u00b0C \u00e0 +50\u00b0C.<\/li>\n<\/ul>\n<ol>\n<li><strong>Accessoires Inclus \ud83d\udd27 :<\/strong><\/li>\n<\/ol>\n<ul>\n<li><strong>Raccords Complet :<\/strong> Comprend un arroseur, un coupleur de robinet, un coupleur rapide et un coupleur rapide en alliage pour une fixation facile et s\u00e9curis\u00e9e.<\/li>\n<li><strong>Arroseur \u00e0 Jet R\u00e9glable \ud83d\udebf :<\/strong> Id\u00e9al pour ajuster la pression selon vos besoins, que ce soit pour arroser vos plantes, nettoyer votre voiture ou laver vos tapis.<\/li>\n<li><strong>Compatibilit\u00e9 :<\/strong> Les raccords sont adapt\u00e9s pour un tuyau d&rsquo;arrosage de 1\/2&Prime;, et l\u2019adaptateur de robinet convient aux robinets filet\u00e9s m\u00e2les de 1\/2&Prime; ou 3\/4&Prime;.<\/li>\n<\/ul>\n<p>Profitez d&rsquo;un arrosage pratique et sans effort avec ce kit d&rsquo;arrosage complet, parfait pour toutes vos t\u00e2ches ext\u00e9rieures ! \ud83c\udf38\ud83d\ude97\u2728<\/p>\n","protected":false},"featured_media":1738,"comment_status":"open","ping_status":"closed","template":"","meta":[],"product_brand":[],"product_cat":[121],"product_tag":[306,307,308],"class_list":{"0":"post-1741","1":"product","2":"type-product","3":"status-publish","4":"has-post-thumbnail","6":"product_cat-agribio-materiels-agricole-tunisie","7":"product_tag-accessoires-arrosage-tunisie","8":"product_tag-kit-arrosage-25-m","9":"product_tag-tuyau-jardin-pvc","11":"first","12":"instock","13":"taxable","14":"shipping-taxable","15":"purchasable","16":"product-type-simple"},"yoast_head":"<!-- This site is optimized with the Yoast SEO plugin v27.0 - https:\/\/yoast.com\/product\/yoast-seo-wordpress\/ -->\n<title>Kit tuyau d&#039;arrosage 25 M 16mm - VERT - https:\/\/agribiotunisie.com\/<\/title>\n<meta name=\"robots\" content=\"index, follow, max-snippet:-1, max-image-preview:large, max-video-preview:-1\" \/>\n<link rel=\"canonical\" href=\"https:\/\/agribiotunisie.com\/index.php\/produit\/kit-tuyau-darrosage-25-m-16mm-vert\/\" \/>\n<meta property=\"og:locale\" content=\"fr_FR\" \/>\n<meta property=\"og:type\" content=\"article\" \/>\n<meta property=\"og:title\" content=\"Kit tuyau d&#039;arrosage 25 M 16mm - VERT - https:\/\/agribiotunisie.com\/\" \/>\n<meta property=\"og:description\" content=\"Kit d&#039;Arrosage Complet \ud83c\udf3f\ud83d\udca6  Optez pour notre kit d&#039;arrosage id\u00e9al pour entretenir votre jardin ! Ce kit comprend tout ce dont vous avez besoin pour un arrosage efficace et polyvalent : Caract\u00e9ristiques du Kit :   Tuyau de 25 M\u00e8tres \ud83e\uddd1\u200d\ud83c\udf3e :    Longueur de 25 m\u00e8tres, parfait pour les jardins jusqu&#039;\u00e0 500 m\u00b2.  Diam\u00e8tre de 16 mm avec une construction en PVC anti-UV, r\u00e9sistant aux intemp\u00e9ries et offrant une flexibilit\u00e9 optimale.  R\u00e9sistance aux temp\u00e9ratures extr\u00eames : de -10\u00b0C \u00e0 +50\u00b0C.    Accessoires Inclus \ud83d\udd27 :    Raccords Complet : Comprend un arroseur, un coupleur de robinet, un coupleur rapide et un coupleur rapide en alliage pour une fixation facile et s\u00e9curis\u00e9e.  Arroseur \u00e0 Jet R\u00e9glable \ud83d\udebf : Id\u00e9al pour ajuster la pression selon vos besoins, que ce soit pour arroser vos plantes, nettoyer votre voiture ou laver vos tapis.  Compatibilit\u00e9 : Les raccords sont adapt\u00e9s pour un tuyau d&#039;arrosage de 1\/2&quot;, et l\u2019adaptateur de robinet convient aux robinets filet\u00e9s m\u00e2les de 1\/2&quot; ou 3\/4&quot;.  Profitez d&#039;un arrosage pratique et sans effort avec ce kit d&#039;arrosage complet, parfait pour toutes vos t\u00e2ches ext\u00e9rieures ! \ud83c\udf38\ud83d\ude97\u2728\" \/>\n<meta property=\"og:url\" content=\"https:\/\/agribiotunisie.com\/index.php\/produit\/kit-tuyau-darrosage-25-m-16mm-vert\/\" \/>\n<meta property=\"og:site_name\" content=\"https:\/\/agribiotunisie.com\/\" \/>\n<meta property=\"article:modified_time\" content=\"2026-02-15T20:58:49+00:00\" \/>\n<meta property=\"og:image\" content=\"https:\/\/agribiotunisie.com\/wp-content\/uploads\/2025\/05\/66cf0b52bcd9c-1724844882.jpg\" \/>\n\t<meta property=\"og:image:width\" content=\"680\" \/>\n\t<meta property=\"og:image:height\" content=\"680\" \/>\n\t<meta property=\"og:image:type\" content=\"image\/jpeg\" \/>\n<meta name=\"twitter:card\" content=\"summary_large_image\" \/>\n<meta name=\"twitter:label1\" content=\"Dur\u00e9e de lecture estim\u00e9e\" \/>\n\t<meta name=\"twitter:data1\" content=\"2 minutes\" \/>\n<script type=\"application\/ld+json\" class=\"yoast-schema-graph\">{\"@context\":\"https:\/\/schema.org\",\"@graph\":[{\"@type\":\"WebPage\",\"@id\":\"https:\/\/agribiotunisie.com\/index.php\/produit\/kit-tuyau-darrosage-25-m-16mm-vert\/\",\"url\":\"https:\/\/agribiotunisie.com\/index.php\/produit\/kit-tuyau-darrosage-25-m-16mm-vert\/\",\"name\":\"Kit tuyau d'arrosage 25 M 16mm - VERT - https:\/\/agribiotunisie.com\/\",\"isPartOf\":{\"@id\":\"https:\/\/agribiotunisie.com\/#website\"},\"primaryImageOfPage\":{\"@id\":\"https:\/\/agribiotunisie.com\/index.php\/produit\/kit-tuyau-darrosage-25-m-16mm-vert\/#primaryimage\"},\"image\":{\"@id\":\"https:\/\/agribiotunisie.com\/index.php\/produit\/kit-tuyau-darrosage-25-m-16mm-vert\/#primaryimage\"},\"thumbnailUrl\":\"https:\/\/agribiotunisie.com\/wp-content\/uploads\/2025\/05\/66cf0b52bcd9c-1724844882.jpg\",\"datePublished\":\"2025-05-27T16:40:09+00:00\",\"dateModified\":\"2026-02-15T20:58:49+00:00\",\"breadcrumb\":{\"@id\":\"https:\/\/agribiotunisie.com\/index.php\/produit\/kit-tuyau-darrosage-25-m-16mm-vert\/#breadcrumb\"},\"inLanguage\":\"fr-FR\",\"potentialAction\":[{\"@type\":\"ReadAction\",\"target\":[\"https:\/\/agribiotunisie.com\/index.php\/produit\/kit-tuyau-darrosage-25-m-16mm-vert\/\"]}]},{\"@type\":\"ImageObject\",\"inLanguage\":\"fr-FR\",\"@id\":\"https:\/\/agribiotunisie.com\/index.php\/produit\/kit-tuyau-darrosage-25-m-16mm-vert\/#primaryimage\",\"url\":\"https:\/\/agribiotunisie.com\/wp-content\/uploads\/2025\/05\/66cf0b52bcd9c-1724844882.jpg\",\"contentUrl\":\"https:\/\/agribiotunisie.com\/wp-content\/uploads\/2025\/05\/66cf0b52bcd9c-1724844882.jpg\",\"width\":680,\"height\":680},{\"@type\":\"BreadcrumbList\",\"@id\":\"https:\/\/agribiotunisie.com\/index.php\/produit\/kit-tuyau-darrosage-25-m-16mm-vert\/#breadcrumb\",\"itemListElement\":[{\"@type\":\"ListItem\",\"position\":1,\"name\":\"Accueil\",\"item\":\"https:\/\/agribiotunisie.com\/\"},{\"@type\":\"ListItem\",\"position\":2,\"name\":\"Shop\",\"item\":\"https:\/\/agribiotunisie.com\/index.php\/shop-ecommerce-v1\/\"},{\"@type\":\"ListItem\",\"position\":3,\"name\":\"Kit tuyau d&rsquo;arrosage 25 M 16mm &#8211; VERT\"}]},{\"@type\":\"WebSite\",\"@id\":\"https:\/\/agribiotunisie.com\/#website\",\"url\":\"https:\/\/agribiotunisie.com\/\",\"name\":\"https:\/\/agribiotunisie.com\/\",\"description\":\"\",\"potentialAction\":[{\"@type\":\"SearchAction\",\"target\":{\"@type\":\"EntryPoint\",\"urlTemplate\":\"https:\/\/agribiotunisie.com\/?s={search_term_string}\"},\"query-input\":{\"@type\":\"PropertyValueSpecification\",\"valueRequired\":true,\"valueName\":\"search_term_string\"}}],\"inLanguage\":\"fr-FR\"}]}<\/script>\n<!-- \/ Yoast SEO plugin. -->","yoast_head_json":{"title":"Kit tuyau d'arrosage 25 M 16mm - VERT - https:\/\/agribiotunisie.com\/","robots":{"index":"index","follow":"follow","max-snippet":"max-snippet:-1","max-image-preview":"max-image-preview:large","max-video-preview":"max-video-preview:-1"},"canonical":"https:\/\/agribiotunisie.com\/index.php\/produit\/kit-tuyau-darrosage-25-m-16mm-vert\/","og_locale":"fr_FR","og_type":"article","og_title":"Kit tuyau d'arrosage 25 M 16mm - VERT - https:\/\/agribiotunisie.com\/","og_description":"Kit d'Arrosage Complet \ud83c\udf3f\ud83d\udca6  Optez pour notre kit d'arrosage id\u00e9al pour entretenir votre jardin ! Ce kit comprend tout ce dont vous avez besoin pour un arrosage efficace et polyvalent : Caract\u00e9ristiques du Kit :   Tuyau de 25 M\u00e8tres \ud83e\uddd1\u200d\ud83c\udf3e :    Longueur de 25 m\u00e8tres, parfait pour les jardins jusqu'\u00e0 500 m\u00b2.  Diam\u00e8tre de 16 mm avec une construction en PVC anti-UV, r\u00e9sistant aux intemp\u00e9ries et offrant une flexibilit\u00e9 optimale.  R\u00e9sistance aux temp\u00e9ratures extr\u00eames : de -10\u00b0C \u00e0 +50\u00b0C.    Accessoires Inclus \ud83d\udd27 :    Raccords Complet : Comprend un arroseur, un coupleur de robinet, un coupleur rapide et un coupleur rapide en alliage pour une fixation facile et s\u00e9curis\u00e9e.  Arroseur \u00e0 Jet R\u00e9glable \ud83d\udebf : Id\u00e9al pour ajuster la pression selon vos besoins, que ce soit pour arroser vos plantes, nettoyer votre voiture ou laver vos tapis.  Compatibilit\u00e9 : Les raccords sont adapt\u00e9s pour un tuyau d'arrosage de 1\/2\", et l\u2019adaptateur de robinet convient aux robinets filet\u00e9s m\u00e2les de 1\/2\" ou 3\/4\".  Profitez d'un arrosage pratique et sans effort avec ce kit d'arrosage complet, parfait pour toutes vos t\u00e2ches ext\u00e9rieures ! \ud83c\udf38\ud83d\ude97\u2728","og_url":"https:\/\/agribiotunisie.com\/index.php\/produit\/kit-tuyau-darrosage-25-m-16mm-vert\/","og_site_name":"https:\/\/agribiotunisie.com\/","article_modified_time":"2026-02-15T20:58:49+00:00","og_image":[{"width":680,"height":680,"url":"https:\/\/agribiotunisie.com\/wp-content\/uploads\/2025\/05\/66cf0b52bcd9c-1724844882.jpg","type":"image\/jpeg"}],"twitter_card":"summary_large_image","twitter_misc":{"Dur\u00e9e de lecture estim\u00e9e":"2 minutes"},"schema":{"@context":"https:\/\/schema.org","@graph":[{"@type":"WebPage","@id":"https:\/\/agribiotunisie.com\/index.php\/produit\/kit-tuyau-darrosage-25-m-16mm-vert\/","url":"https:\/\/agribiotunisie.com\/index.php\/produit\/kit-tuyau-darrosage-25-m-16mm-vert\/","name":"Kit tuyau d'arrosage 25 M 16mm - VERT - https:\/\/agribiotunisie.com\/","isPartOf":{"@id":"https:\/\/agribiotunisie.com\/#website"},"primaryImageOfPage":{"@id":"https:\/\/agribiotunisie.com\/index.php\/produit\/kit-tuyau-darrosage-25-m-16mm-vert\/#primaryimage"},"image":{"@id":"https:\/\/agribiotunisie.com\/index.php\/produit\/kit-tuyau-darrosage-25-m-16mm-vert\/#primaryimage"},"thumbnailUrl":"https:\/\/agribiotunisie.com\/wp-content\/uploads\/2025\/05\/66cf0b52bcd9c-1724844882.jpg","datePublished":"2025-05-27T16:40:09+00:00","dateModified":"2026-02-15T20:58:49+00:00","breadcrumb":{"@id":"https:\/\/agribiotunisie.com\/index.php\/produit\/kit-tuyau-darrosage-25-m-16mm-vert\/#breadcrumb"},"inLanguage":"fr-FR","potentialAction":[{"@type":"ReadAction","target":["https:\/\/agribiotunisie.com\/index.php\/produit\/kit-tuyau-darrosage-25-m-16mm-vert\/"]}]},{"@type":"ImageObject","inLanguage":"fr-FR","@id":"https:\/\/agribiotunisie.com\/index.php\/produit\/kit-tuyau-darrosage-25-m-16mm-vert\/#primaryimage","url":"https:\/\/agribiotunisie.com\/wp-content\/uploads\/2025\/05\/66cf0b52bcd9c-1724844882.jpg","contentUrl":"https:\/\/agribiotunisie.com\/wp-content\/uploads\/2025\/05\/66cf0b52bcd9c-1724844882.jpg","width":680,"height":680},{"@type":"BreadcrumbList","@id":"https:\/\/agribiotunisie.com\/index.php\/produit\/kit-tuyau-darrosage-25-m-16mm-vert\/#breadcrumb","itemListElement":[{"@type":"ListItem","position":1,"name":"Accueil","item":"https:\/\/agribiotunisie.com\/"},{"@type":"ListItem","position":2,"name":"Shop","item":"https:\/\/agribiotunisie.com\/index.php\/shop-ecommerce-v1\/"},{"@type":"ListItem","position":3,"name":"Kit tuyau d&rsquo;arrosage 25 M 16mm &#8211; VERT"}]},{"@type":"WebSite","@id":"https:\/\/agribiotunisie.com\/#website","url":"https:\/\/agribiotunisie.com\/","name":"https:\/\/agribiotunisie.com\/","description":"","potentialAction":[{"@type":"SearchAction","target":{"@type":"EntryPoint","urlTemplate":"https:\/\/agribiotunisie.com\/?s={search_term_string}"},"query-input":{"@type":"PropertyValueSpecification","valueRequired":true,"valueName":"search_term_string"}}],"inLanguage":"fr-FR"}]}},"tiered_pricing_type":"fixed","tiered_pricing_fixed_rules":[],"tiered_pricing_product_settings":{"layout":"default","base_unit_name":{"singular":null,"plural":null},"default_variation":null},"tiered_pricing_minimum_quantity":null,"tiered_pricing_roles_data":[],"tiered_pricing_percentage_rules":[],"tiered_pricing_maximum_quantity":null,"tiered_pricing_quantity_step":null,"_links":{"self":[{"href":"https:\/\/agribiotunisie.com\/index.php\/wp-json\/wp\/v2\/product\/1741","targetHints":{"allow":["GET"]}}],"collection":[{"href":"https:\/\/agribiotunisie.com\/index.php\/wp-json\/wp\/v2\/product"}],"about":[{"href":"https:\/\/agribiotunisie.com\/index.php\/wp-json\/wp\/v2\/types\/product"}],"replies":[{"embeddable":true,"href":"https:\/\/agribiotunisie.com\/index.php\/wp-json\/wp\/v2\/comments?post=1741"}],"version-history":[{"count":1,"href":"https:\/\/agribiotunisie.com\/index.php\/wp-json\/wp\/v2\/product\/1741\/revisions"}],"predecessor-version":[{"id":1894,"href":"https:\/\/agribiotunisie.com\/index.php\/wp-json\/wp\/v2\/product\/1741\/revisions\/1894"}],"wp:featuredmedia":[{"embeddable":true,"href":"https:\/\/agribiotunisie.com\/index.php\/wp-json\/wp\/v2\/media\/1738"}],"wp:attachment":[{"href":"https:\/\/agribiotunisie.com\/index.php\/wp-json\/wp\/v2\/media?parent=1741"}],"wp:term":[{"taxonomy":"product_brand","embeddable":true,"href":"https:\/\/agribiotunisie.com\/index.php\/wp-json\/wp\/v2\/product_brand?post=1741"},{"taxonomy":"product_cat","embeddable":true,"href":"https:\/\/agribiotunisie.com\/index.php\/wp-json\/wp\/v2\/product_cat?post=1741"},{"taxonomy":"product_tag","embeddable":true,"href":"https:\/\/agribiotunisie.com\/index.php\/wp-json\/wp\/v2\/product_tag?post=1741"}],"curies":[{"name":"wp","href":"https:\/\/api.w.org\/{rel}","templated":true}]}}