{"id":1932,"date":"2025-05-29T14:16:04","date_gmt":"2025-05-29T12:16:04","guid":{"rendered":"https:\/\/agribiotunisie.com\/?post_type=product&#038;p=1932"},"modified":"2025-06-02T12:22:30","modified_gmt":"2025-06-02T10:22:30","slug":"borken-engrais-biostimulant-copie","status":"publish","type":"product","link":"https:\/\/agribiotunisie.com\/index.php\/produit\/borken-engrais-biostimulant-copie\/","title":{"rendered":"N-ERGY (acide amin\u00e9)"},"content":{"rendered":"<p>N-ERGY contient un complexe unique de 5 acides amin\u00e9s qui am\u00e9liore l\u2019activit\u00e9 m\u00e9tabolique des plantes. Am\u00e9liore la croissance des racines, augmente la pression osmotique des plantes, r\u00e9duit le stress des plantes et active le processus de m\u00e9tabolisme de l&rsquo;azote et l&rsquo;intensit\u00e9 de la photosynth\u00e8se. L&rsquo;extrait d&rsquo;algues active l&rsquo;efficacit\u00e9 de chaque acide amin\u00e9, stimulant ainsi davantage la croissance des racines des plantes et des parties a\u00e9riennes, le m\u00e9tabolisme des nutriments, la photosynth\u00e8se et la r\u00e9sistance au stress d\u00fb \u00e0 l&rsquo;utilisation de pesticides ou \u00e0 des facteurs environnementaux d\u00e9favorables (manque d&rsquo;humidit\u00e9). L\u2019utilisation de N-ERGY avec des herbicides \u00e9vite tout effet n\u00e9gatif, m\u00eame \u00e0 court terme, sur les plantes, tout en prot\u00e9geant contre les effets n\u00e9gatifs des facteurs environnementaux.<\/p>\n<p>RECOMMANDATIONS D&rsquo;UTILISATION<\/p>\n<ul>\n<li>Concentration maximale \u2013 1,0 %.<\/li>\n<li>Colza : 2 fois, en commen\u00e7ant au stade 2-3 feuilles jusqu&rsquo;au stade cotyl\u00e9don (BBCH 12-19), la deuxi\u00e8me fois est pulv\u00e9ris\u00e9e \u00e0 partir de l&rsquo;\u00e9longation de la tige jusqu&rsquo;au stade bouton vert (BBCH 31-53), le taux est de 1 l\/ha.<\/li>\n<li>C\u00e9r\u00e9ales, autres plantes : 3 fois, la premi\u00e8re fois de la germination jusqu&rsquo;\u00e0 la fin du buisson (BBCH 0-29), la deuxi\u00e8me fois du premier au deuxi\u00e8me stade de talle (BBCH 30-32), la troisi\u00e8me fois du d\u00e9ploiement de la feuille \u00e9tendard jusqu&rsquo;\u00e0 la floraison (BBCH 39-61), dose &#8211; 1 l\/ha.<\/li>\n<li>Pois, haricots : 1 \u00e0 2 pulv\u00e9risations \u00e0 partir du stade 5 \u00e0 6 feuilles jusqu&rsquo;au d\u00e9but de la floraison, dose \u2013 1 l\/ha.<\/li>\n<li>Ma\u00efs : 1 \u00e0 2 fois, au stade 4 \u00e0 6 feuilles et au stade 8 \u00e0 12 feuilles, dose \u2013 1 l\/ha.<\/li>\n<li>Betteraves sucri\u00e8res : fertilis\u00e9es tout au long du cycle \u00e0 partir du stade 6 feuilles (BBCH 16) \u00e0 chaque pulv\u00e9risation de produits phytosanitaires ou d&rsquo;engrais, dose &#8211; 1 l\/ha.<\/li>\n<li>Pommes de terre : 3 \u00e0 4 pulv\u00e9risations pendant le cycle lorsque les tubercules commencent \u00e0 pousser (BBCH 45), dose \u2013 1 l\/ha.<\/li>\n<li>Peut \u00eatre m\u00e9lang\u00e9 avec de nombreux produits phytosanitaires (il est recommand\u00e9 de tester dans une petite quantit\u00e9 d&rsquo;eau avant de m\u00e9langer)<\/li>\n<\/ul>\n","protected":false},"excerpt":{"rendered":"<p>N-ERGY BLOOM est un produit biostimulant pour application foliaire.<br \/>\nN-ERGY BLOOM am\u00e9liore :<br \/>\n\/ LE NOMBRE DE FLEURS, LA FERTILISATION ET LA QUALIT\u00c9 DU POLLEN<br \/>\n&gt; S\u00e9curise la fertilisation et la qualit\u00e9 du pollen<br \/>\n&gt; Assure une meilleure pollinisation<br \/>\n&gt; Pleine floraison<br \/>\n\/ FLORAISON HOMOG\u00c8NE ET REMPLISSAGE DES GRAINS Synth\u00e8se de polyamines et migration des nutriments<br \/>\n\/ MAINTIEN DES FONCTIONS DE PRODUCTION M\u00caME EN SITUATION DE STRESS<br \/>\nN-ERGY BLOOM con\u00e7oit des traitements \u00e0 base de plantes pour la floraison et le remplissage des grains afin d&rsquo;am\u00e9liorer le rendement et la teneur en huile.<\/p>\n","protected":false},"featured_media":1943,"comment_status":"open","ping_status":"closed","template":"","meta":[],"product_brand":[],"product_cat":[107],"product_tag":[242,243,223],"class_list":{"0":"post-1932","1":"product","2":"type-product","3":"status-publish","4":"has-post-thumbnail","6":"product_cat-agribio-engrais-biologique-et-biopesticide-tunisie","7":"product_tag-acides-amines","8":"product_tag-biostimulant-plantes","9":"product_tag-engrais-biologique","10":"product_shipping_class-livraison-payante","12":"first","13":"instock","14":"sale","15":"featured","16":"taxable","17":"shipping-taxable","18":"purchasable","19":"product-type-simple"},"yoast_head":"<!-- This site is optimized with the Yoast SEO plugin v27.0 - https:\/\/yoast.com\/product\/yoast-seo-wordpress\/ -->\n<title>Borken engrais biostimulant tunisie<\/title>\n<meta name=\"description\" content=\"Borken est un engrais biostimulant en Tunisie qui favorise la croissance racinaire, am\u00e9liore l\u2019absorption des nutriments et renforce les plantes.\" \/>\n<meta name=\"robots\" content=\"index, follow, max-snippet:-1, max-image-preview:large, max-video-preview:-1\" \/>\n<link rel=\"canonical\" href=\"https:\/\/agribiotunisie.com\/index.php\/produit\/borken-engrais-biostimulant-copie\/\" \/>\n<meta property=\"og:locale\" content=\"fr_FR\" \/>\n<meta property=\"og:type\" content=\"article\" \/>\n<meta property=\"og:title\" content=\"Borken engrais biostimulant tunisie\" \/>\n<meta property=\"og:description\" content=\"Borken est un engrais biostimulant en Tunisie qui favorise la croissance racinaire, am\u00e9liore l\u2019absorption des nutriments et renforce les plantes.\" \/>\n<meta property=\"og:url\" content=\"https:\/\/agribiotunisie.com\/index.php\/produit\/borken-engrais-biostimulant-copie\/\" \/>\n<meta property=\"og:site_name\" content=\"https:\/\/agribiotunisie.com\/\" \/>\n<meta property=\"article:modified_time\" content=\"2025-06-02T10:22:30+00:00\" \/>\n<meta property=\"og:image\" content=\"https:\/\/agribiotunisie.com\/wp-content\/uploads\/2025\/05\/N-energy-acide-amine-biostimulant-tunisie.jpg\" \/>\n\t<meta property=\"og:image:width\" content=\"1200\" \/>\n\t<meta property=\"og:image:height\" content=\"1200\" \/>\n\t<meta property=\"og:image:type\" content=\"image\/jpeg\" \/>\n<meta name=\"twitter:card\" content=\"summary_large_image\" \/>\n<meta name=\"twitter:label1\" content=\"Dur\u00e9e de lecture estim\u00e9e\" \/>\n\t<meta name=\"twitter:data1\" content=\"2 minutes\" \/>\n<script type=\"application\/ld+json\" class=\"yoast-schema-graph\">{\"@context\":\"https:\/\/schema.org\",\"@graph\":[{\"@type\":\"WebPage\",\"@id\":\"https:\/\/agribiotunisie.com\/index.php\/produit\/borken-engrais-biostimulant-copie\/\",\"url\":\"https:\/\/agribiotunisie.com\/index.php\/produit\/borken-engrais-biostimulant-copie\/\",\"name\":\"Borken engrais biostimulant tunisie\",\"isPartOf\":{\"@id\":\"https:\/\/agribiotunisie.com\/#website\"},\"primaryImageOfPage\":{\"@id\":\"https:\/\/agribiotunisie.com\/index.php\/produit\/borken-engrais-biostimulant-copie\/#primaryimage\"},\"image\":{\"@id\":\"https:\/\/agribiotunisie.com\/index.php\/produit\/borken-engrais-biostimulant-copie\/#primaryimage\"},\"thumbnailUrl\":\"https:\/\/agribiotunisie.com\/wp-content\/uploads\/2025\/05\/N-energy-acide-amine-biostimulant-tunisie.jpg\",\"datePublished\":\"2025-05-29T12:16:04+00:00\",\"dateModified\":\"2025-06-02T10:22:30+00:00\",\"description\":\"Borken est un engrais biostimulant en Tunisie qui favorise la croissance racinaire, am\u00e9liore l\u2019absorption des nutriments et renforce les plantes.\",\"breadcrumb\":{\"@id\":\"https:\/\/agribiotunisie.com\/index.php\/produit\/borken-engrais-biostimulant-copie\/#breadcrumb\"},\"inLanguage\":\"fr-FR\",\"potentialAction\":[{\"@type\":\"ReadAction\",\"target\":[\"https:\/\/agribiotunisie.com\/index.php\/produit\/borken-engrais-biostimulant-copie\/\"]}]},{\"@type\":\"ImageObject\",\"inLanguage\":\"fr-FR\",\"@id\":\"https:\/\/agribiotunisie.com\/index.php\/produit\/borken-engrais-biostimulant-copie\/#primaryimage\",\"url\":\"https:\/\/agribiotunisie.com\/wp-content\/uploads\/2025\/05\/N-energy-acide-amine-biostimulant-tunisie.jpg\",\"contentUrl\":\"https:\/\/agribiotunisie.com\/wp-content\/uploads\/2025\/05\/N-energy-acide-amine-biostimulant-tunisie.jpg\",\"width\":1200,\"height\":1200},{\"@type\":\"BreadcrumbList\",\"@id\":\"https:\/\/agribiotunisie.com\/index.php\/produit\/borken-engrais-biostimulant-copie\/#breadcrumb\",\"itemListElement\":[{\"@type\":\"ListItem\",\"position\":1,\"name\":\"Accueil\",\"item\":\"https:\/\/agribiotunisie.com\/\"},{\"@type\":\"ListItem\",\"position\":2,\"name\":\"Shop\",\"item\":\"https:\/\/agribiotunisie.com\/index.php\/shop-ecommerce-v1\/\"},{\"@type\":\"ListItem\",\"position\":3,\"name\":\"N-ERGY (acide amin\u00e9)\"}]},{\"@type\":\"WebSite\",\"@id\":\"https:\/\/agribiotunisie.com\/#website\",\"url\":\"https:\/\/agribiotunisie.com\/\",\"name\":\"https:\/\/agribiotunisie.com\/\",\"description\":\"\",\"potentialAction\":[{\"@type\":\"SearchAction\",\"target\":{\"@type\":\"EntryPoint\",\"urlTemplate\":\"https:\/\/agribiotunisie.com\/?s={search_term_string}\"},\"query-input\":{\"@type\":\"PropertyValueSpecification\",\"valueRequired\":true,\"valueName\":\"search_term_string\"}}],\"inLanguage\":\"fr-FR\"}]}<\/script>\n<!-- \/ Yoast SEO plugin. -->","yoast_head_json":{"title":"Borken engrais biostimulant tunisie","description":"Borken est un engrais biostimulant en Tunisie qui favorise la croissance racinaire, am\u00e9liore l\u2019absorption des nutriments et renforce les plantes.","robots":{"index":"index","follow":"follow","max-snippet":"max-snippet:-1","max-image-preview":"max-image-preview:large","max-video-preview":"max-video-preview:-1"},"canonical":"https:\/\/agribiotunisie.com\/index.php\/produit\/borken-engrais-biostimulant-copie\/","og_locale":"fr_FR","og_type":"article","og_title":"Borken engrais biostimulant tunisie","og_description":"Borken est un engrais biostimulant en Tunisie qui favorise la croissance racinaire, am\u00e9liore l\u2019absorption des nutriments et renforce les plantes.","og_url":"https:\/\/agribiotunisie.com\/index.php\/produit\/borken-engrais-biostimulant-copie\/","og_site_name":"https:\/\/agribiotunisie.com\/","article_modified_time":"2025-06-02T10:22:30+00:00","og_image":[{"width":1200,"height":1200,"url":"https:\/\/agribiotunisie.com\/wp-content\/uploads\/2025\/05\/N-energy-acide-amine-biostimulant-tunisie.jpg","type":"image\/jpeg"}],"twitter_card":"summary_large_image","twitter_misc":{"Dur\u00e9e de lecture estim\u00e9e":"2 minutes"},"schema":{"@context":"https:\/\/schema.org","@graph":[{"@type":"WebPage","@id":"https:\/\/agribiotunisie.com\/index.php\/produit\/borken-engrais-biostimulant-copie\/","url":"https:\/\/agribiotunisie.com\/index.php\/produit\/borken-engrais-biostimulant-copie\/","name":"Borken engrais biostimulant tunisie","isPartOf":{"@id":"https:\/\/agribiotunisie.com\/#website"},"primaryImageOfPage":{"@id":"https:\/\/agribiotunisie.com\/index.php\/produit\/borken-engrais-biostimulant-copie\/#primaryimage"},"image":{"@id":"https:\/\/agribiotunisie.com\/index.php\/produit\/borken-engrais-biostimulant-copie\/#primaryimage"},"thumbnailUrl":"https:\/\/agribiotunisie.com\/wp-content\/uploads\/2025\/05\/N-energy-acide-amine-biostimulant-tunisie.jpg","datePublished":"2025-05-29T12:16:04+00:00","dateModified":"2025-06-02T10:22:30+00:00","description":"Borken est un engrais biostimulant en Tunisie qui favorise la croissance racinaire, am\u00e9liore l\u2019absorption des nutriments et renforce les plantes.","breadcrumb":{"@id":"https:\/\/agribiotunisie.com\/index.php\/produit\/borken-engrais-biostimulant-copie\/#breadcrumb"},"inLanguage":"fr-FR","potentialAction":[{"@type":"ReadAction","target":["https:\/\/agribiotunisie.com\/index.php\/produit\/borken-engrais-biostimulant-copie\/"]}]},{"@type":"ImageObject","inLanguage":"fr-FR","@id":"https:\/\/agribiotunisie.com\/index.php\/produit\/borken-engrais-biostimulant-copie\/#primaryimage","url":"https:\/\/agribiotunisie.com\/wp-content\/uploads\/2025\/05\/N-energy-acide-amine-biostimulant-tunisie.jpg","contentUrl":"https:\/\/agribiotunisie.com\/wp-content\/uploads\/2025\/05\/N-energy-acide-amine-biostimulant-tunisie.jpg","width":1200,"height":1200},{"@type":"BreadcrumbList","@id":"https:\/\/agribiotunisie.com\/index.php\/produit\/borken-engrais-biostimulant-copie\/#breadcrumb","itemListElement":[{"@type":"ListItem","position":1,"name":"Accueil","item":"https:\/\/agribiotunisie.com\/"},{"@type":"ListItem","position":2,"name":"Shop","item":"https:\/\/agribiotunisie.com\/index.php\/shop-ecommerce-v1\/"},{"@type":"ListItem","position":3,"name":"N-ERGY (acide amin\u00e9)"}]},{"@type":"WebSite","@id":"https:\/\/agribiotunisie.com\/#website","url":"https:\/\/agribiotunisie.com\/","name":"https:\/\/agribiotunisie.com\/","description":"","potentialAction":[{"@type":"SearchAction","target":{"@type":"EntryPoint","urlTemplate":"https:\/\/agribiotunisie.com\/?s={search_term_string}"},"query-input":{"@type":"PropertyValueSpecification","valueRequired":true,"valueName":"search_term_string"}}],"inLanguage":"fr-FR"}]}},"tiered_pricing_type":"fixed","tiered_pricing_fixed_rules":[],"tiered_pricing_product_settings":{"layout":"default","base_unit_name":{"singular":null,"plural":null},"default_variation":null},"tiered_pricing_minimum_quantity":null,"tiered_pricing_roles_data":[],"tiered_pricing_percentage_rules":[],"tiered_pricing_maximum_quantity":null,"tiered_pricing_quantity_step":null,"_links":{"self":[{"href":"https:\/\/agribiotunisie.com\/index.php\/wp-json\/wp\/v2\/product\/1932","targetHints":{"allow":["GET"]}}],"collection":[{"href":"https:\/\/agribiotunisie.com\/index.php\/wp-json\/wp\/v2\/product"}],"about":[{"href":"https:\/\/agribiotunisie.com\/index.php\/wp-json\/wp\/v2\/types\/product"}],"replies":[{"embeddable":true,"href":"https:\/\/agribiotunisie.com\/index.php\/wp-json\/wp\/v2\/comments?post=1932"}],"version-history":[{"count":4,"href":"https:\/\/agribiotunisie.com\/index.php\/wp-json\/wp\/v2\/product\/1932\/revisions"}],"predecessor-version":[{"id":1964,"href":"https:\/\/agribiotunisie.com\/index.php\/wp-json\/wp\/v2\/product\/1932\/revisions\/1964"}],"wp:featuredmedia":[{"embeddable":true,"href":"https:\/\/agribiotunisie.com\/index.php\/wp-json\/wp\/v2\/media\/1943"}],"wp:attachment":[{"href":"https:\/\/agribiotunisie.com\/index.php\/wp-json\/wp\/v2\/media?parent=1932"}],"wp:term":[{"taxonomy":"product_brand","embeddable":true,"href":"https:\/\/agribiotunisie.com\/index.php\/wp-json\/wp\/v2\/product_brand?post=1932"},{"taxonomy":"product_cat","embeddable":true,"href":"https:\/\/agribiotunisie.com\/index.php\/wp-json\/wp\/v2\/product_cat?post=1932"},{"taxonomy":"product_tag","embeddable":true,"href":"https:\/\/agribiotunisie.com\/index.php\/wp-json\/wp\/v2\/product_tag?post=1932"}],"curies":[{"name":"wp","href":"https:\/\/api.w.org\/{rel}","templated":true}]}}