{"id":1944,"date":"2025-05-29T22:32:06","date_gmt":"2025-05-29T20:32:06","guid":{"rendered":"https:\/\/agribiotunisie.com\/?post_type=product&#038;p=1944"},"modified":"2025-05-29T22:34:08","modified_gmt":"2025-05-29T20:34:08","slug":"trubo-acide-amine","status":"publish","type":"product","link":"https:\/\/agribiotunisie.com\/index.php\/produit\/trubo-acide-amine\/","title":{"rendered":"Trubo (acide amin\u00e9)"},"content":{"rendered":"<div class=\"col-md-7\">\n<div class=\"descrip-content\">\n<p>TURBO PLUS est un produit biologique, \u00e0 base d\u2019acides amin\u00e9s et peptides \u00e0 action rapide, totalement soluble dans l\u2019eau. TURBO PLUS est caract\u00e8ris\u00e9 par son assimilation totale et rapide, aussi bien au niveau foliaire que radiculaire, acc\u00e9l\u00e9rant et am\u00e9liorant les m\u00e9canismes m\u00e9taboliques des plantes. TURBO PLUS est un m\u00e9lange stable, compos\u00e9 par des substances naturelles compl\u00e8xes qui repr\u00e9sentent les pr\u00e9curseurs essentiels des substances utiles comme les prot\u00e9ines, les enzymes, les vitamines, les hormones, la chlorophylle, etc&#8230;<\/p>\n<\/div>\n<\/div>\n<div class=\"col-md-5\">\n<div class=\"title\">Composition<\/div>\n<div class=\"descrip-content\">\n<p>8,7% Azote total (N), 8% Azote organique, 24% Carbone organique, 50% Acides amin\u00e9s total, 8% Acides amin\u00e9s libre<\/p>\n<\/div>\n<\/div>\n","protected":false},"excerpt":{"rendered":"<p>TURBO PLUS est un produit biologique, \u00e0 base d\u2019acides amin\u00e9s et peptides \u00e0 action rapide, totalement soluble dans l\u2019eau. TURBO PLUS est caract\u00e8ris\u00e9 par son assimilation totale et rapide, aussi bien au niveau foliaire que radiculaire, acc\u00e9l\u00e9rant et am\u00e9liorant les m\u00e9canismes m\u00e9taboliques des plantes. TURBO PLUS est un m\u00e9lange stable, compos\u00e9 par des substances naturelles compl\u00e8xes qui repr\u00e9sentent les pr\u00e9curseurs essentiels des substances utiles comme les prot\u00e9ines, les enzymes, les vitamines, les hormones, la chlorophylle, etc&#8230;<\/p>\n","protected":false},"featured_media":1945,"comment_status":"open","ping_status":"closed","template":"","meta":[],"product_brand":[],"product_cat":[107],"product_tag":[242,243,223],"class_list":{"0":"post-1944","1":"product","2":"type-product","3":"status-publish","4":"has-post-thumbnail","6":"product_cat-agribio-engrais-biologique-et-biopesticide-tunisie","7":"product_tag-acides-amines","8":"product_tag-biostimulant-plantes","9":"product_tag-engrais-biologique","10":"product_shipping_class-livraison-payante","12":"first","13":"instock","14":"sale","15":"featured","16":"taxable","17":"shipping-taxable","18":"purchasable","19":"product-type-simple"},"yoast_head":"<!-- This site is optimized with the Yoast SEO plugin v27.0 - https:\/\/yoast.com\/product\/yoast-seo-wordpress\/ -->\n<title>Borken engrais biostimulant tunisie<\/title>\n<meta name=\"description\" content=\"Borken est un engrais biostimulant en Tunisie qui favorise la croissance racinaire, am\u00e9liore l\u2019absorption des nutriments et renforce les plantes.\" \/>\n<meta name=\"robots\" content=\"index, follow, max-snippet:-1, max-image-preview:large, max-video-preview:-1\" \/>\n<link rel=\"canonical\" href=\"https:\/\/agribiotunisie.com\/index.php\/produit\/trubo-acide-amine\/\" \/>\n<meta property=\"og:locale\" content=\"fr_FR\" \/>\n<meta property=\"og:type\" content=\"article\" \/>\n<meta property=\"og:title\" content=\"Borken engrais biostimulant tunisie\" \/>\n<meta property=\"og:description\" content=\"Borken est un engrais biostimulant en Tunisie qui favorise la croissance racinaire, am\u00e9liore l\u2019absorption des nutriments et renforce les plantes.\" \/>\n<meta property=\"og:url\" content=\"https:\/\/agribiotunisie.com\/index.php\/produit\/trubo-acide-amine\/\" \/>\n<meta property=\"og:site_name\" content=\"https:\/\/agribiotunisie.com\/\" \/>\n<meta property=\"article:modified_time\" content=\"2025-05-29T20:34:08+00:00\" \/>\n<meta property=\"og:image\" content=\"https:\/\/agribiotunisie.com\/wp-content\/uploads\/2025\/05\/Turbo-acide-amine-biostimulant-tunisie.jpg\" \/>\n\t<meta property=\"og:image:width\" content=\"1200\" \/>\n\t<meta property=\"og:image:height\" content=\"1200\" \/>\n\t<meta property=\"og:image:type\" content=\"image\/jpeg\" \/>\n<meta name=\"twitter:card\" content=\"summary_large_image\" \/>\n<meta name=\"twitter:label1\" content=\"Dur\u00e9e de lecture estim\u00e9e\" \/>\n\t<meta name=\"twitter:data1\" content=\"1 minute\" \/>\n<script type=\"application\/ld+json\" class=\"yoast-schema-graph\">{\"@context\":\"https:\/\/schema.org\",\"@graph\":[{\"@type\":\"WebPage\",\"@id\":\"https:\/\/agribiotunisie.com\/index.php\/produit\/trubo-acide-amine\/\",\"url\":\"https:\/\/agribiotunisie.com\/index.php\/produit\/trubo-acide-amine\/\",\"name\":\"Borken engrais biostimulant tunisie\",\"isPartOf\":{\"@id\":\"https:\/\/agribiotunisie.com\/#website\"},\"primaryImageOfPage\":{\"@id\":\"https:\/\/agribiotunisie.com\/index.php\/produit\/trubo-acide-amine\/#primaryimage\"},\"image\":{\"@id\":\"https:\/\/agribiotunisie.com\/index.php\/produit\/trubo-acide-amine\/#primaryimage\"},\"thumbnailUrl\":\"https:\/\/agribiotunisie.com\/wp-content\/uploads\/2025\/05\/Turbo-acide-amine-biostimulant-tunisie.jpg\",\"datePublished\":\"2025-05-29T20:32:06+00:00\",\"dateModified\":\"2025-05-29T20:34:08+00:00\",\"description\":\"Borken est un engrais biostimulant en Tunisie qui favorise la croissance racinaire, am\u00e9liore l\u2019absorption des nutriments et renforce les plantes.\",\"breadcrumb\":{\"@id\":\"https:\/\/agribiotunisie.com\/index.php\/produit\/trubo-acide-amine\/#breadcrumb\"},\"inLanguage\":\"fr-FR\",\"potentialAction\":[{\"@type\":\"ReadAction\",\"target\":[\"https:\/\/agribiotunisie.com\/index.php\/produit\/trubo-acide-amine\/\"]}]},{\"@type\":\"ImageObject\",\"inLanguage\":\"fr-FR\",\"@id\":\"https:\/\/agribiotunisie.com\/index.php\/produit\/trubo-acide-amine\/#primaryimage\",\"url\":\"https:\/\/agribiotunisie.com\/wp-content\/uploads\/2025\/05\/Turbo-acide-amine-biostimulant-tunisie.jpg\",\"contentUrl\":\"https:\/\/agribiotunisie.com\/wp-content\/uploads\/2025\/05\/Turbo-acide-amine-biostimulant-tunisie.jpg\",\"width\":1200,\"height\":1200},{\"@type\":\"BreadcrumbList\",\"@id\":\"https:\/\/agribiotunisie.com\/index.php\/produit\/trubo-acide-amine\/#breadcrumb\",\"itemListElement\":[{\"@type\":\"ListItem\",\"position\":1,\"name\":\"Accueil\",\"item\":\"https:\/\/agribiotunisie.com\/\"},{\"@type\":\"ListItem\",\"position\":2,\"name\":\"Shop\",\"item\":\"https:\/\/agribiotunisie.com\/index.php\/shop-ecommerce-v1\/\"},{\"@type\":\"ListItem\",\"position\":3,\"name\":\"Trubo (acide amin\u00e9)\"}]},{\"@type\":\"WebSite\",\"@id\":\"https:\/\/agribiotunisie.com\/#website\",\"url\":\"https:\/\/agribiotunisie.com\/\",\"name\":\"https:\/\/agribiotunisie.com\/\",\"description\":\"\",\"potentialAction\":[{\"@type\":\"SearchAction\",\"target\":{\"@type\":\"EntryPoint\",\"urlTemplate\":\"https:\/\/agribiotunisie.com\/?s={search_term_string}\"},\"query-input\":{\"@type\":\"PropertyValueSpecification\",\"valueRequired\":true,\"valueName\":\"search_term_string\"}}],\"inLanguage\":\"fr-FR\"}]}<\/script>\n<!-- \/ Yoast SEO plugin. -->","yoast_head_json":{"title":"Borken engrais biostimulant tunisie","description":"Borken est un engrais biostimulant en Tunisie qui favorise la croissance racinaire, am\u00e9liore l\u2019absorption des nutriments et renforce les plantes.","robots":{"index":"index","follow":"follow","max-snippet":"max-snippet:-1","max-image-preview":"max-image-preview:large","max-video-preview":"max-video-preview:-1"},"canonical":"https:\/\/agribiotunisie.com\/index.php\/produit\/trubo-acide-amine\/","og_locale":"fr_FR","og_type":"article","og_title":"Borken engrais biostimulant tunisie","og_description":"Borken est un engrais biostimulant en Tunisie qui favorise la croissance racinaire, am\u00e9liore l\u2019absorption des nutriments et renforce les plantes.","og_url":"https:\/\/agribiotunisie.com\/index.php\/produit\/trubo-acide-amine\/","og_site_name":"https:\/\/agribiotunisie.com\/","article_modified_time":"2025-05-29T20:34:08+00:00","og_image":[{"width":1200,"height":1200,"url":"https:\/\/agribiotunisie.com\/wp-content\/uploads\/2025\/05\/Turbo-acide-amine-biostimulant-tunisie.jpg","type":"image\/jpeg"}],"twitter_card":"summary_large_image","twitter_misc":{"Dur\u00e9e de lecture estim\u00e9e":"1 minute"},"schema":{"@context":"https:\/\/schema.org","@graph":[{"@type":"WebPage","@id":"https:\/\/agribiotunisie.com\/index.php\/produit\/trubo-acide-amine\/","url":"https:\/\/agribiotunisie.com\/index.php\/produit\/trubo-acide-amine\/","name":"Borken engrais biostimulant tunisie","isPartOf":{"@id":"https:\/\/agribiotunisie.com\/#website"},"primaryImageOfPage":{"@id":"https:\/\/agribiotunisie.com\/index.php\/produit\/trubo-acide-amine\/#primaryimage"},"image":{"@id":"https:\/\/agribiotunisie.com\/index.php\/produit\/trubo-acide-amine\/#primaryimage"},"thumbnailUrl":"https:\/\/agribiotunisie.com\/wp-content\/uploads\/2025\/05\/Turbo-acide-amine-biostimulant-tunisie.jpg","datePublished":"2025-05-29T20:32:06+00:00","dateModified":"2025-05-29T20:34:08+00:00","description":"Borken est un engrais biostimulant en Tunisie qui favorise la croissance racinaire, am\u00e9liore l\u2019absorption des nutriments et renforce les plantes.","breadcrumb":{"@id":"https:\/\/agribiotunisie.com\/index.php\/produit\/trubo-acide-amine\/#breadcrumb"},"inLanguage":"fr-FR","potentialAction":[{"@type":"ReadAction","target":["https:\/\/agribiotunisie.com\/index.php\/produit\/trubo-acide-amine\/"]}]},{"@type":"ImageObject","inLanguage":"fr-FR","@id":"https:\/\/agribiotunisie.com\/index.php\/produit\/trubo-acide-amine\/#primaryimage","url":"https:\/\/agribiotunisie.com\/wp-content\/uploads\/2025\/05\/Turbo-acide-amine-biostimulant-tunisie.jpg","contentUrl":"https:\/\/agribiotunisie.com\/wp-content\/uploads\/2025\/05\/Turbo-acide-amine-biostimulant-tunisie.jpg","width":1200,"height":1200},{"@type":"BreadcrumbList","@id":"https:\/\/agribiotunisie.com\/index.php\/produit\/trubo-acide-amine\/#breadcrumb","itemListElement":[{"@type":"ListItem","position":1,"name":"Accueil","item":"https:\/\/agribiotunisie.com\/"},{"@type":"ListItem","position":2,"name":"Shop","item":"https:\/\/agribiotunisie.com\/index.php\/shop-ecommerce-v1\/"},{"@type":"ListItem","position":3,"name":"Trubo (acide amin\u00e9)"}]},{"@type":"WebSite","@id":"https:\/\/agribiotunisie.com\/#website","url":"https:\/\/agribiotunisie.com\/","name":"https:\/\/agribiotunisie.com\/","description":"","potentialAction":[{"@type":"SearchAction","target":{"@type":"EntryPoint","urlTemplate":"https:\/\/agribiotunisie.com\/?s={search_term_string}"},"query-input":{"@type":"PropertyValueSpecification","valueRequired":true,"valueName":"search_term_string"}}],"inLanguage":"fr-FR"}]}},"tiered_pricing_type":"fixed","tiered_pricing_fixed_rules":[],"tiered_pricing_product_settings":{"layout":"default","base_unit_name":{"singular":null,"plural":null},"default_variation":null},"tiered_pricing_minimum_quantity":null,"tiered_pricing_roles_data":[],"tiered_pricing_percentage_rules":[],"tiered_pricing_maximum_quantity":null,"tiered_pricing_quantity_step":null,"_links":{"self":[{"href":"https:\/\/agribiotunisie.com\/index.php\/wp-json\/wp\/v2\/product\/1944","targetHints":{"allow":["GET"]}}],"collection":[{"href":"https:\/\/agribiotunisie.com\/index.php\/wp-json\/wp\/v2\/product"}],"about":[{"href":"https:\/\/agribiotunisie.com\/index.php\/wp-json\/wp\/v2\/types\/product"}],"replies":[{"embeddable":true,"href":"https:\/\/agribiotunisie.com\/index.php\/wp-json\/wp\/v2\/comments?post=1944"}],"version-history":[{"count":1,"href":"https:\/\/agribiotunisie.com\/index.php\/wp-json\/wp\/v2\/product\/1944\/revisions"}],"predecessor-version":[{"id":1946,"href":"https:\/\/agribiotunisie.com\/index.php\/wp-json\/wp\/v2\/product\/1944\/revisions\/1946"}],"wp:featuredmedia":[{"embeddable":true,"href":"https:\/\/agribiotunisie.com\/index.php\/wp-json\/wp\/v2\/media\/1945"}],"wp:attachment":[{"href":"https:\/\/agribiotunisie.com\/index.php\/wp-json\/wp\/v2\/media?parent=1944"}],"wp:term":[{"taxonomy":"product_brand","embeddable":true,"href":"https:\/\/agribiotunisie.com\/index.php\/wp-json\/wp\/v2\/product_brand?post=1944"},{"taxonomy":"product_cat","embeddable":true,"href":"https:\/\/agribiotunisie.com\/index.php\/wp-json\/wp\/v2\/product_cat?post=1944"},{"taxonomy":"product_tag","embeddable":true,"href":"https:\/\/agribiotunisie.com\/index.php\/wp-json\/wp\/v2\/product_tag?post=1944"}],"curies":[{"name":"wp","href":"https:\/\/api.w.org\/{rel}","templated":true}]}}