{"id":2095,"date":"2025-06-25T13:51:33","date_gmt":"2025-06-25T11:51:33","guid":{"rendered":"https:\/\/agribiotunisie.com\/?post_type=product&#038;p=2095"},"modified":"2026-02-07T17:28:08","modified_gmt":"2026-02-07T16:28:08","slug":"humax-engrais-liquide-100-naturel","status":"publish","type":"product","link":"https:\/\/agribiotunisie.com\/index.php\/produit\/humax-engrais-liquide-100-naturel\/","title":{"rendered":"Humax +"},"content":{"rendered":"<p><a class=\"btn-fiche-technique\" href=\"https:\/\/agribiotunisie.com\/wp-content\/uploads\/2025\/06\/Humax.pdf\" target=\"_blank\" rel=\"noopener\"><br \/>\n\ud83d\udcc4 T\u00e9l\u00e9charger la fiche technique<\/a><\/p>\n<p>&nbsp;<\/p>\n<p><span class=\"fontstyle0\"><strong>COMPOSITION :\u00a0<\/strong><\/span><\/p>\n<p><strong><span class=\"fontstyle2\">Mati\u00e8re Organique: 19.8%<br \/>\nAcides humiques: 9.8%<br \/>\nAcides fulviques: 3%<br \/>\nPotassium: 1%<\/span><\/strong><\/p>\n<p>&nbsp;<\/p>\n<p><img decoding=\"async\" class=\"aligncenter\" style=\"max-width: 100%; height: 223px;\" src=\"https:\/\/agribiotunisie.com\/wp-content\/uploads\/2025\/08\/Dosage-humax.jpg\" alt=\"Borken Explication\" width=\"232\" \/><\/p>\n<p>&nbsp;<\/p>\n<table class=\"NormalTable\" style=\"height: 498px;\" width=\"1047\">\n<tbody>\n<tr>\n<td style=\"border-left-style: none; border-bottom: solid 1px #ffffff; border-right: solid 1px #ffffff; border-top-style: none;\" width=\"161\"><strong><span class=\"fontstyle0\">Culture <\/span><\/strong><\/td>\n<td style=\"border-left: solid 1px #ffffff; border-bottom: solid 1px #ffffff; border-right: solid 1px #ffffff; border-top-style: none;\" width=\"95\"><strong><span class=\"fontstyle0\">Dose (l\/ha) <\/span><\/strong><\/td>\n<td style=\"border-left: solid 1px #ffffff; border-bottom: solid 1px #ffffff; border-right-style: none; border-top-style: none;\" width=\"381\"><strong><span class=\"fontstyle0\">Recommandation (Irrigation)<\/span><\/strong><\/td>\n<\/tr>\n<tr>\n<td style=\"border-left-style: none; border-bottom: solid 1px #ffffff; border-right: solid 1px #ffffff; border-top: solid 1px #ffffff;\" width=\"161\"><span class=\"fontstyle0\">Agrumes <\/span><\/td>\n<td style=\"border: solid 1px #ffffff;\" width=\"95\"><span class=\"fontstyle2\">10 <\/span><\/td>\n<td style=\"border-left: solid 1px #ffffff; border-bottom: solid 1px #ffffff; border-right-style: none; border-top: solid 1px #ffffff;\" width=\"381\"><span class=\"fontstyle2\">Fractionner les applications. Appliquer au maximum 5 fois<br \/>\npar cycle.<\/span><\/td>\n<\/tr>\n<tr>\n<td style=\"border-left-style: none; border-bottom: solid 1px #ffffff; border-right: solid 1px #ffffff; border-top: solid 1px #ffffff;\" width=\"161\"><span class=\"fontstyle0\">Vignes <\/span><\/td>\n<td style=\"border: solid 1px #ffffff;\" width=\"95\"><span class=\"fontstyle2\">10 <\/span><\/td>\n<td style=\"border-left: solid 1px #ffffff; border-bottom: solid 1px #ffffff; border-right-style: none; border-top: solid 1px #ffffff;\" width=\"381\"><span class=\"fontstyle2\">Fractionner les applications. Appliquer au maximum 5 fois<br \/>\npar cycle.<\/span><\/td>\n<\/tr>\n<tr>\n<td style=\"border-left-style: none; border-bottom: solid 1px #ffffff; border-right: solid 1px #ffffff; border-top: solid 1px #ffffff;\" width=\"161\"><span class=\"fontstyle0\">Oliviers <\/span><\/td>\n<td style=\"border: solid 1px #ffffff;\" width=\"95\"><span class=\"fontstyle2\">10-20 <\/span><\/td>\n<td style=\"border-left: solid 1px #ffffff; border-bottom: solid 1px #ffffff; border-right-style: none; border-top: solid 1px #ffffff;\" width=\"381\"><span class=\"fontstyle2\">Fractionner les applications. Appliquer au maximum 5 fois<br \/>\npar cycle.<\/span><\/td>\n<\/tr>\n<tr>\n<td style=\"border-left-style: none; border-bottom: solid 1px #ffffff; border-right: solid 1px #ffffff; border-top: solid 1px #ffffff;\" width=\"161\"><span class=\"fontstyle0\">Arboriculture fruiti\u00e8re <\/span><\/td>\n<td style=\"border: solid 1px #ffffff;\" width=\"95\"><span class=\"fontstyle2\">10-20 <\/span><\/td>\n<td style=\"border-left: solid 1px #ffffff; border-bottom: solid 1px #ffffff; border-right-style: none; border-top: solid 1px #ffffff;\" width=\"381\"><span class=\"fontstyle2\">Fractionner les applications. Appliquer au maximum 5 fois<br \/>\npar cycle.<\/span><\/td>\n<\/tr>\n<tr>\n<td style=\"border-left-style: none; border-bottom: solid 1px #ffffff; border-right: solid 1px #ffffff; border-top: solid 1px #ffffff;\" width=\"161\"><span class=\"fontstyle0\">Culture maraich\u00e8re <\/span><\/td>\n<td style=\"border: solid 1px #ffffff;\" width=\"95\"><span class=\"fontstyle2\">5-10 <\/span><\/td>\n<td style=\"border-left: solid 1px #ffffff; border-bottom: solid 1px #ffffff; border-right-style: none; border-top: solid 1px #ffffff;\" width=\"381\"><span class=\"fontstyle2\">Fractionner les applications. Appliquer 3 \u00e0 5 fois par cycle<br \/>\nau maximum.<\/span><\/td>\n<\/tr>\n<tr>\n<td style=\"border-left-style: none; border-bottom-style: none; border-right: solid 1px #ffffff; border-top: solid 1px #ffffff;\" width=\"161\"><span class=\"fontstyle0\">P\u00e9pini\u00e8re &amp; gazon <\/span><\/td>\n<td style=\"border-left: solid 1px #ffffff; border-bottom-style: none; border-right: solid 1px #ffffff; border-top: solid 1px #ffffff;\" width=\"95\"><span class=\"fontstyle2\">5 <\/span><\/td>\n<td style=\"border-left: solid 1px #ffffff; border-bottom-style: none; border-right-style: none; border-top: solid 1px #ffffff;\" width=\"381\"><span class=\"fontstyle2\">Fractionner les applications. Appliquer 3 \u00e0 5 fois par cycle<br \/>\nau maximum.<\/span><\/td>\n<\/tr>\n<\/tbody>\n<\/table>\n<p>&nbsp;<\/p>\n<p>&nbsp;<\/p>\n","protected":false},"excerpt":{"rendered":"<ul>\n<li><b>HuMax+<\/b> \u064a\u062d\u0633\u0646 \u0627\u0644\u0628\u0646\u064a\u0629 \u0627\u0644\u0641\u064a\u0632\u064a\u0627\u0626\u064a\u0629 \u0644\u0644\u062a\u0631\u0628\u0629\u060c \u0641\u064a\u062c\u0639\u0644\u0647\u0627 \u0623\u0643\u062b\u0631 \u062a\u0641\u0643\u0643\u0627\u064b \u0648\u062a\u0647\u0648\u064a\u0629 \u0628\u0641\u0636\u0644 \u0645\u062d\u062a\u0648\u0627\u0647 \u0627\u0644\u0639\u0627\u0644\u064a \u0645\u0646 \u0627\u0644\u0645\u0627\u062f\u0629 \u0627\u0644\u0639\u0636\u0648\u064a\u0629.<\/li>\n<li><b>HuMax+<\/b> \u064a\u0631\u0641\u0639 \u0642\u062f\u0631\u0629 \u0627\u0644\u062a\u0631\u0628\u0629 \u0639\u0644\u0649 \u0627\u0644\u0627\u062d\u062a\u0641\u0627\u0638 \u0628\u0627\u0644\u0645\u0627\u0621 \u0645\u062b\u0644 \u0627\u0644\u0625\u0633\u0641\u0646\u062c\u060c \u0645\u0645\u0627 \u064a\u0642\u0644\u0644 \u0645\u0646 \u062a\u0623\u062b\u064a\u0631 \u0627\u0644\u0625\u062c\u0647\u0627\u062f \u0627\u0644\u0645\u0627\u0626\u064a \u0639\u0644\u0649 \u0627\u0644\u0646\u0628\u0627\u062a.<\/li>\n<li><b>HuMax+<\/b> \u064a\u0646\u0634\u0637 \u0627\u0644\u062d\u064a\u0627\u0629 \u0627\u0644\u0645\u064a\u0643\u0631\u0648\u0628\u064a\u0629 \u0627\u0644\u0645\u0641\u064a\u062f\u0629 \u0641\u064a \u0627\u0644\u062a\u0631\u0628\u0629\u060c \u0645\u0645\u0627 \u064a\u0633\u0631\u0651\u0639 \u0645\u0646 \u062a\u062d\u0644\u0644 \u0627\u0644\u0645\u0648\u0627\u062f \u0627\u0644\u0639\u0636\u0648\u064a\u0629 \u0648\u064a\u064f\u062d\u0648\u0651\u0644 \u0627\u0644\u0639\u0646\u0627\u0635\u0631 \u0625\u0644\u0649 \u063a\u0630\u0627\u0621 \u0645\u062a\u0627\u062d.<\/li>\n<li><b>HuMax+<\/b> \u064a\u0632\u064a\u062f \u0645\u0646 \u062e\u0635\u0648\u0628\u0629 \u0627\u0644\u062a\u0631\u0628\u0629 \u0648\u0642\u062f\u0631\u062a\u0647\u0627 \u0639\u0644\u0649 \u0627\u0644\u0627\u062d\u062a\u0641\u0627\u0638 \u0628\u0627\u0644\u0639\u0646\u0627\u0635\u0631 \u0627\u0644\u063a\u0630\u0627\u0626\u064a\u0629 (CEC)\u060c \u0645\u0645\u0627 \u064a\u0642\u0644\u0644 \u0645\u0646 \u0647\u062f\u0631 \u0627\u0644\u0623\u0633\u0645\u062f\u0629 \u0628\u0627\u0644\u063a\u0633\u064a\u0644.<\/li>\n<li><b>HuMax+<\/b> \u064a\u0633\u0647\u0644 \u0639\u0644\u0649 \u0627\u0644\u0646\u0628\u0627\u062a \u0627\u0645\u062a\u0635\u0627\u0635 \u0627\u0644\u0639\u0646\u0627\u0635\u0631 \u0627\u0644\u0635\u063a\u0631\u0649 \u0628\u0641\u0636\u0644 \u0627\u0644\u0623\u062d\u0645\u0627\u0636 \u0627\u0644\u0641\u0648\u0644\u0641\u064a\u0643\u064a\u0629 \u0648\u0627\u0644\u0647\u064a\u0648\u0645\u064a\u0643\u064a\u0629 \u0627\u0644\u062a\u064a \u062a\u0639\u0645\u0644 \u0639\u0644\u0649 \u062a\u0645\u062e\u0644\u0628\u0647\u0627 (Chelation).<\/li>\n<li><b>HuMax+<\/b> \u064a\u062d\u0641\u0632 \u0646\u0645\u0648 \u0648\u062a\u0637\u0648\u0631 \u0627\u0644\u0645\u062c\u0645\u0648\u0639 \u0627\u0644\u062c\u0630\u0631\u064a \u0628\u0634\u0643\u0644 \u0645\u0628\u0627\u0634\u0631 \u0628\u0641\u0636\u0644 \u0627\u0644\u0623\u062d\u0645\u0627\u0636 \u0627\u0644\u0641\u0648\u0644\u0641\u064a\u0643\u064a\u0629 \u0627\u0644\u062a\u064a \u062a\u0646\u0634\u0637 \u0627\u0644\u0639\u0645\u0644\u064a\u0627\u062a \u0627\u0644\u062d\u064a\u0648\u064a\u0629 \u0641\u064a \u0627\u0644\u062c\u0630\u0648\u0631.<\/li>\n<\/ul>\n<p><span class=\"fontstyle2\">\u00a0<\/span><\/p>\n","protected":false},"featured_media":2154,"comment_status":"open","ping_status":"closed","template":"","meta":[],"product_brand":[],"product_cat":[107],"product_tag":[239,154,292],"class_list":{"0":"post-2095","1":"product","2":"type-product","3":"status-publish","4":"has-post-thumbnail","6":"product_cat-agribio-engrais-biologique-et-biopesticide-tunisie","7":"product_tag-acides-humiques","8":"product_tag-engrais-organique-tunisie","9":"product_tag-humax-engrais-biologique","10":"product_shipping_class-livraison-payante","12":"first","13":"instock","14":"sale","15":"featured","16":"taxable","17":"shipping-taxable","18":"purchasable","19":"product-type-variable","20":"has-default-attributes"},"yoast_head":"<!-- This site is optimized with the Yoast SEO plugin v27.0 - https:\/\/yoast.com\/product\/yoast-seo-wordpress\/ -->\n<title>HUMAX \u2013 Engrais liquide 100 % naturel<\/title>\n<meta name=\"description\" content=\"HuMax + am\u00e9liore progressivement la stabilit\u00e9 structurale du sol en le maintenant libre, a\u00e9r\u00e9 et en augmentant la r\u00e9tention d\u2019eau et sa disponibilit\u00e9 au niveau de la plante.COMPOSITION :\" \/>\n<meta name=\"robots\" content=\"index, follow, max-snippet:-1, max-image-preview:large, max-video-preview:-1\" \/>\n<link rel=\"canonical\" href=\"https:\/\/agribiotunisie.com\/index.php\/produit\/humax-engrais-liquide-100-naturel\/\" \/>\n<meta property=\"og:locale\" content=\"fr_FR\" \/>\n<meta property=\"og:type\" content=\"article\" \/>\n<meta property=\"og:title\" content=\"HUMAX \u2013 Engrais liquide 100 % naturel\" \/>\n<meta property=\"og:description\" content=\"HuMax + am\u00e9liore progressivement la stabilit\u00e9 structurale du sol en le maintenant libre, a\u00e9r\u00e9 et en augmentant la r\u00e9tention d\u2019eau et sa disponibilit\u00e9 au niveau de la plante.COMPOSITION :\" \/>\n<meta property=\"og:url\" content=\"https:\/\/agribiotunisie.com\/index.php\/produit\/humax-engrais-liquide-100-naturel\/\" \/>\n<meta property=\"og:site_name\" content=\"https:\/\/agribiotunisie.com\/\" \/>\n<meta property=\"article:modified_time\" content=\"2026-02-07T16:28:08+00:00\" \/>\n<meta property=\"og:image\" content=\"https:\/\/agribiotunisie.com\/wp-content\/uploads\/2025\/06\/Humax-20-L.jpg\" \/>\n\t<meta property=\"og:image:width\" content=\"1200\" \/>\n\t<meta property=\"og:image:height\" content=\"1200\" \/>\n\t<meta property=\"og:image:type\" content=\"image\/jpeg\" \/>\n<meta name=\"twitter:card\" content=\"summary_large_image\" \/>\n<meta name=\"twitter:label1\" content=\"Dur\u00e9e de lecture estim\u00e9e\" \/>\n\t<meta name=\"twitter:data1\" content=\"1 minute\" \/>\n<script type=\"application\/ld+json\" class=\"yoast-schema-graph\">{\"@context\":\"https:\/\/schema.org\",\"@graph\":[{\"@type\":\"WebPage\",\"@id\":\"https:\/\/agribiotunisie.com\/index.php\/produit\/humax-engrais-liquide-100-naturel\/\",\"url\":\"https:\/\/agribiotunisie.com\/index.php\/produit\/humax-engrais-liquide-100-naturel\/\",\"name\":\"HUMAX \u2013 Engrais liquide 100 % naturel\",\"isPartOf\":{\"@id\":\"https:\/\/agribiotunisie.com\/#website\"},\"primaryImageOfPage\":{\"@id\":\"https:\/\/agribiotunisie.com\/index.php\/produit\/humax-engrais-liquide-100-naturel\/#primaryimage\"},\"image\":{\"@id\":\"https:\/\/agribiotunisie.com\/index.php\/produit\/humax-engrais-liquide-100-naturel\/#primaryimage\"},\"thumbnailUrl\":\"https:\/\/agribiotunisie.com\/wp-content\/uploads\/2025\/06\/Humax-20-L.jpg\",\"datePublished\":\"2025-06-25T11:51:33+00:00\",\"dateModified\":\"2026-02-07T16:28:08+00:00\",\"description\":\"HuMax + am\u00e9liore progressivement la stabilit\u00e9 structurale du sol en le maintenant libre, a\u00e9r\u00e9 et en augmentant la r\u00e9tention d\u2019eau et sa disponibilit\u00e9 au niveau de la plante.COMPOSITION :\",\"breadcrumb\":{\"@id\":\"https:\/\/agribiotunisie.com\/index.php\/produit\/humax-engrais-liquide-100-naturel\/#breadcrumb\"},\"inLanguage\":\"fr-FR\",\"potentialAction\":[{\"@type\":\"ReadAction\",\"target\":[\"https:\/\/agribiotunisie.com\/index.php\/produit\/humax-engrais-liquide-100-naturel\/\"]}]},{\"@type\":\"ImageObject\",\"inLanguage\":\"fr-FR\",\"@id\":\"https:\/\/agribiotunisie.com\/index.php\/produit\/humax-engrais-liquide-100-naturel\/#primaryimage\",\"url\":\"https:\/\/agribiotunisie.com\/wp-content\/uploads\/2025\/06\/Humax-20-L.jpg\",\"contentUrl\":\"https:\/\/agribiotunisie.com\/wp-content\/uploads\/2025\/06\/Humax-20-L.jpg\",\"width\":1200,\"height\":1200},{\"@type\":\"BreadcrumbList\",\"@id\":\"https:\/\/agribiotunisie.com\/index.php\/produit\/humax-engrais-liquide-100-naturel\/#breadcrumb\",\"itemListElement\":[{\"@type\":\"ListItem\",\"position\":1,\"name\":\"Accueil\",\"item\":\"https:\/\/agribiotunisie.com\/\"},{\"@type\":\"ListItem\",\"position\":2,\"name\":\"Shop\",\"item\":\"https:\/\/agribiotunisie.com\/index.php\/shop-ecommerce-v1\/\"},{\"@type\":\"ListItem\",\"position\":3,\"name\":\"Humax +\"}]},{\"@type\":\"WebSite\",\"@id\":\"https:\/\/agribiotunisie.com\/#website\",\"url\":\"https:\/\/agribiotunisie.com\/\",\"name\":\"https:\/\/agribiotunisie.com\/\",\"description\":\"\",\"potentialAction\":[{\"@type\":\"SearchAction\",\"target\":{\"@type\":\"EntryPoint\",\"urlTemplate\":\"https:\/\/agribiotunisie.com\/?s={search_term_string}\"},\"query-input\":{\"@type\":\"PropertyValueSpecification\",\"valueRequired\":true,\"valueName\":\"search_term_string\"}}],\"inLanguage\":\"fr-FR\"}]}<\/script>\n<!-- \/ Yoast SEO plugin. -->","yoast_head_json":{"title":"HUMAX \u2013 Engrais liquide 100 % naturel","description":"HuMax + am\u00e9liore progressivement la stabilit\u00e9 structurale du sol en le maintenant libre, a\u00e9r\u00e9 et en augmentant la r\u00e9tention d\u2019eau et sa disponibilit\u00e9 au niveau de la plante.COMPOSITION :","robots":{"index":"index","follow":"follow","max-snippet":"max-snippet:-1","max-image-preview":"max-image-preview:large","max-video-preview":"max-video-preview:-1"},"canonical":"https:\/\/agribiotunisie.com\/index.php\/produit\/humax-engrais-liquide-100-naturel\/","og_locale":"fr_FR","og_type":"article","og_title":"HUMAX \u2013 Engrais liquide 100 % naturel","og_description":"HuMax + am\u00e9liore progressivement la stabilit\u00e9 structurale du sol en le maintenant libre, a\u00e9r\u00e9 et en augmentant la r\u00e9tention d\u2019eau et sa disponibilit\u00e9 au niveau de la plante.COMPOSITION :","og_url":"https:\/\/agribiotunisie.com\/index.php\/produit\/humax-engrais-liquide-100-naturel\/","og_site_name":"https:\/\/agribiotunisie.com\/","article_modified_time":"2026-02-07T16:28:08+00:00","og_image":[{"width":1200,"height":1200,"url":"https:\/\/agribiotunisie.com\/wp-content\/uploads\/2025\/06\/Humax-20-L.jpg","type":"image\/jpeg"}],"twitter_card":"summary_large_image","twitter_misc":{"Dur\u00e9e de lecture estim\u00e9e":"1 minute"},"schema":{"@context":"https:\/\/schema.org","@graph":[{"@type":"WebPage","@id":"https:\/\/agribiotunisie.com\/index.php\/produit\/humax-engrais-liquide-100-naturel\/","url":"https:\/\/agribiotunisie.com\/index.php\/produit\/humax-engrais-liquide-100-naturel\/","name":"HUMAX \u2013 Engrais liquide 100 % naturel","isPartOf":{"@id":"https:\/\/agribiotunisie.com\/#website"},"primaryImageOfPage":{"@id":"https:\/\/agribiotunisie.com\/index.php\/produit\/humax-engrais-liquide-100-naturel\/#primaryimage"},"image":{"@id":"https:\/\/agribiotunisie.com\/index.php\/produit\/humax-engrais-liquide-100-naturel\/#primaryimage"},"thumbnailUrl":"https:\/\/agribiotunisie.com\/wp-content\/uploads\/2025\/06\/Humax-20-L.jpg","datePublished":"2025-06-25T11:51:33+00:00","dateModified":"2026-02-07T16:28:08+00:00","description":"HuMax + am\u00e9liore progressivement la stabilit\u00e9 structurale du sol en le maintenant libre, a\u00e9r\u00e9 et en augmentant la r\u00e9tention d\u2019eau et sa disponibilit\u00e9 au niveau de la plante.COMPOSITION :","breadcrumb":{"@id":"https:\/\/agribiotunisie.com\/index.php\/produit\/humax-engrais-liquide-100-naturel\/#breadcrumb"},"inLanguage":"fr-FR","potentialAction":[{"@type":"ReadAction","target":["https:\/\/agribiotunisie.com\/index.php\/produit\/humax-engrais-liquide-100-naturel\/"]}]},{"@type":"ImageObject","inLanguage":"fr-FR","@id":"https:\/\/agribiotunisie.com\/index.php\/produit\/humax-engrais-liquide-100-naturel\/#primaryimage","url":"https:\/\/agribiotunisie.com\/wp-content\/uploads\/2025\/06\/Humax-20-L.jpg","contentUrl":"https:\/\/agribiotunisie.com\/wp-content\/uploads\/2025\/06\/Humax-20-L.jpg","width":1200,"height":1200},{"@type":"BreadcrumbList","@id":"https:\/\/agribiotunisie.com\/index.php\/produit\/humax-engrais-liquide-100-naturel\/#breadcrumb","itemListElement":[{"@type":"ListItem","position":1,"name":"Accueil","item":"https:\/\/agribiotunisie.com\/"},{"@type":"ListItem","position":2,"name":"Shop","item":"https:\/\/agribiotunisie.com\/index.php\/shop-ecommerce-v1\/"},{"@type":"ListItem","position":3,"name":"Humax +"}]},{"@type":"WebSite","@id":"https:\/\/agribiotunisie.com\/#website","url":"https:\/\/agribiotunisie.com\/","name":"https:\/\/agribiotunisie.com\/","description":"","potentialAction":[{"@type":"SearchAction","target":{"@type":"EntryPoint","urlTemplate":"https:\/\/agribiotunisie.com\/?s={search_term_string}"},"query-input":{"@type":"PropertyValueSpecification","valueRequired":true,"valueName":"search_term_string"}}],"inLanguage":"fr-FR"}]}},"tiered_pricing_type":"fixed","tiered_pricing_fixed_rules":[],"tiered_pricing_product_settings":{"layout":"default","base_unit_name":{"singular":null,"plural":null},"default_variation":null},"tiered_pricing_minimum_quantity":null,"tiered_pricing_roles_data":[],"tiered_pricing_percentage_rules":[],"tiered_pricing_maximum_quantity":null,"tiered_pricing_quantity_step":null,"_links":{"self":[{"href":"https:\/\/agribiotunisie.com\/index.php\/wp-json\/wp\/v2\/product\/2095","targetHints":{"allow":["GET"]}}],"collection":[{"href":"https:\/\/agribiotunisie.com\/index.php\/wp-json\/wp\/v2\/product"}],"about":[{"href":"https:\/\/agribiotunisie.com\/index.php\/wp-json\/wp\/v2\/types\/product"}],"replies":[{"embeddable":true,"href":"https:\/\/agribiotunisie.com\/index.php\/wp-json\/wp\/v2\/comments?post=2095"}],"version-history":[{"count":11,"href":"https:\/\/agribiotunisie.com\/index.php\/wp-json\/wp\/v2\/product\/2095\/revisions"}],"predecessor-version":[{"id":2606,"href":"https:\/\/agribiotunisie.com\/index.php\/wp-json\/wp\/v2\/product\/2095\/revisions\/2606"}],"wp:featuredmedia":[{"embeddable":true,"href":"https:\/\/agribiotunisie.com\/index.php\/wp-json\/wp\/v2\/media\/2154"}],"wp:attachment":[{"href":"https:\/\/agribiotunisie.com\/index.php\/wp-json\/wp\/v2\/media?parent=2095"}],"wp:term":[{"taxonomy":"product_brand","embeddable":true,"href":"https:\/\/agribiotunisie.com\/index.php\/wp-json\/wp\/v2\/product_brand?post=2095"},{"taxonomy":"product_cat","embeddable":true,"href":"https:\/\/agribiotunisie.com\/index.php\/wp-json\/wp\/v2\/product_cat?post=2095"},{"taxonomy":"product_tag","embeddable":true,"href":"https:\/\/agribiotunisie.com\/index.php\/wp-json\/wp\/v2\/product_tag?post=2095"}],"curies":[{"name":"wp","href":"https:\/\/api.w.org\/{rel}","templated":true}]}}