{"id":2920,"date":"2025-10-13T14:41:02","date_gmt":"2025-10-13T12:41:02","guid":{"rendered":"https:\/\/agribiotunisie.com\/?post_type=product&#038;p=2920"},"modified":"2025-10-14T16:54:30","modified_gmt":"2025-10-14T14:54:30","slug":"programmateur-darrosage-tunisie","status":"publish","type":"product","link":"https:\/\/agribiotunisie.com\/index.php\/produit\/programmateur-darrosage-tunisie\/","title":{"rendered":"Programmateur d&rsquo;arrosage <br> Automatique Gardena<br>(made in Germany \ud83c\udde9\ud83c\uddea )"},"content":{"rendered":"<div class=\"col-12 pb-4 tab-panes tab-section fade show active\">\n<div class=\"product-info-tab\">\n<div class=\"value content mt-md-3\">\n<div class=\"tech-data-item row\"><\/div>\n<hr class=\"details-separator bg-medium-grey\" \/>\n<\/div>\n<\/div>\n<\/div>\n<div class=\"col-12 pb-4 tab-panes tab-section fade show\">\n<div class=\"product-info-tab\">\n<h4>Param\u00e8tres d&rsquo;arrosage<\/h4>\n<div class=\"value content mt-md-3\">\n<div class=\"tech-data-item row\">\n<div class=\"text-list-type col-6 text-white\">Dur\u00e9e d&rsquo;arrosage<\/div>\n<div class=\"text-list-value col-6\">0 h 1 min &#8211; 2 h 0 min<\/div>\n<\/div>\n<hr class=\"details-separator bg-medium-grey\" \/>\n<div class=\"tech-data-item row\">\n<div class=\"text-list-type col-6 text-white\">Fr\u00e9quence d&rsquo;arrosage<\/div>\n<div class=\"text-list-value col-6\">Toutes les 4\/8\/12\/24\/48\/72 heures<\/div>\n<\/div>\n<hr class=\"details-separator bg-medium-grey\" \/>\n<\/div>\n<\/div>\n<\/div>\n<div class=\"col-12 pb-4 tab-panes tab-section fade show\">\n<div class=\"product-info-tab\">\n<h4>Caract\u00e9ristiques<\/h4>\n<div class=\"value content mt-md-3\">\n<div class=\"tech-data-item row\">\n<div class=\"text-list-type col-6 text-white\">Alimentation en \u00e9nergie<\/div>\n<div class=\"text-list-value col-6\">1 x pile alcaline 9 V (non fournie)<\/div>\n<\/div>\n<hr class=\"details-separator bg-medium-grey\" \/>\n<div class=\"tech-data-item row\">\n<div class=\"text-list-type col-6 text-white\">Pression min.<\/div>\n<div class=\"text-list-value col-6\">0.5 bar<\/div>\n<\/div>\n<hr class=\"details-separator bg-medium-grey\" \/>\n<div class=\"tech-data-item row\">\n<div class=\"text-list-type col-6 text-white\">Pression max.<\/div>\n<div class=\"text-list-value col-6\">12 bar<\/div>\n<\/div>\n<hr class=\"details-separator bg-medium-grey\" \/>\n<div class=\"tech-data-item row\">\n<div class=\"text-list-type col-6 text-white\">Filetage<\/div>\n<div class=\"text-list-value col-6\">Filetage femelle pour robinet 26,5 mm (G 3\/4) et 33,3 mm (G1)<\/div>\n<\/div>\n<\/div>\n<\/div>\n<\/div>\n","protected":false},"excerpt":{"rendered":"<p>\u2022 Arrosage programmable : optimisez l&rsquo;eau pour des plantes en pleine sant\u00e9.<br \/>\n\u2022 Fabrication allemande : qualit\u00e9 et durabilit\u00e9 garanties.<br \/>\n\u2022 \u00c9conomie d&rsquo;eau : arrosez efficacement tout en pr\u00e9servant la ressource.<br \/>\n\u2022 Installation facile : pr\u00eat \u00e0 l&#8217;emploi en quelques \u00e9tapes simples.<\/p>\n<p style=\"text-align: right;\">\u00a0\u0627\u0644\u0631\u064a\u0651 \u0627\u0644\u0645\u0628\u0631\u0645\u062c: \u0627\u0633\u062a\u063a\u0644 \u0627\u0644\u0645\u064a\u0627\u0647 \u0628\u0623\u0641\u0636\u0644 \u0637\u0631\u064a\u0642\u0629 \u0644\u062a\u062d\u0627\u0641\u0638 \u0639\u0644\u0649 \u0635\u062d\u0629 \u0627\u0644\u0646\u0628\u0627\u062a\u0627\u062a \u2022<br \/>\n\u0635\u0646\u0627\u0639\u0629 \u0623\u0644\u0645\u0627\u0646\u064a\u0629: \u062c\u0648\u062f\u0629 \u0648\u0645\u062a\u0627\u0646\u0629 \u0645\u0636\u0645\u0648\u0646\u0629 \u2022<br data-start=\"105\" data-end=\"108\" \/>\u00a0\u062a\u0648\u0641\u064a\u0631 \u0627\u0644\u0645\u064a\u0627\u0647: \u0631\u064a\u0651 \u0641\u0639\u0651\u0627\u0644 \u0645\u0639 \u0627\u0644\u062d\u0641\u0627\u0638 \u0639\u0644\u0649 \u0627\u0644\u0645\u0648\u0627\u0631\u062f \u2022<br data-start=\"156\" data-end=\"159\" \/>\u00a0\u0633\u0647\u0644 \u0627\u0644\u062a\u0631\u0643\u064a\u0628: \u062c\u0627\u0647\u0632 \u0644\u0644\u0627\u0633\u062a\u062e\u062f\u0627\u0645 \u0641\u064a \u0628\u0636\u0639 \u062e\u0637\u0648\u0627\u062a \u0628\u0633\u064a\u0637\u0629 \u2022<\/p>\n<p>&nbsp;<\/p>\n","protected":false},"featured_media":2979,"comment_status":"open","ping_status":"closed","template":"","meta":[],"product_brand":[143],"product_cat":[121],"product_tag":[287,147,165],"class_list":{"0":"post-2920","1":"product","2":"type-product","3":"status-publish","4":"has-post-thumbnail","6":"product_brand-gardena-tunisie","7":"product_cat-agribio-materiels-agricole-tunisie","8":"product_tag-arrosage-automatique","9":"product_tag-materiel-agricole-tunisie","10":"product_tag-programmateur-darrosage","12":"first","13":"instock","14":"sale","15":"taxable","16":"shipping-taxable","17":"purchasable","18":"product-type-simple"},"yoast_head":"<!-- This site is optimized with the Yoast SEO plugin v27.0 - https:\/\/yoast.com\/product\/yoast-seo-wordpress\/ -->\n<title>Programmateur d&#039;arrosage  Automatique Gardena(made in Germany \ud83c\udde9\ud83c\uddea ) - https:\/\/agribiotunisie.com\/<\/title>\n<meta name=\"robots\" content=\"index, follow, max-snippet:-1, max-image-preview:large, max-video-preview:-1\" \/>\n<link rel=\"canonical\" href=\"https:\/\/agribiotunisie.com\/index.php\/produit\/programmateur-darrosage-tunisie\/\" \/>\n<meta property=\"og:locale\" content=\"fr_FR\" \/>\n<meta property=\"og:type\" content=\"article\" \/>\n<meta property=\"og:title\" content=\"Programmateur d&#039;arrosage  Automatique Gardena(made in Germany \ud83c\udde9\ud83c\uddea ) - https:\/\/agribiotunisie.com\/\" \/>\n<meta property=\"og:description\" content=\"\u2022 Arrosage programmable : optimisez l&#039;eau pour des plantes en pleine sant\u00e9. \u2022 Fabrication allemande : qualit\u00e9 et durabilit\u00e9 garanties. \u2022 \u00c9conomie d&#039;eau : arrosez efficacement tout en pr\u00e9servant la ressource. \u2022 Installation facile : pr\u00eat \u00e0 l&#039;emploi en quelques \u00e9tapes simples. \u00a0\u0627\u0644\u0631\u064a\u0651 \u0627\u0644\u0645\u0628\u0631\u0645\u062c: \u0627\u0633\u062a\u063a\u0644 \u0627\u0644\u0645\u064a\u0627\u0647 \u0628\u0623\u0641\u0636\u0644 \u0637\u0631\u064a\u0642\u0629 \u0644\u062a\u062d\u0627\u0641\u0638 \u0639\u0644\u0649 \u0635\u062d\u0629 \u0627\u0644\u0646\u0628\u0627\u062a\u0627\u062a \u2022 \u0635\u0646\u0627\u0639\u0629 \u0623\u0644\u0645\u0627\u0646\u064a\u0629: \u062c\u0648\u062f\u0629 \u0648\u0645\u062a\u0627\u0646\u0629 \u0645\u0636\u0645\u0648\u0646\u0629 \u2022\u00a0\u062a\u0648\u0641\u064a\u0631 \u0627\u0644\u0645\u064a\u0627\u0647: \u0631\u064a\u0651 \u0641\u0639\u0651\u0627\u0644 \u0645\u0639 \u0627\u0644\u062d\u0641\u0627\u0638 \u0639\u0644\u0649 \u0627\u0644\u0645\u0648\u0627\u0631\u062f \u2022\u00a0\u0633\u0647\u0644 \u0627\u0644\u062a\u0631\u0643\u064a\u0628: \u062c\u0627\u0647\u0632 \u0644\u0644\u0627\u0633\u062a\u062e\u062f\u0627\u0645 \u0641\u064a \u0628\u0636\u0639 \u062e\u0637\u0648\u0627\u062a \u0628\u0633\u064a\u0637\u0629 \u2022 &nbsp;\" \/>\n<meta property=\"og:url\" content=\"https:\/\/agribiotunisie.com\/index.php\/produit\/programmateur-darrosage-tunisie\/\" \/>\n<meta property=\"og:site_name\" content=\"https:\/\/agribiotunisie.com\/\" \/>\n<meta property=\"article:modified_time\" content=\"2025-10-14T14:54:30+00:00\" \/>\n<meta property=\"og:image\" content=\"https:\/\/agribiotunisie.com\/wp-content\/uploads\/2025\/10\/Programmateur-gardena-tunisie.jpg\" \/>\n\t<meta property=\"og:image:width\" content=\"700\" \/>\n\t<meta property=\"og:image:height\" content=\"700\" \/>\n\t<meta property=\"og:image:type\" content=\"image\/jpeg\" \/>\n<meta name=\"twitter:card\" content=\"summary_large_image\" \/>\n<meta name=\"twitter:label1\" content=\"Dur\u00e9e de lecture estim\u00e9e\" \/>\n\t<meta name=\"twitter:data1\" content=\"1 minute\" \/>\n<script type=\"application\/ld+json\" class=\"yoast-schema-graph\">{\"@context\":\"https:\/\/schema.org\",\"@graph\":[{\"@type\":\"WebPage\",\"@id\":\"https:\/\/agribiotunisie.com\/index.php\/produit\/programmateur-darrosage-tunisie\/\",\"url\":\"https:\/\/agribiotunisie.com\/index.php\/produit\/programmateur-darrosage-tunisie\/\",\"name\":\"Programmateur d'arrosage Automatique Gardena (made in Germany \ud83c\udde9\ud83c\uddea ) - https:\/\/agribiotunisie.com\/\",\"isPartOf\":{\"@id\":\"https:\/\/agribiotunisie.com\/#website\"},\"primaryImageOfPage\":{\"@id\":\"https:\/\/agribiotunisie.com\/index.php\/produit\/programmateur-darrosage-tunisie\/#primaryimage\"},\"image\":{\"@id\":\"https:\/\/agribiotunisie.com\/index.php\/produit\/programmateur-darrosage-tunisie\/#primaryimage\"},\"thumbnailUrl\":\"https:\/\/agribiotunisie.com\/wp-content\/uploads\/2025\/10\/Programmateur-gardena-tunisie.jpg\",\"datePublished\":\"2025-10-13T12:41:02+00:00\",\"dateModified\":\"2025-10-14T14:54:30+00:00\",\"breadcrumb\":{\"@id\":\"https:\/\/agribiotunisie.com\/index.php\/produit\/programmateur-darrosage-tunisie\/#breadcrumb\"},\"inLanguage\":\"fr-FR\",\"potentialAction\":[{\"@type\":\"ReadAction\",\"target\":[\"https:\/\/agribiotunisie.com\/index.php\/produit\/programmateur-darrosage-tunisie\/\"]}]},{\"@type\":\"ImageObject\",\"inLanguage\":\"fr-FR\",\"@id\":\"https:\/\/agribiotunisie.com\/index.php\/produit\/programmateur-darrosage-tunisie\/#primaryimage\",\"url\":\"https:\/\/agribiotunisie.com\/wp-content\/uploads\/2025\/10\/Programmateur-gardena-tunisie.jpg\",\"contentUrl\":\"https:\/\/agribiotunisie.com\/wp-content\/uploads\/2025\/10\/Programmateur-gardena-tunisie.jpg\",\"width\":700,\"height\":700},{\"@type\":\"BreadcrumbList\",\"@id\":\"https:\/\/agribiotunisie.com\/index.php\/produit\/programmateur-darrosage-tunisie\/#breadcrumb\",\"itemListElement\":[{\"@type\":\"ListItem\",\"position\":1,\"name\":\"Accueil\",\"item\":\"https:\/\/agribiotunisie.com\/\"},{\"@type\":\"ListItem\",\"position\":2,\"name\":\"Shop\",\"item\":\"https:\/\/agribiotunisie.com\/index.php\/shop-ecommerce-v1\/\"},{\"@type\":\"ListItem\",\"position\":3,\"name\":\"Programmateur d&rsquo;arrosage Automatique Gardena(made in Germany \ud83c\udde9\ud83c\uddea )\"}]},{\"@type\":\"WebSite\",\"@id\":\"https:\/\/agribiotunisie.com\/#website\",\"url\":\"https:\/\/agribiotunisie.com\/\",\"name\":\"https:\/\/agribiotunisie.com\/\",\"description\":\"\",\"potentialAction\":[{\"@type\":\"SearchAction\",\"target\":{\"@type\":\"EntryPoint\",\"urlTemplate\":\"https:\/\/agribiotunisie.com\/?s={search_term_string}\"},\"query-input\":{\"@type\":\"PropertyValueSpecification\",\"valueRequired\":true,\"valueName\":\"search_term_string\"}}],\"inLanguage\":\"fr-FR\"}]}<\/script>\n<!-- \/ Yoast SEO plugin. -->","yoast_head_json":{"title":"Programmateur d'arrosage  Automatique Gardena(made in Germany \ud83c\udde9\ud83c\uddea ) - https:\/\/agribiotunisie.com\/","robots":{"index":"index","follow":"follow","max-snippet":"max-snippet:-1","max-image-preview":"max-image-preview:large","max-video-preview":"max-video-preview:-1"},"canonical":"https:\/\/agribiotunisie.com\/index.php\/produit\/programmateur-darrosage-tunisie\/","og_locale":"fr_FR","og_type":"article","og_title":"Programmateur d'arrosage  Automatique Gardena(made in Germany \ud83c\udde9\ud83c\uddea ) - https:\/\/agribiotunisie.com\/","og_description":"\u2022 Arrosage programmable : optimisez l'eau pour des plantes en pleine sant\u00e9. \u2022 Fabrication allemande : qualit\u00e9 et durabilit\u00e9 garanties. \u2022 \u00c9conomie d'eau : arrosez efficacement tout en pr\u00e9servant la ressource. \u2022 Installation facile : pr\u00eat \u00e0 l'emploi en quelques \u00e9tapes simples. \u00a0\u0627\u0644\u0631\u064a\u0651 \u0627\u0644\u0645\u0628\u0631\u0645\u062c: \u0627\u0633\u062a\u063a\u0644 \u0627\u0644\u0645\u064a\u0627\u0647 \u0628\u0623\u0641\u0636\u0644 \u0637\u0631\u064a\u0642\u0629 \u0644\u062a\u062d\u0627\u0641\u0638 \u0639\u0644\u0649 \u0635\u062d\u0629 \u0627\u0644\u0646\u0628\u0627\u062a\u0627\u062a \u2022 \u0635\u0646\u0627\u0639\u0629 \u0623\u0644\u0645\u0627\u0646\u064a\u0629: \u062c\u0648\u062f\u0629 \u0648\u0645\u062a\u0627\u0646\u0629 \u0645\u0636\u0645\u0648\u0646\u0629 \u2022\u00a0\u062a\u0648\u0641\u064a\u0631 \u0627\u0644\u0645\u064a\u0627\u0647: \u0631\u064a\u0651 \u0641\u0639\u0651\u0627\u0644 \u0645\u0639 \u0627\u0644\u062d\u0641\u0627\u0638 \u0639\u0644\u0649 \u0627\u0644\u0645\u0648\u0627\u0631\u062f \u2022\u00a0\u0633\u0647\u0644 \u0627\u0644\u062a\u0631\u0643\u064a\u0628: \u062c\u0627\u0647\u0632 \u0644\u0644\u0627\u0633\u062a\u062e\u062f\u0627\u0645 \u0641\u064a \u0628\u0636\u0639 \u062e\u0637\u0648\u0627\u062a \u0628\u0633\u064a\u0637\u0629 \u2022 &nbsp;","og_url":"https:\/\/agribiotunisie.com\/index.php\/produit\/programmateur-darrosage-tunisie\/","og_site_name":"https:\/\/agribiotunisie.com\/","article_modified_time":"2025-10-14T14:54:30+00:00","og_image":[{"width":700,"height":700,"url":"https:\/\/agribiotunisie.com\/wp-content\/uploads\/2025\/10\/Programmateur-gardena-tunisie.jpg","type":"image\/jpeg"}],"twitter_card":"summary_large_image","twitter_misc":{"Dur\u00e9e de lecture estim\u00e9e":"1 minute"},"schema":{"@context":"https:\/\/schema.org","@graph":[{"@type":"WebPage","@id":"https:\/\/agribiotunisie.com\/index.php\/produit\/programmateur-darrosage-tunisie\/","url":"https:\/\/agribiotunisie.com\/index.php\/produit\/programmateur-darrosage-tunisie\/","name":"Programmateur d'arrosage Automatique Gardena (made in Germany \ud83c\udde9\ud83c\uddea ) - https:\/\/agribiotunisie.com\/","isPartOf":{"@id":"https:\/\/agribiotunisie.com\/#website"},"primaryImageOfPage":{"@id":"https:\/\/agribiotunisie.com\/index.php\/produit\/programmateur-darrosage-tunisie\/#primaryimage"},"image":{"@id":"https:\/\/agribiotunisie.com\/index.php\/produit\/programmateur-darrosage-tunisie\/#primaryimage"},"thumbnailUrl":"https:\/\/agribiotunisie.com\/wp-content\/uploads\/2025\/10\/Programmateur-gardena-tunisie.jpg","datePublished":"2025-10-13T12:41:02+00:00","dateModified":"2025-10-14T14:54:30+00:00","breadcrumb":{"@id":"https:\/\/agribiotunisie.com\/index.php\/produit\/programmateur-darrosage-tunisie\/#breadcrumb"},"inLanguage":"fr-FR","potentialAction":[{"@type":"ReadAction","target":["https:\/\/agribiotunisie.com\/index.php\/produit\/programmateur-darrosage-tunisie\/"]}]},{"@type":"ImageObject","inLanguage":"fr-FR","@id":"https:\/\/agribiotunisie.com\/index.php\/produit\/programmateur-darrosage-tunisie\/#primaryimage","url":"https:\/\/agribiotunisie.com\/wp-content\/uploads\/2025\/10\/Programmateur-gardena-tunisie.jpg","contentUrl":"https:\/\/agribiotunisie.com\/wp-content\/uploads\/2025\/10\/Programmateur-gardena-tunisie.jpg","width":700,"height":700},{"@type":"BreadcrumbList","@id":"https:\/\/agribiotunisie.com\/index.php\/produit\/programmateur-darrosage-tunisie\/#breadcrumb","itemListElement":[{"@type":"ListItem","position":1,"name":"Accueil","item":"https:\/\/agribiotunisie.com\/"},{"@type":"ListItem","position":2,"name":"Shop","item":"https:\/\/agribiotunisie.com\/index.php\/shop-ecommerce-v1\/"},{"@type":"ListItem","position":3,"name":"Programmateur d&rsquo;arrosage Automatique Gardena(made in Germany \ud83c\udde9\ud83c\uddea )"}]},{"@type":"WebSite","@id":"https:\/\/agribiotunisie.com\/#website","url":"https:\/\/agribiotunisie.com\/","name":"https:\/\/agribiotunisie.com\/","description":"","potentialAction":[{"@type":"SearchAction","target":{"@type":"EntryPoint","urlTemplate":"https:\/\/agribiotunisie.com\/?s={search_term_string}"},"query-input":{"@type":"PropertyValueSpecification","valueRequired":true,"valueName":"search_term_string"}}],"inLanguage":"fr-FR"}]}},"tiered_pricing_type":"fixed","tiered_pricing_fixed_rules":[],"tiered_pricing_product_settings":{"layout":"default","base_unit_name":{"singular":null,"plural":null},"default_variation":null},"tiered_pricing_minimum_quantity":null,"tiered_pricing_roles_data":[],"tiered_pricing_percentage_rules":[],"tiered_pricing_maximum_quantity":null,"tiered_pricing_quantity_step":null,"_links":{"self":[{"href":"https:\/\/agribiotunisie.com\/index.php\/wp-json\/wp\/v2\/product\/2920","targetHints":{"allow":["GET"]}}],"collection":[{"href":"https:\/\/agribiotunisie.com\/index.php\/wp-json\/wp\/v2\/product"}],"about":[{"href":"https:\/\/agribiotunisie.com\/index.php\/wp-json\/wp\/v2\/types\/product"}],"replies":[{"embeddable":true,"href":"https:\/\/agribiotunisie.com\/index.php\/wp-json\/wp\/v2\/comments?post=2920"}],"version-history":[{"count":14,"href":"https:\/\/agribiotunisie.com\/index.php\/wp-json\/wp\/v2\/product\/2920\/revisions"}],"predecessor-version":[{"id":2925,"href":"https:\/\/agribiotunisie.com\/index.php\/wp-json\/wp\/v2\/product\/2920\/revisions\/2925"}],"wp:featuredmedia":[{"embeddable":true,"href":"https:\/\/agribiotunisie.com\/index.php\/wp-json\/wp\/v2\/media\/2979"}],"wp:attachment":[{"href":"https:\/\/agribiotunisie.com\/index.php\/wp-json\/wp\/v2\/media?parent=2920"}],"wp:term":[{"taxonomy":"product_brand","embeddable":true,"href":"https:\/\/agribiotunisie.com\/index.php\/wp-json\/wp\/v2\/product_brand?post=2920"},{"taxonomy":"product_cat","embeddable":true,"href":"https:\/\/agribiotunisie.com\/index.php\/wp-json\/wp\/v2\/product_cat?post=2920"},{"taxonomy":"product_tag","embeddable":true,"href":"https:\/\/agribiotunisie.com\/index.php\/wp-json\/wp\/v2\/product_tag?post=2920"}],"curies":[{"name":"wp","href":"https:\/\/api.w.org\/{rel}","templated":true}]}}