{"id":2943,"date":"2025-10-14T14:22:00","date_gmt":"2025-10-14T12:22:00","guid":{"rendered":"https:\/\/agribiotunisie.com\/?post_type=product&#038;p=2943"},"modified":"2025-10-14T14:42:21","modified_gmt":"2025-10-14T12:42:21","slug":"lot-de-3-secateurs-de-jardin-wadflow-tunisie","status":"publish","type":"product","link":"https:\/\/agribiotunisie.com\/index.php\/produit\/lot-de-3-secateurs-de-jardin-wadflow-tunisie\/","title":{"rendered":"Lot de 3 s\u00e9cateurs de jardin WADFLOW"},"content":{"rendered":"<div class=\"col-12 pb-4 tab-panes tab-section fade show active\">\n<div class=\"product-info-tab\">\n<div class=\"value content mt-md-3\">\n<div class=\"tech-data-item row\"><strong data-start=\"89\" data-end=\"121\">Lot de 3 s\u00e9cateurs de jardin<\/strong><br data-start=\"121\" data-end=\"124\" \/>Comprend :<br data-start=\"134\" data-end=\"137\" \/>\u2022 1 s\u00e9cateur de 200 mm (8&Prime;)<br data-start=\"164\" data-end=\"167\" \/>\u2022 1 cisaille \u00e0 haies de 550 mm (22&Prime;)<br data-start=\"203\" data-end=\"206\" \/>\u2022 1 coupe-branches de 690 mm (27&Prime;)<br data-start=\"240\" data-end=\"243\" \/>\u2022 Lames trait\u00e9es thermiquement pour une meilleure durabilit\u00e9<br data-start=\"303\" data-end=\"306\" \/>\u2022 Emballage sur support en carton<\/div>\n<\/div>\n<\/div>\n<\/div>\n","protected":false},"excerpt":{"rendered":"<div dir=\"ltr\" style=\"text-align: left;\">\n<p><strong>Lot de 3 s\u00e9cateurs de jardin<\/strong><\/p>\n<p>Comprend :<\/p>\n<ul style=\"direction: ltr; text-align: left; list-style-position: inside; padding-left: 0; margin-left: 0;\">\n<li>1 s\u00e9cateur de 200 mm (8&Prime;)<\/li>\n<li>1 cisaille \u00e0 haies de 550 mm (22&Prime;)<\/li>\n<li>1 coupe-branches de 690 mm (27&Prime;)<\/li>\n<li>Lames trait\u00e9es thermiquement pour une meilleure durabilit\u00e9<\/li>\n<li>Emballage sur support en carton<\/li>\n<\/ul>\n<\/div>\n<div dir=\"rtl\" style=\"text-align: right;\">\n<p><strong>\u0637\u0642\u0645 \u0645\u0642\u0635\u0627\u062a \u062d\u062f\u064a\u0642\u0629 \u0645\u0643\u0648\u0651\u0646 \u0645\u0646 3 \u0642\u0637\u0639<\/strong><\/p>\n<p>\u064a\u062d\u062a\u0648\u064a \u0639\u0644\u0649:<\/p>\n<ul style=\"direction: rtl; text-align: right; list-style-position: inside; padding-right: 0; margin-right: 0;\">\n<li>\u0645\u0642\u0635 \u062a\u0642\u0644\u064a\u0645 \u0628\u0637\u0648\u0644 200 \u0645\u0645<\/li>\n<li>\u0645\u0642\u0635 \u0633\u064a\u0627\u062c \u0628\u0637\u0648\u0644 550 \u0645\u0645<\/li>\n<li>\u0645\u0642\u0635 \u062a\u0642\u0637\u064a\u0639 \u0627\u0644\u0623\u063a\u0635\u0627\u0646 \u0628\u0637\u0648\u0644 690 \u0645\u0645<\/li>\n<li>\u0634\u0641\u0631\u0627\u062a \u0645\u0639\u0627\u0644\u062c\u0629 \u062d\u0631\u0627\u0631\u064a\u0627\u064b \u0644\u0645\u062a\u0627\u0646\u0629 \u0639\u0627\u0644\u064a\u0629<\/li>\n<li>\u062a\u063a\u0644\u064a\u0641 \u0639\u0644\u0649 \u062d\u0627\u0645\u0644 \u0645\u0646 \u0627\u0644\u0648\u0631\u0642 \u0627\u0644\u0645\u0642\u0648\u0651\u0649<\/li>\n<\/ul>\n<\/div>\n","protected":false},"featured_media":2948,"comment_status":"open","ping_status":"closed","template":"","meta":[],"product_brand":[276],"product_cat":[121],"product_tag":[147,190,286],"class_list":{"0":"post-2943","1":"product","2":"type-product","3":"status-publish","4":"has-post-thumbnail","6":"product_brand-wadflow","7":"product_cat-agribio-materiels-agricole-tunisie","8":"product_tag-materiel-agricole-tunisie","9":"product_tag-outils-de-jardinage","10":"product_tag-secateurs-de-jardin","12":"first","13":"instock","14":"sale","15":"taxable","16":"shipping-taxable","17":"purchasable","18":"product-type-simple"},"yoast_head":"<!-- This site is optimized with the Yoast SEO plugin v27.0 - https:\/\/yoast.com\/product\/yoast-seo-wordpress\/ -->\n<title>Lot de 3 s\u00e9cateurs de jardin WADFLOW - https:\/\/agribiotunisie.com\/<\/title>\n<meta name=\"robots\" content=\"index, follow, max-snippet:-1, max-image-preview:large, max-video-preview:-1\" \/>\n<link rel=\"canonical\" href=\"https:\/\/agribiotunisie.com\/index.php\/produit\/lot-de-3-secateurs-de-jardin-wadflow-tunisie\/\" \/>\n<meta property=\"og:locale\" content=\"fr_FR\" \/>\n<meta property=\"og:type\" content=\"article\" \/>\n<meta property=\"og:title\" content=\"Lot de 3 s\u00e9cateurs de jardin WADFLOW - https:\/\/agribiotunisie.com\/\" \/>\n<meta property=\"og:description\" content=\"Lot de 3 s\u00e9cateurs de jardin  Comprend :   1 s\u00e9cateur de 200 mm (8&quot;)  1 cisaille \u00e0 haies de 550 mm (22&quot;)  1 coupe-branches de 690 mm (27&quot;)  Lames trait\u00e9es thermiquement pour une meilleure durabilit\u00e9  Emballage sur support en carton     \u0637\u0642\u0645 \u0645\u0642\u0635\u0627\u062a \u062d\u062f\u064a\u0642\u0629 \u0645\u0643\u0648\u0651\u0646 \u0645\u0646 3 \u0642\u0637\u0639  \u064a\u062d\u062a\u0648\u064a \u0639\u0644\u0649:   \u0645\u0642\u0635 \u062a\u0642\u0644\u064a\u0645 \u0628\u0637\u0648\u0644 200 \u0645\u0645  \u0645\u0642\u0635 \u0633\u064a\u0627\u062c \u0628\u0637\u0648\u0644 550 \u0645\u0645  \u0645\u0642\u0635 \u062a\u0642\u0637\u064a\u0639 \u0627\u0644\u0623\u063a\u0635\u0627\u0646 \u0628\u0637\u0648\u0644 690 \u0645\u0645  \u0634\u0641\u0631\u0627\u062a \u0645\u0639\u0627\u0644\u062c\u0629 \u062d\u0631\u0627\u0631\u064a\u0627\u064b \u0644\u0645\u062a\u0627\u0646\u0629 \u0639\u0627\u0644\u064a\u0629  \u062a\u063a\u0644\u064a\u0641 \u0639\u0644\u0649 \u062d\u0627\u0645\u0644 \u0645\u0646 \u0627\u0644\u0648\u0631\u0642 \u0627\u0644\u0645\u0642\u0648\u0651\u0649\" \/>\n<meta property=\"og:url\" content=\"https:\/\/agribiotunisie.com\/index.php\/produit\/lot-de-3-secateurs-de-jardin-wadflow-tunisie\/\" \/>\n<meta property=\"og:site_name\" content=\"https:\/\/agribiotunisie.com\/\" \/>\n<meta property=\"article:modified_time\" content=\"2025-10-14T12:42:21+00:00\" \/>\n<meta property=\"og:image\" content=\"https:\/\/agribiotunisie.com\/wp-content\/uploads\/2025\/10\/Lot-de-3-secateurs-de-jardin-WADFLOW.jpg\" \/>\n\t<meta property=\"og:image:width\" content=\"500\" \/>\n\t<meta property=\"og:image:height\" content=\"500\" \/>\n\t<meta property=\"og:image:type\" content=\"image\/jpeg\" \/>\n<meta name=\"twitter:card\" content=\"summary_large_image\" \/>\n<meta name=\"twitter:label1\" content=\"Dur\u00e9e de lecture estim\u00e9e\" \/>\n\t<meta name=\"twitter:data1\" content=\"1 minute\" \/>\n<script type=\"application\/ld+json\" class=\"yoast-schema-graph\">{\"@context\":\"https:\/\/schema.org\",\"@graph\":[{\"@type\":\"WebPage\",\"@id\":\"https:\/\/agribiotunisie.com\/index.php\/produit\/lot-de-3-secateurs-de-jardin-wadflow-tunisie\/\",\"url\":\"https:\/\/agribiotunisie.com\/index.php\/produit\/lot-de-3-secateurs-de-jardin-wadflow-tunisie\/\",\"name\":\"Lot de 3 s\u00e9cateurs de jardin WADFLOW - https:\/\/agribiotunisie.com\/\",\"isPartOf\":{\"@id\":\"https:\/\/agribiotunisie.com\/#website\"},\"primaryImageOfPage\":{\"@id\":\"https:\/\/agribiotunisie.com\/index.php\/produit\/lot-de-3-secateurs-de-jardin-wadflow-tunisie\/#primaryimage\"},\"image\":{\"@id\":\"https:\/\/agribiotunisie.com\/index.php\/produit\/lot-de-3-secateurs-de-jardin-wadflow-tunisie\/#primaryimage\"},\"thumbnailUrl\":\"https:\/\/agribiotunisie.com\/wp-content\/uploads\/2025\/10\/Lot-de-3-secateurs-de-jardin-WADFLOW.jpg\",\"datePublished\":\"2025-10-14T12:22:00+00:00\",\"dateModified\":\"2025-10-14T12:42:21+00:00\",\"breadcrumb\":{\"@id\":\"https:\/\/agribiotunisie.com\/index.php\/produit\/lot-de-3-secateurs-de-jardin-wadflow-tunisie\/#breadcrumb\"},\"inLanguage\":\"fr-FR\",\"potentialAction\":[{\"@type\":\"ReadAction\",\"target\":[\"https:\/\/agribiotunisie.com\/index.php\/produit\/lot-de-3-secateurs-de-jardin-wadflow-tunisie\/\"]}]},{\"@type\":\"ImageObject\",\"inLanguage\":\"fr-FR\",\"@id\":\"https:\/\/agribiotunisie.com\/index.php\/produit\/lot-de-3-secateurs-de-jardin-wadflow-tunisie\/#primaryimage\",\"url\":\"https:\/\/agribiotunisie.com\/wp-content\/uploads\/2025\/10\/Lot-de-3-secateurs-de-jardin-WADFLOW.jpg\",\"contentUrl\":\"https:\/\/agribiotunisie.com\/wp-content\/uploads\/2025\/10\/Lot-de-3-secateurs-de-jardin-WADFLOW.jpg\",\"width\":500,\"height\":500},{\"@type\":\"BreadcrumbList\",\"@id\":\"https:\/\/agribiotunisie.com\/index.php\/produit\/lot-de-3-secateurs-de-jardin-wadflow-tunisie\/#breadcrumb\",\"itemListElement\":[{\"@type\":\"ListItem\",\"position\":1,\"name\":\"Accueil\",\"item\":\"https:\/\/agribiotunisie.com\/\"},{\"@type\":\"ListItem\",\"position\":2,\"name\":\"Shop\",\"item\":\"https:\/\/agribiotunisie.com\/index.php\/shop-ecommerce-v1\/\"},{\"@type\":\"ListItem\",\"position\":3,\"name\":\"Lot de 3 s\u00e9cateurs de jardin WADFLOW\"}]},{\"@type\":\"WebSite\",\"@id\":\"https:\/\/agribiotunisie.com\/#website\",\"url\":\"https:\/\/agribiotunisie.com\/\",\"name\":\"https:\/\/agribiotunisie.com\/\",\"description\":\"\",\"potentialAction\":[{\"@type\":\"SearchAction\",\"target\":{\"@type\":\"EntryPoint\",\"urlTemplate\":\"https:\/\/agribiotunisie.com\/?s={search_term_string}\"},\"query-input\":{\"@type\":\"PropertyValueSpecification\",\"valueRequired\":true,\"valueName\":\"search_term_string\"}}],\"inLanguage\":\"fr-FR\"}]}<\/script>\n<!-- \/ Yoast SEO plugin. -->","yoast_head_json":{"title":"Lot de 3 s\u00e9cateurs de jardin WADFLOW - https:\/\/agribiotunisie.com\/","robots":{"index":"index","follow":"follow","max-snippet":"max-snippet:-1","max-image-preview":"max-image-preview:large","max-video-preview":"max-video-preview:-1"},"canonical":"https:\/\/agribiotunisie.com\/index.php\/produit\/lot-de-3-secateurs-de-jardin-wadflow-tunisie\/","og_locale":"fr_FR","og_type":"article","og_title":"Lot de 3 s\u00e9cateurs de jardin WADFLOW - https:\/\/agribiotunisie.com\/","og_description":"Lot de 3 s\u00e9cateurs de jardin  Comprend :   1 s\u00e9cateur de 200 mm (8\")  1 cisaille \u00e0 haies de 550 mm (22\")  1 coupe-branches de 690 mm (27\")  Lames trait\u00e9es thermiquement pour une meilleure durabilit\u00e9  Emballage sur support en carton     \u0637\u0642\u0645 \u0645\u0642\u0635\u0627\u062a \u062d\u062f\u064a\u0642\u0629 \u0645\u0643\u0648\u0651\u0646 \u0645\u0646 3 \u0642\u0637\u0639  \u064a\u062d\u062a\u0648\u064a \u0639\u0644\u0649:   \u0645\u0642\u0635 \u062a\u0642\u0644\u064a\u0645 \u0628\u0637\u0648\u0644 200 \u0645\u0645  \u0645\u0642\u0635 \u0633\u064a\u0627\u062c \u0628\u0637\u0648\u0644 550 \u0645\u0645  \u0645\u0642\u0635 \u062a\u0642\u0637\u064a\u0639 \u0627\u0644\u0623\u063a\u0635\u0627\u0646 \u0628\u0637\u0648\u0644 690 \u0645\u0645  \u0634\u0641\u0631\u0627\u062a \u0645\u0639\u0627\u0644\u062c\u0629 \u062d\u0631\u0627\u0631\u064a\u0627\u064b \u0644\u0645\u062a\u0627\u0646\u0629 \u0639\u0627\u0644\u064a\u0629  \u062a\u063a\u0644\u064a\u0641 \u0639\u0644\u0649 \u062d\u0627\u0645\u0644 \u0645\u0646 \u0627\u0644\u0648\u0631\u0642 \u0627\u0644\u0645\u0642\u0648\u0651\u0649","og_url":"https:\/\/agribiotunisie.com\/index.php\/produit\/lot-de-3-secateurs-de-jardin-wadflow-tunisie\/","og_site_name":"https:\/\/agribiotunisie.com\/","article_modified_time":"2025-10-14T12:42:21+00:00","og_image":[{"width":500,"height":500,"url":"https:\/\/agribiotunisie.com\/wp-content\/uploads\/2025\/10\/Lot-de-3-secateurs-de-jardin-WADFLOW.jpg","type":"image\/jpeg"}],"twitter_card":"summary_large_image","twitter_misc":{"Dur\u00e9e de lecture estim\u00e9e":"1 minute"},"schema":{"@context":"https:\/\/schema.org","@graph":[{"@type":"WebPage","@id":"https:\/\/agribiotunisie.com\/index.php\/produit\/lot-de-3-secateurs-de-jardin-wadflow-tunisie\/","url":"https:\/\/agribiotunisie.com\/index.php\/produit\/lot-de-3-secateurs-de-jardin-wadflow-tunisie\/","name":"Lot de 3 s\u00e9cateurs de jardin WADFLOW - https:\/\/agribiotunisie.com\/","isPartOf":{"@id":"https:\/\/agribiotunisie.com\/#website"},"primaryImageOfPage":{"@id":"https:\/\/agribiotunisie.com\/index.php\/produit\/lot-de-3-secateurs-de-jardin-wadflow-tunisie\/#primaryimage"},"image":{"@id":"https:\/\/agribiotunisie.com\/index.php\/produit\/lot-de-3-secateurs-de-jardin-wadflow-tunisie\/#primaryimage"},"thumbnailUrl":"https:\/\/agribiotunisie.com\/wp-content\/uploads\/2025\/10\/Lot-de-3-secateurs-de-jardin-WADFLOW.jpg","datePublished":"2025-10-14T12:22:00+00:00","dateModified":"2025-10-14T12:42:21+00:00","breadcrumb":{"@id":"https:\/\/agribiotunisie.com\/index.php\/produit\/lot-de-3-secateurs-de-jardin-wadflow-tunisie\/#breadcrumb"},"inLanguage":"fr-FR","potentialAction":[{"@type":"ReadAction","target":["https:\/\/agribiotunisie.com\/index.php\/produit\/lot-de-3-secateurs-de-jardin-wadflow-tunisie\/"]}]},{"@type":"ImageObject","inLanguage":"fr-FR","@id":"https:\/\/agribiotunisie.com\/index.php\/produit\/lot-de-3-secateurs-de-jardin-wadflow-tunisie\/#primaryimage","url":"https:\/\/agribiotunisie.com\/wp-content\/uploads\/2025\/10\/Lot-de-3-secateurs-de-jardin-WADFLOW.jpg","contentUrl":"https:\/\/agribiotunisie.com\/wp-content\/uploads\/2025\/10\/Lot-de-3-secateurs-de-jardin-WADFLOW.jpg","width":500,"height":500},{"@type":"BreadcrumbList","@id":"https:\/\/agribiotunisie.com\/index.php\/produit\/lot-de-3-secateurs-de-jardin-wadflow-tunisie\/#breadcrumb","itemListElement":[{"@type":"ListItem","position":1,"name":"Accueil","item":"https:\/\/agribiotunisie.com\/"},{"@type":"ListItem","position":2,"name":"Shop","item":"https:\/\/agribiotunisie.com\/index.php\/shop-ecommerce-v1\/"},{"@type":"ListItem","position":3,"name":"Lot de 3 s\u00e9cateurs de jardin WADFLOW"}]},{"@type":"WebSite","@id":"https:\/\/agribiotunisie.com\/#website","url":"https:\/\/agribiotunisie.com\/","name":"https:\/\/agribiotunisie.com\/","description":"","potentialAction":[{"@type":"SearchAction","target":{"@type":"EntryPoint","urlTemplate":"https:\/\/agribiotunisie.com\/?s={search_term_string}"},"query-input":{"@type":"PropertyValueSpecification","valueRequired":true,"valueName":"search_term_string"}}],"inLanguage":"fr-FR"}]}},"tiered_pricing_type":"fixed","tiered_pricing_fixed_rules":[],"tiered_pricing_product_settings":{"layout":"default","base_unit_name":{"singular":null,"plural":null},"default_variation":null},"tiered_pricing_minimum_quantity":null,"tiered_pricing_roles_data":[],"tiered_pricing_percentage_rules":[],"tiered_pricing_maximum_quantity":null,"tiered_pricing_quantity_step":null,"_links":{"self":[{"href":"https:\/\/agribiotunisie.com\/index.php\/wp-json\/wp\/v2\/product\/2943","targetHints":{"allow":["GET"]}}],"collection":[{"href":"https:\/\/agribiotunisie.com\/index.php\/wp-json\/wp\/v2\/product"}],"about":[{"href":"https:\/\/agribiotunisie.com\/index.php\/wp-json\/wp\/v2\/types\/product"}],"replies":[{"embeddable":true,"href":"https:\/\/agribiotunisie.com\/index.php\/wp-json\/wp\/v2\/comments?post=2943"}],"version-history":[{"count":2,"href":"https:\/\/agribiotunisie.com\/index.php\/wp-json\/wp\/v2\/product\/2943\/revisions"}],"predecessor-version":[{"id":2949,"href":"https:\/\/agribiotunisie.com\/index.php\/wp-json\/wp\/v2\/product\/2943\/revisions\/2949"}],"wp:featuredmedia":[{"embeddable":true,"href":"https:\/\/agribiotunisie.com\/index.php\/wp-json\/wp\/v2\/media\/2948"}],"wp:attachment":[{"href":"https:\/\/agribiotunisie.com\/index.php\/wp-json\/wp\/v2\/media?parent=2943"}],"wp:term":[{"taxonomy":"product_brand","embeddable":true,"href":"https:\/\/agribiotunisie.com\/index.php\/wp-json\/wp\/v2\/product_brand?post=2943"},{"taxonomy":"product_cat","embeddable":true,"href":"https:\/\/agribiotunisie.com\/index.php\/wp-json\/wp\/v2\/product_cat?post=2943"},{"taxonomy":"product_tag","embeddable":true,"href":"https:\/\/agribiotunisie.com\/index.php\/wp-json\/wp\/v2\/product_tag?post=2943"}],"curies":[{"name":"wp","href":"https:\/\/api.w.org\/{rel}","templated":true}]}}