{"id":2958,"date":"2025-10-14T15:30:40","date_gmt":"2025-10-14T13:30:40","guid":{"rendered":"https:\/\/agribiotunisie.com\/?post_type=product&#038;p=2958"},"modified":"2025-10-14T15:43:41","modified_gmt":"2025-10-14T13:43:41","slug":"taille-haie-avec-batterie-wadfow-tunisie","status":"publish","type":"product","link":"https:\/\/agribiotunisie.com\/index.php\/produit\/taille-haie-avec-batterie-wadfow-tunisie\/","title":{"rendered":"TAILLE HAIE  AVEC 1 BATTERIE 20V WADFOW"},"content":{"rendered":"<h3>Tension\u00a0:\u00a020\u00a0V<br \/>\nVitesse \u00e0 vide\u00a0:\u00a02400\/min<br \/>\nLongueur de coupe de la lame : 460 mm<br \/>\nDiam\u00e8tre de coupe maximum : 15 mm<br \/>\nLame d\u00e9coup\u00e9e au laser<\/p>\n<p>Inclure:<br \/>\n1 batterie 20 V 1,5 Ah (WLBP515).<br \/>\n1 chargeur (WFCP518)<br \/>\nVolts de Charge\u00a0: 220V-240V ~ 50\/60Hz<br \/>\nEmball\u00e9 par bo\u00eete de couleur<\/h3>\n<p>&nbsp;<\/p>\n","protected":false},"excerpt":{"rendered":"<p>L<\/p>\n<div dir=\"ltr\" style=\"text-align:left;\">\n<p><strong>Taille-haie 460 mm avec 1 batterie 20 V \u2013 WADFOW<\/strong><\/p>\n<ul style=\"direction:ltr; text-align:left; list-style-position: inside; padding-left:0; margin-left:0;\">\n<li>Tension : 20 V<\/li>\n<li>Vitesse \u00e0 vide : 2400 tr\/min<\/li>\n<li>Longueur de coupe de la lame : 460 mm<\/li>\n<li>Diam\u00e8tre de coupe maximum : 15 mm<\/li>\n<li>Lame d\u00e9coup\u00e9e au laser pour une pr\u00e9cision optimale<\/li>\n<\/ul>\n<p><strong>Inclus :<\/strong><\/p>\n<ul style=\"direction:ltr; text-align:left; list-style-position: inside; padding-left:0; margin-left:0;\">\n<li>1 batterie 20 V 1,5 Ah (WLBP515)<\/li>\n<li>1 chargeur (WFCP518)<\/li>\n<li>Voltage de charge : 220V-240V ~ 50\/60Hz<\/li>\n<li>Emball\u00e9 en bo\u00eete couleur<\/li>\n<\/ul>\n<\/div>\n<div dir=\"rtl\" style=\"text-align:right;\">\n<p><strong>\u0645\u0642\u0635 \u0633\u064a\u0627\u062c \u0628\u0637\u0648\u0644 460 \u0645\u0645 \u0645\u0639 \u0628\u0637\u0627\u0631\u064a\u0629 20 \u0641\u0648\u0644\u062a \u2013 WADFOW<\/strong><\/p>\n<ul style=\"direction:rtl; text-align:right; list-style-position: inside; padding-right:0; margin-right:0;\">\n<li>\u0627\u0644\u062c\u0647\u062f \u0627\u0644\u0643\u0647\u0631\u0628\u0627\u0626\u064a: 20 \u0641\u0648\u0644\u062a<\/li>\n<li>\u0627\u0644\u0633\u0631\u0639\u0629 \u0628\u062f\u0648\u0646 \u062a\u062d\u0645\u064a\u0644: 2400 \u062f\u0648\u0631\u0629\/\u062f\u0642\u064a\u0642\u0629<\/li>\n<li>\u0637\u0648\u0644 \u0634\u0641\u0631\u0629 \u0627\u0644\u0642\u0637\u0639: 460 \u0645\u0645<\/li>\n<li>\u0627\u0644\u0642\u0637\u0631 \u0627\u0644\u0623\u0642\u0635\u0649 \u0644\u0644\u0642\u0637\u0639: 15 \u0645\u0645<\/li>\n<li>\u0634\u0641\u0631\u0629 \u0645\u0642\u0637\u0648\u0639\u0629 \u0628\u0627\u0644\u0644\u064a\u0632\u0631 \u0644\u062f\u0642\u0629 \u0639\u0627\u0644\u064a\u0629<\/li>\n<\/ul>\n<p><strong>\u064a\u062a\u0636\u0645\u0646:<\/strong><\/p>\n<ul style=\"direction:rtl; text-align:right; list-style-position: inside; padding-right:0; margin-right:0;\">\n<li>\u0628\u0637\u0627\u0631\u064a\u0629 20 \u0641\u0648\u0644\u062a 1.5 \u0623\u0645\u0628\u064a\u0631 (WLBP515)<\/li>\n<li>\u0634\u0627\u062d\u0646 (WFCP518)<\/li>\n<li>\u062c\u0647\u062f \u0627\u0644\u0634\u062d\u0646: 220-240 \u0641\u0648\u0644\u062a ~ 50\/60 \u0647\u0631\u062a\u0632<\/li>\n<li>\u0645\u0639\u0628\u0623 \u0641\u064a \u0639\u0644\u0628\u0629 \u0645\u0644\u0648\u0646\u0629<\/li>\n<\/ul>\n<\/div>\n","protected":false},"featured_media":2961,"comment_status":"open","ping_status":"closed","template":"","meta":[],"product_brand":[276],"product_cat":[121],"product_tag":[147,285,284],"class_list":{"0":"post-2958","1":"product","2":"type-product","3":"status-publish","4":"has-post-thumbnail","6":"product_brand-wadflow","7":"product_cat-agribio-materiels-agricole-tunisie","8":"product_tag-materiel-agricole-tunisie","9":"product_tag-outil-de-jardin-batterie","10":"product_tag-taille-haie-20-v","12":"first","13":"instock","14":"sale","15":"taxable","16":"shipping-taxable","17":"purchasable","18":"product-type-simple"},"yoast_head":"<!-- This site is optimized with the Yoast SEO plugin v27.0 - https:\/\/yoast.com\/product\/yoast-seo-wordpress\/ -->\n<title>TAILLE HAIE AVEC 1 BATTERIE 20V WADFOW - https:\/\/agribiotunisie.com\/<\/title>\n<meta name=\"robots\" content=\"index, follow, max-snippet:-1, max-image-preview:large, max-video-preview:-1\" \/>\n<link rel=\"canonical\" href=\"https:\/\/agribiotunisie.com\/index.php\/produit\/taille-haie-avec-batterie-wadfow-tunisie\/\" \/>\n<meta property=\"og:locale\" content=\"fr_FR\" \/>\n<meta property=\"og:type\" content=\"article\" \/>\n<meta property=\"og:title\" content=\"TAILLE HAIE AVEC 1 BATTERIE 20V WADFOW - https:\/\/agribiotunisie.com\/\" \/>\n<meta property=\"og:description\" content=\"L  Taille-haie 460 mm avec 1 batterie 20 V \u2013 WADFOW     Tension : 20 V   Vitesse \u00e0 vide : 2400 tr\/min   Longueur de coupe de la lame : 460 mm   Diam\u00e8tre de coupe maximum : 15 mm   Lame d\u00e9coup\u00e9e au laser pour une pr\u00e9cision optimale    Inclus :     1 batterie 20 V 1,5 Ah (WLBP515)   1 chargeur (WFCP518)   Voltage de charge : 220V-240V ~ 50\/60Hz   Emball\u00e9 en bo\u00eete couleur      \u0645\u0642\u0635 \u0633\u064a\u0627\u062c \u0628\u0637\u0648\u0644 460 \u0645\u0645 \u0645\u0639 \u0628\u0637\u0627\u0631\u064a\u0629 20 \u0641\u0648\u0644\u062a \u2013 WADFOW     \u0627\u0644\u062c\u0647\u062f \u0627\u0644\u0643\u0647\u0631\u0628\u0627\u0626\u064a: 20 \u0641\u0648\u0644\u062a   \u0627\u0644\u0633\u0631\u0639\u0629 \u0628\u062f\u0648\u0646 \u062a\u062d\u0645\u064a\u0644: 2400 \u062f\u0648\u0631\u0629\/\u062f\u0642\u064a\u0642\u0629   \u0637\u0648\u0644 \u0634\u0641\u0631\u0629 \u0627\u0644\u0642\u0637\u0639: 460 \u0645\u0645   \u0627\u0644\u0642\u0637\u0631 \u0627\u0644\u0623\u0642\u0635\u0649 \u0644\u0644\u0642\u0637\u0639: 15 \u0645\u0645   \u0634\u0641\u0631\u0629 \u0645\u0642\u0637\u0648\u0639\u0629 \u0628\u0627\u0644\u0644\u064a\u0632\u0631 \u0644\u062f\u0642\u0629 \u0639\u0627\u0644\u064a\u0629    \u064a\u062a\u0636\u0645\u0646:     \u0628\u0637\u0627\u0631\u064a\u0629 20 \u0641\u0648\u0644\u062a 1.5 \u0623\u0645\u0628\u064a\u0631 (WLBP515)   \u0634\u0627\u062d\u0646 (WFCP518)   \u062c\u0647\u062f \u0627\u0644\u0634\u062d\u0646: 220-240 \u0641\u0648\u0644\u062a ~ 50\/60 \u0647\u0631\u062a\u0632   \u0645\u0639\u0628\u0623 \u0641\u064a \u0639\u0644\u0628\u0629 \u0645\u0644\u0648\u0646\u0629\" \/>\n<meta property=\"og:url\" content=\"https:\/\/agribiotunisie.com\/index.php\/produit\/taille-haie-avec-batterie-wadfow-tunisie\/\" \/>\n<meta property=\"og:site_name\" content=\"https:\/\/agribiotunisie.com\/\" \/>\n<meta property=\"article:modified_time\" content=\"2025-10-14T13:43:41+00:00\" \/>\n<meta property=\"og:image\" content=\"https:\/\/agribiotunisie.com\/wp-content\/uploads\/2025\/10\/TAILLE-HAIE-WADFOW-WADFOW-tunisie.jpg\" \/>\n\t<meta property=\"og:image:width\" content=\"500\" \/>\n\t<meta property=\"og:image:height\" content=\"500\" \/>\n\t<meta property=\"og:image:type\" content=\"image\/jpeg\" \/>\n<meta name=\"twitter:card\" content=\"summary_large_image\" \/>\n<meta name=\"twitter:label1\" content=\"Dur\u00e9e de lecture estim\u00e9e\" \/>\n\t<meta name=\"twitter:data1\" content=\"1 minute\" \/>\n<script type=\"application\/ld+json\" class=\"yoast-schema-graph\">{\"@context\":\"https:\/\/schema.org\",\"@graph\":[{\"@type\":\"WebPage\",\"@id\":\"https:\/\/agribiotunisie.com\/index.php\/produit\/taille-haie-avec-batterie-wadfow-tunisie\/\",\"url\":\"https:\/\/agribiotunisie.com\/index.php\/produit\/taille-haie-avec-batterie-wadfow-tunisie\/\",\"name\":\"TAILLE HAIE AVEC 1 BATTERIE 20V WADFOW - https:\/\/agribiotunisie.com\/\",\"isPartOf\":{\"@id\":\"https:\/\/agribiotunisie.com\/#website\"},\"primaryImageOfPage\":{\"@id\":\"https:\/\/agribiotunisie.com\/index.php\/produit\/taille-haie-avec-batterie-wadfow-tunisie\/#primaryimage\"},\"image\":{\"@id\":\"https:\/\/agribiotunisie.com\/index.php\/produit\/taille-haie-avec-batterie-wadfow-tunisie\/#primaryimage\"},\"thumbnailUrl\":\"https:\/\/agribiotunisie.com\/wp-content\/uploads\/2025\/10\/TAILLE-HAIE-WADFOW-WADFOW-tunisie.jpg\",\"datePublished\":\"2025-10-14T13:30:40+00:00\",\"dateModified\":\"2025-10-14T13:43:41+00:00\",\"breadcrumb\":{\"@id\":\"https:\/\/agribiotunisie.com\/index.php\/produit\/taille-haie-avec-batterie-wadfow-tunisie\/#breadcrumb\"},\"inLanguage\":\"fr-FR\",\"potentialAction\":[{\"@type\":\"ReadAction\",\"target\":[\"https:\/\/agribiotunisie.com\/index.php\/produit\/taille-haie-avec-batterie-wadfow-tunisie\/\"]}]},{\"@type\":\"ImageObject\",\"inLanguage\":\"fr-FR\",\"@id\":\"https:\/\/agribiotunisie.com\/index.php\/produit\/taille-haie-avec-batterie-wadfow-tunisie\/#primaryimage\",\"url\":\"https:\/\/agribiotunisie.com\/wp-content\/uploads\/2025\/10\/TAILLE-HAIE-WADFOW-WADFOW-tunisie.jpg\",\"contentUrl\":\"https:\/\/agribiotunisie.com\/wp-content\/uploads\/2025\/10\/TAILLE-HAIE-WADFOW-WADFOW-tunisie.jpg\",\"width\":500,\"height\":500},{\"@type\":\"BreadcrumbList\",\"@id\":\"https:\/\/agribiotunisie.com\/index.php\/produit\/taille-haie-avec-batterie-wadfow-tunisie\/#breadcrumb\",\"itemListElement\":[{\"@type\":\"ListItem\",\"position\":1,\"name\":\"Accueil\",\"item\":\"https:\/\/agribiotunisie.com\/\"},{\"@type\":\"ListItem\",\"position\":2,\"name\":\"Shop\",\"item\":\"https:\/\/agribiotunisie.com\/index.php\/shop-ecommerce-v1\/\"},{\"@type\":\"ListItem\",\"position\":3,\"name\":\"TAILLE HAIE AVEC 1 BATTERIE 20V WADFOW\"}]},{\"@type\":\"WebSite\",\"@id\":\"https:\/\/agribiotunisie.com\/#website\",\"url\":\"https:\/\/agribiotunisie.com\/\",\"name\":\"https:\/\/agribiotunisie.com\/\",\"description\":\"\",\"potentialAction\":[{\"@type\":\"SearchAction\",\"target\":{\"@type\":\"EntryPoint\",\"urlTemplate\":\"https:\/\/agribiotunisie.com\/?s={search_term_string}\"},\"query-input\":{\"@type\":\"PropertyValueSpecification\",\"valueRequired\":true,\"valueName\":\"search_term_string\"}}],\"inLanguage\":\"fr-FR\"}]}<\/script>\n<!-- \/ Yoast SEO plugin. -->","yoast_head_json":{"title":"TAILLE HAIE AVEC 1 BATTERIE 20V WADFOW - https:\/\/agribiotunisie.com\/","robots":{"index":"index","follow":"follow","max-snippet":"max-snippet:-1","max-image-preview":"max-image-preview:large","max-video-preview":"max-video-preview:-1"},"canonical":"https:\/\/agribiotunisie.com\/index.php\/produit\/taille-haie-avec-batterie-wadfow-tunisie\/","og_locale":"fr_FR","og_type":"article","og_title":"TAILLE HAIE AVEC 1 BATTERIE 20V WADFOW - https:\/\/agribiotunisie.com\/","og_description":"L  Taille-haie 460 mm avec 1 batterie 20 V \u2013 WADFOW     Tension : 20 V   Vitesse \u00e0 vide : 2400 tr\/min   Longueur de coupe de la lame : 460 mm   Diam\u00e8tre de coupe maximum : 15 mm   Lame d\u00e9coup\u00e9e au laser pour une pr\u00e9cision optimale    Inclus :     1 batterie 20 V 1,5 Ah (WLBP515)   1 chargeur (WFCP518)   Voltage de charge : 220V-240V ~ 50\/60Hz   Emball\u00e9 en bo\u00eete couleur      \u0645\u0642\u0635 \u0633\u064a\u0627\u062c \u0628\u0637\u0648\u0644 460 \u0645\u0645 \u0645\u0639 \u0628\u0637\u0627\u0631\u064a\u0629 20 \u0641\u0648\u0644\u062a \u2013 WADFOW     \u0627\u0644\u062c\u0647\u062f \u0627\u0644\u0643\u0647\u0631\u0628\u0627\u0626\u064a: 20 \u0641\u0648\u0644\u062a   \u0627\u0644\u0633\u0631\u0639\u0629 \u0628\u062f\u0648\u0646 \u062a\u062d\u0645\u064a\u0644: 2400 \u062f\u0648\u0631\u0629\/\u062f\u0642\u064a\u0642\u0629   \u0637\u0648\u0644 \u0634\u0641\u0631\u0629 \u0627\u0644\u0642\u0637\u0639: 460 \u0645\u0645   \u0627\u0644\u0642\u0637\u0631 \u0627\u0644\u0623\u0642\u0635\u0649 \u0644\u0644\u0642\u0637\u0639: 15 \u0645\u0645   \u0634\u0641\u0631\u0629 \u0645\u0642\u0637\u0648\u0639\u0629 \u0628\u0627\u0644\u0644\u064a\u0632\u0631 \u0644\u062f\u0642\u0629 \u0639\u0627\u0644\u064a\u0629    \u064a\u062a\u0636\u0645\u0646:     \u0628\u0637\u0627\u0631\u064a\u0629 20 \u0641\u0648\u0644\u062a 1.5 \u0623\u0645\u0628\u064a\u0631 (WLBP515)   \u0634\u0627\u062d\u0646 (WFCP518)   \u062c\u0647\u062f \u0627\u0644\u0634\u062d\u0646: 220-240 \u0641\u0648\u0644\u062a ~ 50\/60 \u0647\u0631\u062a\u0632   \u0645\u0639\u0628\u0623 \u0641\u064a \u0639\u0644\u0628\u0629 \u0645\u0644\u0648\u0646\u0629","og_url":"https:\/\/agribiotunisie.com\/index.php\/produit\/taille-haie-avec-batterie-wadfow-tunisie\/","og_site_name":"https:\/\/agribiotunisie.com\/","article_modified_time":"2025-10-14T13:43:41+00:00","og_image":[{"width":500,"height":500,"url":"https:\/\/agribiotunisie.com\/wp-content\/uploads\/2025\/10\/TAILLE-HAIE-WADFOW-WADFOW-tunisie.jpg","type":"image\/jpeg"}],"twitter_card":"summary_large_image","twitter_misc":{"Dur\u00e9e de lecture estim\u00e9e":"1 minute"},"schema":{"@context":"https:\/\/schema.org","@graph":[{"@type":"WebPage","@id":"https:\/\/agribiotunisie.com\/index.php\/produit\/taille-haie-avec-batterie-wadfow-tunisie\/","url":"https:\/\/agribiotunisie.com\/index.php\/produit\/taille-haie-avec-batterie-wadfow-tunisie\/","name":"TAILLE HAIE AVEC 1 BATTERIE 20V WADFOW - https:\/\/agribiotunisie.com\/","isPartOf":{"@id":"https:\/\/agribiotunisie.com\/#website"},"primaryImageOfPage":{"@id":"https:\/\/agribiotunisie.com\/index.php\/produit\/taille-haie-avec-batterie-wadfow-tunisie\/#primaryimage"},"image":{"@id":"https:\/\/agribiotunisie.com\/index.php\/produit\/taille-haie-avec-batterie-wadfow-tunisie\/#primaryimage"},"thumbnailUrl":"https:\/\/agribiotunisie.com\/wp-content\/uploads\/2025\/10\/TAILLE-HAIE-WADFOW-WADFOW-tunisie.jpg","datePublished":"2025-10-14T13:30:40+00:00","dateModified":"2025-10-14T13:43:41+00:00","breadcrumb":{"@id":"https:\/\/agribiotunisie.com\/index.php\/produit\/taille-haie-avec-batterie-wadfow-tunisie\/#breadcrumb"},"inLanguage":"fr-FR","potentialAction":[{"@type":"ReadAction","target":["https:\/\/agribiotunisie.com\/index.php\/produit\/taille-haie-avec-batterie-wadfow-tunisie\/"]}]},{"@type":"ImageObject","inLanguage":"fr-FR","@id":"https:\/\/agribiotunisie.com\/index.php\/produit\/taille-haie-avec-batterie-wadfow-tunisie\/#primaryimage","url":"https:\/\/agribiotunisie.com\/wp-content\/uploads\/2025\/10\/TAILLE-HAIE-WADFOW-WADFOW-tunisie.jpg","contentUrl":"https:\/\/agribiotunisie.com\/wp-content\/uploads\/2025\/10\/TAILLE-HAIE-WADFOW-WADFOW-tunisie.jpg","width":500,"height":500},{"@type":"BreadcrumbList","@id":"https:\/\/agribiotunisie.com\/index.php\/produit\/taille-haie-avec-batterie-wadfow-tunisie\/#breadcrumb","itemListElement":[{"@type":"ListItem","position":1,"name":"Accueil","item":"https:\/\/agribiotunisie.com\/"},{"@type":"ListItem","position":2,"name":"Shop","item":"https:\/\/agribiotunisie.com\/index.php\/shop-ecommerce-v1\/"},{"@type":"ListItem","position":3,"name":"TAILLE HAIE AVEC 1 BATTERIE 20V WADFOW"}]},{"@type":"WebSite","@id":"https:\/\/agribiotunisie.com\/#website","url":"https:\/\/agribiotunisie.com\/","name":"https:\/\/agribiotunisie.com\/","description":"","potentialAction":[{"@type":"SearchAction","target":{"@type":"EntryPoint","urlTemplate":"https:\/\/agribiotunisie.com\/?s={search_term_string}"},"query-input":{"@type":"PropertyValueSpecification","valueRequired":true,"valueName":"search_term_string"}}],"inLanguage":"fr-FR"}]}},"tiered_pricing_type":"fixed","tiered_pricing_fixed_rules":[],"tiered_pricing_product_settings":{"layout":"default","base_unit_name":{"singular":null,"plural":null},"default_variation":null},"tiered_pricing_minimum_quantity":null,"tiered_pricing_roles_data":[],"tiered_pricing_percentage_rules":[],"tiered_pricing_maximum_quantity":null,"tiered_pricing_quantity_step":null,"_links":{"self":[{"href":"https:\/\/agribiotunisie.com\/index.php\/wp-json\/wp\/v2\/product\/2958","targetHints":{"allow":["GET"]}}],"collection":[{"href":"https:\/\/agribiotunisie.com\/index.php\/wp-json\/wp\/v2\/product"}],"about":[{"href":"https:\/\/agribiotunisie.com\/index.php\/wp-json\/wp\/v2\/types\/product"}],"replies":[{"embeddable":true,"href":"https:\/\/agribiotunisie.com\/index.php\/wp-json\/wp\/v2\/comments?post=2958"}],"version-history":[{"count":2,"href":"https:\/\/agribiotunisie.com\/index.php\/wp-json\/wp\/v2\/product\/2958\/revisions"}],"predecessor-version":[{"id":2968,"href":"https:\/\/agribiotunisie.com\/index.php\/wp-json\/wp\/v2\/product\/2958\/revisions\/2968"}],"wp:featuredmedia":[{"embeddable":true,"href":"https:\/\/agribiotunisie.com\/index.php\/wp-json\/wp\/v2\/media\/2961"}],"wp:attachment":[{"href":"https:\/\/agribiotunisie.com\/index.php\/wp-json\/wp\/v2\/media?parent=2958"}],"wp:term":[{"taxonomy":"product_brand","embeddable":true,"href":"https:\/\/agribiotunisie.com\/index.php\/wp-json\/wp\/v2\/product_brand?post=2958"},{"taxonomy":"product_cat","embeddable":true,"href":"https:\/\/agribiotunisie.com\/index.php\/wp-json\/wp\/v2\/product_cat?post=2958"},{"taxonomy":"product_tag","embeddable":true,"href":"https:\/\/agribiotunisie.com\/index.php\/wp-json\/wp\/v2\/product_tag?post=2958"}],"curies":[{"name":"wp","href":"https:\/\/api.w.org\/{rel}","templated":true}]}}