{"id":2963,"date":"2025-10-14T15:45:34","date_gmt":"2025-10-14T13:45:34","guid":{"rendered":"https:\/\/agribiotunisie.com\/?post_type=product&#038;p=2963"},"modified":"2026-01-25T01:38:38","modified_gmt":"2026-01-25T00:38:38","slug":"mini-tronconneuse-wadfow-tunisie","status":"publish","type":"product","link":"https:\/\/agribiotunisie.com\/index.php\/produit\/mini-tronconneuse-wadfow-tunisie\/","title":{"rendered":"Mini Tron\u00e7onneuse WADFOW tunisie"},"content":{"rendered":"<p><strong>Le kit inclut :<\/strong><\/p>\n<ul style=\"direction: ltr; text-align: left; list-style-position: inside; padding-left: 0; margin-left: 0;\">\n<li>Tron\u00e7onneuse 20 V<\/li>\n<li>1 batterie 2,0 Ah<\/li>\n<li>1 chargeur<\/li>\n<\/ul>\n<p><strong>Sp\u00e9cifications :<\/strong><\/p>\n<ul style=\"direction: ltr; text-align: left; list-style-position: inside; padding-left: 0; margin-left: 0;\">\n<li>Voltage : 20 V<\/li>\n<li>Guide cha\u00eene : 5&Prime; (13 cm)<\/li>\n<\/ul>\n","protected":false},"excerpt":{"rendered":"<div dir=\"ltr\" style=\"text-align: left;\">\n<p><strong>Mini tron\u00e7onneuse \u00e9lectrique \u00e0 batterie \u2013 Lame 13 cm<\/strong><\/p>\n<ul style=\"direction: ltr; text-align: left; list-style-position: inside; padding-left: 0; margin-left: 0;\">\n<li>Lame de 13 cm id\u00e9ale pour couper le bois et \u00e9laguer les branches en toute s\u00e9curit\u00e9<\/li>\n<li>Capable de couper des troncs jusqu\u2019\u00e0 10 cm de diam\u00e8tre<\/li>\n<li>Syst\u00e8me de lubrification automatique de la cha\u00eene<\/li>\n<li>Utilisation domestique avec une grande libert\u00e9 de mouvements<\/li>\n<li>Vitesse de la cha\u00eene : 5 m\/s<\/li>\n<\/ul>\n<\/div>\n<div dir=\"rtl\" style=\"text-align: right;\">\n<ul style=\"direction: rtl; text-align: right; list-style-position: inside; padding-right: 0; margin-right: 0;\">\n<li style=\"text-align: right;\"><\/li>\n<\/ul>\n<\/div>\n","protected":false},"featured_media":2964,"comment_status":"open","ping_status":"closed","template":"","meta":[],"product_brand":[276],"product_cat":[121],"product_tag":[283,147,282],"class_list":{"0":"post-2963","1":"product","2":"type-product","3":"status-publish","4":"has-post-thumbnail","6":"product_brand-wadflow","7":"product_cat-agribio-materiels-agricole-tunisie","8":"product_tag-equipement-jardinage","9":"product_tag-materiel-agricole-tunisie","10":"product_tag-tronconneuse-mini","12":"first","13":"instock","14":"sale","15":"taxable","16":"shipping-taxable","17":"purchasable","18":"product-type-simple"},"yoast_head":"<!-- This site is optimized with the Yoast SEO plugin v27.0 - https:\/\/yoast.com\/product\/yoast-seo-wordpress\/ -->\n<title>Mini Tron\u00e7onneuse WADFOW tunisie - https:\/\/agribiotunisie.com\/<\/title>\n<meta name=\"robots\" content=\"index, follow, max-snippet:-1, max-image-preview:large, max-video-preview:-1\" \/>\n<link rel=\"canonical\" href=\"https:\/\/agribiotunisie.com\/index.php\/produit\/mini-tronconneuse-wadfow-tunisie\/\" \/>\n<meta property=\"og:locale\" content=\"fr_FR\" \/>\n<meta property=\"og:type\" content=\"article\" \/>\n<meta property=\"og:title\" content=\"Mini Tron\u00e7onneuse WADFOW tunisie - https:\/\/agribiotunisie.com\/\" \/>\n<meta property=\"og:description\" content=\"Mini tron\u00e7onneuse \u00e9lectrique \u00e0 batterie \u2013 Lame 13 cm   Lame de 13 cm id\u00e9ale pour couper le bois et \u00e9laguer les branches en toute s\u00e9curit\u00e9  Capable de couper des troncs jusqu\u2019\u00e0 10 cm de diam\u00e8tre  Syst\u00e8me de lubrification automatique de la cha\u00eene  Utilisation domestique avec une grande libert\u00e9 de mouvements  Vitesse de la cha\u00eene : 5 m\/s\" \/>\n<meta property=\"og:url\" content=\"https:\/\/agribiotunisie.com\/index.php\/produit\/mini-tronconneuse-wadfow-tunisie\/\" \/>\n<meta property=\"og:site_name\" content=\"https:\/\/agribiotunisie.com\/\" \/>\n<meta property=\"article:modified_time\" content=\"2026-01-25T00:38:38+00:00\" \/>\n<meta property=\"og:image\" content=\"https:\/\/agribiotunisie.com\/wp-content\/uploads\/2025\/10\/Mini-Tronconneuse-WADFOW-tunisie.jpg\" \/>\n\t<meta property=\"og:image:width\" content=\"500\" \/>\n\t<meta property=\"og:image:height\" content=\"500\" \/>\n\t<meta property=\"og:image:type\" content=\"image\/jpeg\" \/>\n<meta name=\"twitter:card\" content=\"summary_large_image\" \/>\n<meta name=\"twitter:label1\" content=\"Dur\u00e9e de lecture estim\u00e9e\" \/>\n\t<meta name=\"twitter:data1\" content=\"1 minute\" \/>\n<script type=\"application\/ld+json\" class=\"yoast-schema-graph\">{\"@context\":\"https:\/\/schema.org\",\"@graph\":[{\"@type\":\"WebPage\",\"@id\":\"https:\/\/agribiotunisie.com\/index.php\/produit\/mini-tronconneuse-wadfow-tunisie\/\",\"url\":\"https:\/\/agribiotunisie.com\/index.php\/produit\/mini-tronconneuse-wadfow-tunisie\/\",\"name\":\"Mini Tron\u00e7onneuse WADFOW tunisie - https:\/\/agribiotunisie.com\/\",\"isPartOf\":{\"@id\":\"https:\/\/agribiotunisie.com\/#website\"},\"primaryImageOfPage\":{\"@id\":\"https:\/\/agribiotunisie.com\/index.php\/produit\/mini-tronconneuse-wadfow-tunisie\/#primaryimage\"},\"image\":{\"@id\":\"https:\/\/agribiotunisie.com\/index.php\/produit\/mini-tronconneuse-wadfow-tunisie\/#primaryimage\"},\"thumbnailUrl\":\"https:\/\/agribiotunisie.com\/wp-content\/uploads\/2025\/10\/Mini-Tronconneuse-WADFOW-tunisie.jpg\",\"datePublished\":\"2025-10-14T13:45:34+00:00\",\"dateModified\":\"2026-01-25T00:38:38+00:00\",\"breadcrumb\":{\"@id\":\"https:\/\/agribiotunisie.com\/index.php\/produit\/mini-tronconneuse-wadfow-tunisie\/#breadcrumb\"},\"inLanguage\":\"fr-FR\",\"potentialAction\":[{\"@type\":\"ReadAction\",\"target\":[\"https:\/\/agribiotunisie.com\/index.php\/produit\/mini-tronconneuse-wadfow-tunisie\/\"]}]},{\"@type\":\"ImageObject\",\"inLanguage\":\"fr-FR\",\"@id\":\"https:\/\/agribiotunisie.com\/index.php\/produit\/mini-tronconneuse-wadfow-tunisie\/#primaryimage\",\"url\":\"https:\/\/agribiotunisie.com\/wp-content\/uploads\/2025\/10\/Mini-Tronconneuse-WADFOW-tunisie.jpg\",\"contentUrl\":\"https:\/\/agribiotunisie.com\/wp-content\/uploads\/2025\/10\/Mini-Tronconneuse-WADFOW-tunisie.jpg\",\"width\":500,\"height\":500},{\"@type\":\"BreadcrumbList\",\"@id\":\"https:\/\/agribiotunisie.com\/index.php\/produit\/mini-tronconneuse-wadfow-tunisie\/#breadcrumb\",\"itemListElement\":[{\"@type\":\"ListItem\",\"position\":1,\"name\":\"Accueil\",\"item\":\"https:\/\/agribiotunisie.com\/\"},{\"@type\":\"ListItem\",\"position\":2,\"name\":\"Shop\",\"item\":\"https:\/\/agribiotunisie.com\/index.php\/shop-ecommerce-v1\/\"},{\"@type\":\"ListItem\",\"position\":3,\"name\":\"Mini Tron\u00e7onneuse WADFOW tunisie\"}]},{\"@type\":\"WebSite\",\"@id\":\"https:\/\/agribiotunisie.com\/#website\",\"url\":\"https:\/\/agribiotunisie.com\/\",\"name\":\"https:\/\/agribiotunisie.com\/\",\"description\":\"\",\"potentialAction\":[{\"@type\":\"SearchAction\",\"target\":{\"@type\":\"EntryPoint\",\"urlTemplate\":\"https:\/\/agribiotunisie.com\/?s={search_term_string}\"},\"query-input\":{\"@type\":\"PropertyValueSpecification\",\"valueRequired\":true,\"valueName\":\"search_term_string\"}}],\"inLanguage\":\"fr-FR\"}]}<\/script>\n<!-- \/ Yoast SEO plugin. -->","yoast_head_json":{"title":"Mini Tron\u00e7onneuse WADFOW tunisie - https:\/\/agribiotunisie.com\/","robots":{"index":"index","follow":"follow","max-snippet":"max-snippet:-1","max-image-preview":"max-image-preview:large","max-video-preview":"max-video-preview:-1"},"canonical":"https:\/\/agribiotunisie.com\/index.php\/produit\/mini-tronconneuse-wadfow-tunisie\/","og_locale":"fr_FR","og_type":"article","og_title":"Mini Tron\u00e7onneuse WADFOW tunisie - https:\/\/agribiotunisie.com\/","og_description":"Mini tron\u00e7onneuse \u00e9lectrique \u00e0 batterie \u2013 Lame 13 cm   Lame de 13 cm id\u00e9ale pour couper le bois et \u00e9laguer les branches en toute s\u00e9curit\u00e9  Capable de couper des troncs jusqu\u2019\u00e0 10 cm de diam\u00e8tre  Syst\u00e8me de lubrification automatique de la cha\u00eene  Utilisation domestique avec une grande libert\u00e9 de mouvements  Vitesse de la cha\u00eene : 5 m\/s","og_url":"https:\/\/agribiotunisie.com\/index.php\/produit\/mini-tronconneuse-wadfow-tunisie\/","og_site_name":"https:\/\/agribiotunisie.com\/","article_modified_time":"2026-01-25T00:38:38+00:00","og_image":[{"width":500,"height":500,"url":"https:\/\/agribiotunisie.com\/wp-content\/uploads\/2025\/10\/Mini-Tronconneuse-WADFOW-tunisie.jpg","type":"image\/jpeg"}],"twitter_card":"summary_large_image","twitter_misc":{"Dur\u00e9e de lecture estim\u00e9e":"1 minute"},"schema":{"@context":"https:\/\/schema.org","@graph":[{"@type":"WebPage","@id":"https:\/\/agribiotunisie.com\/index.php\/produit\/mini-tronconneuse-wadfow-tunisie\/","url":"https:\/\/agribiotunisie.com\/index.php\/produit\/mini-tronconneuse-wadfow-tunisie\/","name":"Mini Tron\u00e7onneuse WADFOW tunisie - https:\/\/agribiotunisie.com\/","isPartOf":{"@id":"https:\/\/agribiotunisie.com\/#website"},"primaryImageOfPage":{"@id":"https:\/\/agribiotunisie.com\/index.php\/produit\/mini-tronconneuse-wadfow-tunisie\/#primaryimage"},"image":{"@id":"https:\/\/agribiotunisie.com\/index.php\/produit\/mini-tronconneuse-wadfow-tunisie\/#primaryimage"},"thumbnailUrl":"https:\/\/agribiotunisie.com\/wp-content\/uploads\/2025\/10\/Mini-Tronconneuse-WADFOW-tunisie.jpg","datePublished":"2025-10-14T13:45:34+00:00","dateModified":"2026-01-25T00:38:38+00:00","breadcrumb":{"@id":"https:\/\/agribiotunisie.com\/index.php\/produit\/mini-tronconneuse-wadfow-tunisie\/#breadcrumb"},"inLanguage":"fr-FR","potentialAction":[{"@type":"ReadAction","target":["https:\/\/agribiotunisie.com\/index.php\/produit\/mini-tronconneuse-wadfow-tunisie\/"]}]},{"@type":"ImageObject","inLanguage":"fr-FR","@id":"https:\/\/agribiotunisie.com\/index.php\/produit\/mini-tronconneuse-wadfow-tunisie\/#primaryimage","url":"https:\/\/agribiotunisie.com\/wp-content\/uploads\/2025\/10\/Mini-Tronconneuse-WADFOW-tunisie.jpg","contentUrl":"https:\/\/agribiotunisie.com\/wp-content\/uploads\/2025\/10\/Mini-Tronconneuse-WADFOW-tunisie.jpg","width":500,"height":500},{"@type":"BreadcrumbList","@id":"https:\/\/agribiotunisie.com\/index.php\/produit\/mini-tronconneuse-wadfow-tunisie\/#breadcrumb","itemListElement":[{"@type":"ListItem","position":1,"name":"Accueil","item":"https:\/\/agribiotunisie.com\/"},{"@type":"ListItem","position":2,"name":"Shop","item":"https:\/\/agribiotunisie.com\/index.php\/shop-ecommerce-v1\/"},{"@type":"ListItem","position":3,"name":"Mini Tron\u00e7onneuse WADFOW tunisie"}]},{"@type":"WebSite","@id":"https:\/\/agribiotunisie.com\/#website","url":"https:\/\/agribiotunisie.com\/","name":"https:\/\/agribiotunisie.com\/","description":"","potentialAction":[{"@type":"SearchAction","target":{"@type":"EntryPoint","urlTemplate":"https:\/\/agribiotunisie.com\/?s={search_term_string}"},"query-input":{"@type":"PropertyValueSpecification","valueRequired":true,"valueName":"search_term_string"}}],"inLanguage":"fr-FR"}]}},"tiered_pricing_type":"fixed","tiered_pricing_fixed_rules":[],"tiered_pricing_product_settings":{"layout":"default","base_unit_name":{"singular":null,"plural":null},"default_variation":null},"tiered_pricing_minimum_quantity":null,"tiered_pricing_roles_data":[],"tiered_pricing_percentage_rules":[],"tiered_pricing_maximum_quantity":null,"tiered_pricing_quantity_step":null,"_links":{"self":[{"href":"https:\/\/agribiotunisie.com\/index.php\/wp-json\/wp\/v2\/product\/2963","targetHints":{"allow":["GET"]}}],"collection":[{"href":"https:\/\/agribiotunisie.com\/index.php\/wp-json\/wp\/v2\/product"}],"about":[{"href":"https:\/\/agribiotunisie.com\/index.php\/wp-json\/wp\/v2\/types\/product"}],"replies":[{"embeddable":true,"href":"https:\/\/agribiotunisie.com\/index.php\/wp-json\/wp\/v2\/comments?post=2963"}],"version-history":[{"count":3,"href":"https:\/\/agribiotunisie.com\/index.php\/wp-json\/wp\/v2\/product\/2963\/revisions"}],"predecessor-version":[{"id":2967,"href":"https:\/\/agribiotunisie.com\/index.php\/wp-json\/wp\/v2\/product\/2963\/revisions\/2967"}],"wp:featuredmedia":[{"embeddable":true,"href":"https:\/\/agribiotunisie.com\/index.php\/wp-json\/wp\/v2\/media\/2964"}],"wp:attachment":[{"href":"https:\/\/agribiotunisie.com\/index.php\/wp-json\/wp\/v2\/media?parent=2963"}],"wp:term":[{"taxonomy":"product_brand","embeddable":true,"href":"https:\/\/agribiotunisie.com\/index.php\/wp-json\/wp\/v2\/product_brand?post=2963"},{"taxonomy":"product_cat","embeddable":true,"href":"https:\/\/agribiotunisie.com\/index.php\/wp-json\/wp\/v2\/product_cat?post=2963"},{"taxonomy":"product_tag","embeddable":true,"href":"https:\/\/agribiotunisie.com\/index.php\/wp-json\/wp\/v2\/product_tag?post=2963"}],"curies":[{"name":"wp","href":"https:\/\/api.w.org\/{rel}","templated":true}]}}