{"id":2969,"date":"2025-10-14T16:12:29","date_gmt":"2025-10-14T14:12:29","guid":{"rendered":"https:\/\/agribiotunisie.com\/?post_type=product&#038;p=2969"},"modified":"2026-01-11T18:31:03","modified_gmt":"2026-01-11T17:31:03","slug":"foreuse-tariere-de-sol-a-essence-wadfow-tunisie","status":"publish","type":"product","link":"https:\/\/agribiotunisie.com\/index.php\/produit\/foreuse-tariere-de-sol-a-essence-wadfow-tunisie\/","title":{"rendered":"Foreuse Tari\u00e8re de sol \u00e0 essence WADFOW tunisie"},"content":{"rendered":"<ul data-start=\"595\" data-end=\"885\">\n<li data-start=\"776\" data-end=\"885\">\n<h2 data-start=\"142\" data-end=\"181\">\ud83d\udd27 <strong data-start=\"148\" data-end=\"179\">Caract\u00e9ristiques Techniques<\/strong><\/h2>\n<ul data-start=\"182\" data-end=\"434\">\n<li data-start=\"182\" data-end=\"216\">\n<p data-start=\"184\" data-end=\"216\">\u2705 <strong data-start=\"186\" data-end=\"196\">Moteur<\/strong> : 2-temps \u2013 52 cc<\/p>\n<\/li>\n<li data-start=\"217\" data-end=\"245\">\n<p data-start=\"219\" data-end=\"245\">\u2705 <strong data-start=\"221\" data-end=\"234\">Puissance<\/strong> : 1,4 kW<\/p>\n<\/li>\n<li data-start=\"246\" data-end=\"293\">\n<p data-start=\"248\" data-end=\"293\">\u2705 <strong data-start=\"250\" data-end=\"268\">Vitesse moteur<\/strong> : jusqu\u2019\u00e0 8 000 tr\/min<\/p>\n<\/li>\n<li data-start=\"294\" data-end=\"342\">\n<p data-start=\"296\" data-end=\"342\">\u2705 <strong data-start=\"298\" data-end=\"323\">Vitesse de la tari\u00e8re<\/strong> : 0 \u2013 265 tr\/min<\/p>\n<\/li>\n<li data-start=\"343\" data-end=\"385\">\n<p data-start=\"345\" data-end=\"385\">\u2705 <strong data-start=\"347\" data-end=\"372\">Capacit\u00e9 du r\u00e9servoir<\/strong> : 1 200 ml<\/p>\n<\/li>\n<li data-start=\"386\" data-end=\"434\">\n<p data-start=\"388\" data-end=\"434\">\u2705 <strong data-start=\"390\" data-end=\"411\">R\u00e9gime de ralenti<\/strong> : 3 300 \u00b1 300 tr\/min<\/p>\n<\/li>\n<\/ul>\n<hr data-start=\"436\" data-end=\"439\" \/>\n<h2 data-start=\"441\" data-end=\"471\">\ud83d\udce6 <strong data-start=\"447\" data-end=\"469\">Accessoires Inclus<\/strong><\/h2>\n<ul data-start=\"472\" data-end=\"541\">\n<li data-start=\"472\" data-end=\"509\">\n<p data-start=\"474\" data-end=\"509\">\u2714\ufe0f 1 \u00d7 Unit\u00e9 motoris\u00e9e <strong data-start=\"497\" data-end=\"507\">Wadfow<\/strong><\/p>\n<\/li>\n<li data-start=\"510\" data-end=\"541\">\n<p data-start=\"512\" data-end=\"541\">\u2714\ufe0f 1 \u00d7 Manuel d\u2019utilisation<\/p>\n<\/li>\n<\/ul>\n<hr data-start=\"543\" data-end=\"546\" \/>\n<h2 data-start=\"548\" data-end=\"594\">\ud83d\udd25 <strong data-start=\"554\" data-end=\"592\">Les Avantages de la Tari\u00e8re Wadfow<\/strong><\/h2>\n<ul data-start=\"595\" data-end=\"885\">\n<li data-start=\"595\" data-end=\"699\">\n<p data-start=\"597\" data-end=\"699\">\u2714\ufe0f <strong data-start=\"600\" data-end=\"621\">Haute performance<\/strong> : Puissance optimale pour creuser rapidement dans diff\u00e9rents types de sols.<\/p>\n<\/li>\n<li data-start=\"700\" data-end=\"775\">\n<p data-start=\"702\" data-end=\"775\">\u2714\ufe0f <strong data-start=\"705\" data-end=\"724\">Contr\u00f4le pr\u00e9cis<\/strong> : Vitesse de per\u00e7age r\u00e9glable selon vos besoins.<\/p>\n<\/li>\n<li data-start=\"776\" data-end=\"885\">\n<p data-start=\"778\" data-end=\"885\">\u2714\ufe0f <strong data-start=\"781\" data-end=\"807\">Compatibilit\u00e9 maximale<\/strong> : Con\u00e7ue pour fonctionner avec le foret <strong data-start=\"848\" data-end=\"861\">WDZ1A52-2<\/strong> <em data-start=\"862\" data-end=\"882\">(vendu s\u00e9par\u00e9ment)<\/em>.<\/p>\n<\/li>\n<\/ul>\n<hr data-start=\"887\" data-end=\"890\" \/>\n<p data-start=\"892\" data-end=\"1089\">\ud83c\udf3f <strong data-start=\"895\" data-end=\"957\">Id\u00e9ale pour les professionnels comme pour les particuliers<\/strong>, cette tari\u00e8re thermique vous garantit <strong data-start=\"997\" data-end=\"1010\">puissance<\/strong>, <strong data-start=\"1012\" data-end=\"1024\">rapidit\u00e9<\/strong> et <strong data-start=\"1028\" data-end=\"1053\">confort d\u2019utilisation<\/strong> pour tous vos travaux de forage. \ud83d\udee0<\/p>\n<\/li>\n<\/ul>\n","protected":false},"excerpt":{"rendered":"<div dir=\"ltr\" style=\"text-align: left;\">\n<ul>\n<li data-start=\"0\" data-end=\"36\">\n<p data-start=\"2\" data-end=\"36\">\u2705 Moteur 2-temps \u2013 52 cc, 1,4 kW<br \/>\n\ud83d\udd38 Vitesse moteur jusqu\u2019\u00e0 8 000 tr\/min<br \/>\n\u26fd R\u00e9servoir 1 200 ml \u2013 ralenti stable<br \/>\n\u2699\ufe0f Vitesse tari\u00e8re 0\u2013265 tr\/min<br \/>\n\ud83e\ude93 Puissante et rapide pour tous types de sols<br \/>\n\ud83e\uddf0 Compatible avec foret WDZ1A52-2 <em data-start=\"246\" data-end=\"266\" data-is-last-node=\"\">(vendu s\u00e9par\u00e9ment)<\/em><\/p>\n<\/li>\n<\/ul>\n<\/div>\n<div dir=\"rtl\" style=\"text-align: right;\">\n<ul style=\"direction: rtl; text-align: right; list-style-position: inside; padding-right: 0; margin-right: 0;\">\n<li style=\"text-align: right;\"><\/li>\n<\/ul>\n<\/div>\n","protected":false},"featured_media":2970,"comment_status":"open","ping_status":"closed","template":"","meta":[],"product_brand":[276],"product_cat":[121],"product_tag":[281,147,280],"class_list":{"0":"post-2969","1":"product","2":"type-product","3":"status-publish","4":"has-post-thumbnail","6":"product_brand-wadflow","7":"product_cat-agribio-materiels-agricole-tunisie","8":"product_tag-foreuse-a-essence","9":"product_tag-materiel-agricole-tunisie","10":"product_tag-tariere-thermique","12":"first","13":"instock","14":"taxable","15":"shipping-taxable","16":"purchasable","17":"product-type-simple"},"yoast_head":"<!-- This site is optimized with the Yoast SEO plugin v27.0 - https:\/\/yoast.com\/product\/yoast-seo-wordpress\/ -->\n<title>Foreuse Tari\u00e8re de sol \u00e0 essence WADFOW tunisie - https:\/\/agribiotunisie.com\/<\/title>\n<meta name=\"robots\" content=\"index, follow, max-snippet:-1, max-image-preview:large, max-video-preview:-1\" \/>\n<link rel=\"canonical\" href=\"https:\/\/agribiotunisie.com\/index.php\/produit\/foreuse-tariere-de-sol-a-essence-wadfow-tunisie\/\" \/>\n<meta property=\"og:locale\" content=\"fr_FR\" \/>\n<meta property=\"og:type\" content=\"article\" \/>\n<meta property=\"og:title\" content=\"Foreuse Tari\u00e8re de sol \u00e0 essence WADFOW tunisie - https:\/\/agribiotunisie.com\/\" \/>\n<meta property=\"og:description\" content=\"\u2705 Moteur 2-temps \u2013 52 cc, 1,4 kW \ud83d\udd38 Vitesse moteur jusqu\u2019\u00e0 8 000 tr\/min \u26fd R\u00e9servoir 1 200 ml \u2013 ralenti stable \u2699\ufe0f Vitesse tari\u00e8re 0\u2013265 tr\/min \ud83e\ude93 Puissante et rapide pour tous types de sols \ud83e\uddf0 Compatible avec foret WDZ1A52-2 (vendu s\u00e9par\u00e9ment)\" \/>\n<meta property=\"og:url\" content=\"https:\/\/agribiotunisie.com\/index.php\/produit\/foreuse-tariere-de-sol-a-essence-wadfow-tunisie\/\" \/>\n<meta property=\"og:site_name\" content=\"https:\/\/agribiotunisie.com\/\" \/>\n<meta property=\"article:modified_time\" content=\"2026-01-11T17:31:03+00:00\" \/>\n<meta property=\"og:image\" content=\"https:\/\/agribiotunisie.com\/wp-content\/uploads\/2025\/10\/Foreuse-Tariere-de-sol-a-essence-52cm3-WADFOW-WADFOW-Tunsie.jpg\" \/>\n\t<meta property=\"og:image:width\" content=\"500\" \/>\n\t<meta property=\"og:image:height\" content=\"500\" \/>\n\t<meta property=\"og:image:type\" content=\"image\/jpeg\" \/>\n<meta name=\"twitter:card\" content=\"summary_large_image\" \/>\n<meta name=\"twitter:label1\" content=\"Dur\u00e9e de lecture estim\u00e9e\" \/>\n\t<meta name=\"twitter:data1\" content=\"1 minute\" \/>\n<script type=\"application\/ld+json\" class=\"yoast-schema-graph\">{\"@context\":\"https:\/\/schema.org\",\"@graph\":[{\"@type\":\"WebPage\",\"@id\":\"https:\/\/agribiotunisie.com\/index.php\/produit\/foreuse-tariere-de-sol-a-essence-wadfow-tunisie\/\",\"url\":\"https:\/\/agribiotunisie.com\/index.php\/produit\/foreuse-tariere-de-sol-a-essence-wadfow-tunisie\/\",\"name\":\"Foreuse Tari\u00e8re de sol \u00e0 essence WADFOW tunisie - https:\/\/agribiotunisie.com\/\",\"isPartOf\":{\"@id\":\"https:\/\/agribiotunisie.com\/#website\"},\"primaryImageOfPage\":{\"@id\":\"https:\/\/agribiotunisie.com\/index.php\/produit\/foreuse-tariere-de-sol-a-essence-wadfow-tunisie\/#primaryimage\"},\"image\":{\"@id\":\"https:\/\/agribiotunisie.com\/index.php\/produit\/foreuse-tariere-de-sol-a-essence-wadfow-tunisie\/#primaryimage\"},\"thumbnailUrl\":\"https:\/\/agribiotunisie.com\/wp-content\/uploads\/2025\/10\/Foreuse-Tariere-de-sol-a-essence-52cm3-WADFOW-WADFOW-Tunsie.jpg\",\"datePublished\":\"2025-10-14T14:12:29+00:00\",\"dateModified\":\"2026-01-11T17:31:03+00:00\",\"breadcrumb\":{\"@id\":\"https:\/\/agribiotunisie.com\/index.php\/produit\/foreuse-tariere-de-sol-a-essence-wadfow-tunisie\/#breadcrumb\"},\"inLanguage\":\"fr-FR\",\"potentialAction\":[{\"@type\":\"ReadAction\",\"target\":[\"https:\/\/agribiotunisie.com\/index.php\/produit\/foreuse-tariere-de-sol-a-essence-wadfow-tunisie\/\"]}]},{\"@type\":\"ImageObject\",\"inLanguage\":\"fr-FR\",\"@id\":\"https:\/\/agribiotunisie.com\/index.php\/produit\/foreuse-tariere-de-sol-a-essence-wadfow-tunisie\/#primaryimage\",\"url\":\"https:\/\/agribiotunisie.com\/wp-content\/uploads\/2025\/10\/Foreuse-Tariere-de-sol-a-essence-52cm3-WADFOW-WADFOW-Tunsie.jpg\",\"contentUrl\":\"https:\/\/agribiotunisie.com\/wp-content\/uploads\/2025\/10\/Foreuse-Tariere-de-sol-a-essence-52cm3-WADFOW-WADFOW-Tunsie.jpg\",\"width\":500,\"height\":500},{\"@type\":\"BreadcrumbList\",\"@id\":\"https:\/\/agribiotunisie.com\/index.php\/produit\/foreuse-tariere-de-sol-a-essence-wadfow-tunisie\/#breadcrumb\",\"itemListElement\":[{\"@type\":\"ListItem\",\"position\":1,\"name\":\"Accueil\",\"item\":\"https:\/\/agribiotunisie.com\/\"},{\"@type\":\"ListItem\",\"position\":2,\"name\":\"Shop\",\"item\":\"https:\/\/agribiotunisie.com\/index.php\/shop-ecommerce-v1\/\"},{\"@type\":\"ListItem\",\"position\":3,\"name\":\"Foreuse Tari\u00e8re de sol \u00e0 essence WADFOW tunisie\"}]},{\"@type\":\"WebSite\",\"@id\":\"https:\/\/agribiotunisie.com\/#website\",\"url\":\"https:\/\/agribiotunisie.com\/\",\"name\":\"https:\/\/agribiotunisie.com\/\",\"description\":\"\",\"potentialAction\":[{\"@type\":\"SearchAction\",\"target\":{\"@type\":\"EntryPoint\",\"urlTemplate\":\"https:\/\/agribiotunisie.com\/?s={search_term_string}\"},\"query-input\":{\"@type\":\"PropertyValueSpecification\",\"valueRequired\":true,\"valueName\":\"search_term_string\"}}],\"inLanguage\":\"fr-FR\"}]}<\/script>\n<!-- \/ Yoast SEO plugin. -->","yoast_head_json":{"title":"Foreuse Tari\u00e8re de sol \u00e0 essence WADFOW tunisie - https:\/\/agribiotunisie.com\/","robots":{"index":"index","follow":"follow","max-snippet":"max-snippet:-1","max-image-preview":"max-image-preview:large","max-video-preview":"max-video-preview:-1"},"canonical":"https:\/\/agribiotunisie.com\/index.php\/produit\/foreuse-tariere-de-sol-a-essence-wadfow-tunisie\/","og_locale":"fr_FR","og_type":"article","og_title":"Foreuse Tari\u00e8re de sol \u00e0 essence WADFOW tunisie - https:\/\/agribiotunisie.com\/","og_description":"\u2705 Moteur 2-temps \u2013 52 cc, 1,4 kW \ud83d\udd38 Vitesse moteur jusqu\u2019\u00e0 8 000 tr\/min \u26fd R\u00e9servoir 1 200 ml \u2013 ralenti stable \u2699\ufe0f Vitesse tari\u00e8re 0\u2013265 tr\/min \ud83e\ude93 Puissante et rapide pour tous types de sols \ud83e\uddf0 Compatible avec foret WDZ1A52-2 (vendu s\u00e9par\u00e9ment)","og_url":"https:\/\/agribiotunisie.com\/index.php\/produit\/foreuse-tariere-de-sol-a-essence-wadfow-tunisie\/","og_site_name":"https:\/\/agribiotunisie.com\/","article_modified_time":"2026-01-11T17:31:03+00:00","og_image":[{"width":500,"height":500,"url":"https:\/\/agribiotunisie.com\/wp-content\/uploads\/2025\/10\/Foreuse-Tariere-de-sol-a-essence-52cm3-WADFOW-WADFOW-Tunsie.jpg","type":"image\/jpeg"}],"twitter_card":"summary_large_image","twitter_misc":{"Dur\u00e9e de lecture estim\u00e9e":"1 minute"},"schema":{"@context":"https:\/\/schema.org","@graph":[{"@type":"WebPage","@id":"https:\/\/agribiotunisie.com\/index.php\/produit\/foreuse-tariere-de-sol-a-essence-wadfow-tunisie\/","url":"https:\/\/agribiotunisie.com\/index.php\/produit\/foreuse-tariere-de-sol-a-essence-wadfow-tunisie\/","name":"Foreuse Tari\u00e8re de sol \u00e0 essence WADFOW tunisie - https:\/\/agribiotunisie.com\/","isPartOf":{"@id":"https:\/\/agribiotunisie.com\/#website"},"primaryImageOfPage":{"@id":"https:\/\/agribiotunisie.com\/index.php\/produit\/foreuse-tariere-de-sol-a-essence-wadfow-tunisie\/#primaryimage"},"image":{"@id":"https:\/\/agribiotunisie.com\/index.php\/produit\/foreuse-tariere-de-sol-a-essence-wadfow-tunisie\/#primaryimage"},"thumbnailUrl":"https:\/\/agribiotunisie.com\/wp-content\/uploads\/2025\/10\/Foreuse-Tariere-de-sol-a-essence-52cm3-WADFOW-WADFOW-Tunsie.jpg","datePublished":"2025-10-14T14:12:29+00:00","dateModified":"2026-01-11T17:31:03+00:00","breadcrumb":{"@id":"https:\/\/agribiotunisie.com\/index.php\/produit\/foreuse-tariere-de-sol-a-essence-wadfow-tunisie\/#breadcrumb"},"inLanguage":"fr-FR","potentialAction":[{"@type":"ReadAction","target":["https:\/\/agribiotunisie.com\/index.php\/produit\/foreuse-tariere-de-sol-a-essence-wadfow-tunisie\/"]}]},{"@type":"ImageObject","inLanguage":"fr-FR","@id":"https:\/\/agribiotunisie.com\/index.php\/produit\/foreuse-tariere-de-sol-a-essence-wadfow-tunisie\/#primaryimage","url":"https:\/\/agribiotunisie.com\/wp-content\/uploads\/2025\/10\/Foreuse-Tariere-de-sol-a-essence-52cm3-WADFOW-WADFOW-Tunsie.jpg","contentUrl":"https:\/\/agribiotunisie.com\/wp-content\/uploads\/2025\/10\/Foreuse-Tariere-de-sol-a-essence-52cm3-WADFOW-WADFOW-Tunsie.jpg","width":500,"height":500},{"@type":"BreadcrumbList","@id":"https:\/\/agribiotunisie.com\/index.php\/produit\/foreuse-tariere-de-sol-a-essence-wadfow-tunisie\/#breadcrumb","itemListElement":[{"@type":"ListItem","position":1,"name":"Accueil","item":"https:\/\/agribiotunisie.com\/"},{"@type":"ListItem","position":2,"name":"Shop","item":"https:\/\/agribiotunisie.com\/index.php\/shop-ecommerce-v1\/"},{"@type":"ListItem","position":3,"name":"Foreuse Tari\u00e8re de sol \u00e0 essence WADFOW tunisie"}]},{"@type":"WebSite","@id":"https:\/\/agribiotunisie.com\/#website","url":"https:\/\/agribiotunisie.com\/","name":"https:\/\/agribiotunisie.com\/","description":"","potentialAction":[{"@type":"SearchAction","target":{"@type":"EntryPoint","urlTemplate":"https:\/\/agribiotunisie.com\/?s={search_term_string}"},"query-input":{"@type":"PropertyValueSpecification","valueRequired":true,"valueName":"search_term_string"}}],"inLanguage":"fr-FR"}]}},"tiered_pricing_type":"fixed","tiered_pricing_fixed_rules":[],"tiered_pricing_product_settings":{"layout":"default","base_unit_name":{"singular":null,"plural":null},"default_variation":null},"tiered_pricing_minimum_quantity":null,"tiered_pricing_roles_data":[],"tiered_pricing_percentage_rules":[],"tiered_pricing_maximum_quantity":null,"tiered_pricing_quantity_step":null,"_links":{"self":[{"href":"https:\/\/agribiotunisie.com\/index.php\/wp-json\/wp\/v2\/product\/2969","targetHints":{"allow":["GET"]}}],"collection":[{"href":"https:\/\/agribiotunisie.com\/index.php\/wp-json\/wp\/v2\/product"}],"about":[{"href":"https:\/\/agribiotunisie.com\/index.php\/wp-json\/wp\/v2\/types\/product"}],"replies":[{"embeddable":true,"href":"https:\/\/agribiotunisie.com\/index.php\/wp-json\/wp\/v2\/comments?post=2969"}],"version-history":[{"count":2,"href":"https:\/\/agribiotunisie.com\/index.php\/wp-json\/wp\/v2\/product\/2969\/revisions"}],"predecessor-version":[{"id":2973,"href":"https:\/\/agribiotunisie.com\/index.php\/wp-json\/wp\/v2\/product\/2969\/revisions\/2973"}],"wp:featuredmedia":[{"embeddable":true,"href":"https:\/\/agribiotunisie.com\/index.php\/wp-json\/wp\/v2\/media\/2970"}],"wp:attachment":[{"href":"https:\/\/agribiotunisie.com\/index.php\/wp-json\/wp\/v2\/media?parent=2969"}],"wp:term":[{"taxonomy":"product_brand","embeddable":true,"href":"https:\/\/agribiotunisie.com\/index.php\/wp-json\/wp\/v2\/product_brand?post=2969"},{"taxonomy":"product_cat","embeddable":true,"href":"https:\/\/agribiotunisie.com\/index.php\/wp-json\/wp\/v2\/product_cat?post=2969"},{"taxonomy":"product_tag","embeddable":true,"href":"https:\/\/agribiotunisie.com\/index.php\/wp-json\/wp\/v2\/product_tag?post=2969"}],"curies":[{"name":"wp","href":"https:\/\/api.w.org\/{rel}","templated":true}]}}