{"id":2974,"date":"2025-10-14T16:26:55","date_gmt":"2025-10-14T14:26:55","guid":{"rendered":"https:\/\/agribiotunisie.com\/?post_type=product&#038;p=2974"},"modified":"2026-04-10T13:15:48","modified_gmt":"2026-04-10T11:15:48","slug":"foreuse-tariere-de-sol-a-batterie-wadfow-tunisie","status":"publish","type":"product","link":"https:\/\/agribiotunisie.com\/index.php\/produit\/foreuse-tariere-de-sol-a-batterie-wadfow-tunisie\/","title":{"rendered":"Foreuse Tari\u00e8re de sol \u00e0 batterie WADFOW tunisie"},"content":{"rendered":"<ul data-start=\"595\" data-end=\"885\">\n<li data-start=\"776\" data-end=\"885\">\n<h2 data-start=\"65\" data-end=\"94\">\ud83d\udee0 Tari\u00e8re sans fil WADFOW<\/h2>\n<p data-start=\"96\" data-end=\"376\">La <strong data-start=\"99\" data-end=\"126\">tari\u00e8re sans fil WADFOW<\/strong> <em data-start=\"127\" data-end=\"146\">(mod\u00e8le WQE15801)<\/em> est un outil de forage sur batterie con\u00e7u pour les particuliers et les amateurs de bricolage. Elle est \u00e9quip\u00e9e d\u2019un moteur <strong data-start=\"270\" data-end=\"288\">brushless 20 V<\/strong>, offrant une performance fluide et efficace pour creuser dans diff\u00e9rents types de sols.<\/p>\n<h3 data-start=\"378\" data-end=\"418\">\u26a1 Caract\u00e9ristiques et sp\u00e9cifications<\/h3>\n<ul data-start=\"419\" data-end=\"907\">\n<li data-start=\"419\" data-end=\"446\">\n<p data-start=\"421\" data-end=\"446\">\u2705 <strong data-start=\"423\" data-end=\"433\">Mod\u00e8le<\/strong> : WQE15801<\/p>\n<\/li>\n<li data-start=\"447\" data-end=\"544\">\n<p data-start=\"449\" data-end=\"544\">\ud83d\udd38 <strong data-start=\"452\" data-end=\"462\">Moteur<\/strong> : Brushless 20 V pour une meilleure efficacit\u00e9 et une plus longue dur\u00e9e de vie.<\/p>\n<\/li>\n<li data-start=\"545\" data-end=\"588\">\n<p data-start=\"547\" data-end=\"588\">\u2699\ufe0f <strong data-start=\"550\" data-end=\"561\">Vitesse<\/strong> : 0 \u00e0 125 tr\/min \u00e0 vide.<\/p>\n<\/li>\n<li data-start=\"589\" data-end=\"684\">\n<p data-start=\"591\" data-end=\"684\">\ud83d\udd04 <strong data-start=\"594\" data-end=\"607\">Fonctions<\/strong> : Avant et arri\u00e8re pour un usage polyvalent et un retrait facile du foret.<\/p>\n<\/li>\n<li data-start=\"685\" data-end=\"795\">\n<p data-start=\"687\" data-end=\"710\">\ud83e\ude93 <strong data-start=\"690\" data-end=\"706\">Foret fourni<\/strong> :<\/p>\n<ul data-start=\"713\" data-end=\"795\">\n<li data-start=\"713\" data-end=\"751\">\n<p data-start=\"715\" data-end=\"751\">Diam\u00e8tre 150 mm (environ 6 pouces)<\/p>\n<\/li>\n<li data-start=\"754\" data-end=\"795\">\n<p data-start=\"756\" data-end=\"795\">Longueur 800 mm (environ 31,5 pouces)<\/p>\n<\/li>\n<\/ul>\n<\/li>\n<li data-start=\"796\" data-end=\"907\">\n<p data-start=\"798\" data-end=\"907\">\ud83d\udd0b <strong data-start=\"801\" data-end=\"818\">Compatibilit\u00e9<\/strong> : Compatible avec les autres outils WADFOW 20 V. Batterie et chargeur vendus s\u00e9par\u00e9ment.<\/p>\n<\/li>\n<\/ul>\n<h3 data-start=\"909\" data-end=\"940\">\ud83c\udf3f Applications principales<\/h3>\n<ul data-start=\"941\" data-end=\"1077\">\n<li data-start=\"941\" data-end=\"999\">\n<p data-start=\"943\" data-end=\"999\">Id\u00e9ale pour creuser des trous de poteaux pour cl\u00f4tures<\/p>\n<\/li>\n<li data-start=\"1000\" data-end=\"1077\">\n<p data-start=\"1002\" data-end=\"1077\">Parfaite pour planter des arbustes et r\u00e9aliser des petits travaux paysagers<\/p>\n<\/li>\n<\/ul>\n<h3 data-start=\"1079\" data-end=\"1096\">\ud83d\udecd O\u00f9 acheter<\/h3>\n<ul data-start=\"1097\" data-end=\"1270\">\n<li data-start=\"1097\" data-end=\"1182\">\n<p data-start=\"1099\" data-end=\"1182\"><strong data-start=\"1099\" data-end=\"1111\">En ligne<\/strong> : Disponible sur des sites comme Toolmart et Buildmate Online Depot.<\/p>\n<\/li>\n<li data-start=\"1183\" data-end=\"1270\">\n<p data-start=\"1185\" data-end=\"1270\"><strong data-start=\"1185\" data-end=\"1199\">En magasin<\/strong> : V\u00e9rifiez aupr\u00e8s des quincailleries et revendeurs d\u2019outillage WADFOW.<\/p>\n<\/li>\n<\/ul>\n<h3 data-start=\"1272\" data-end=\"1287\">\u2139\ufe0f \u00c0 savoir<\/h3>\n<ul data-start=\"1288\" data-end=\"1698\">\n<li data-start=\"1288\" data-end=\"1453\">\n<p data-start=\"1290\" data-end=\"1453\">\ud83d\udd0b <strong data-start=\"1293\" data-end=\"1307\">Outil seul<\/strong> : La tari\u00e8re est souvent vendue sans batterie ni chargeur. Pensez \u00e0 les acheter s\u00e9par\u00e9ment si vous ne poss\u00e9dez pas d\u00e9j\u00e0 le syst\u00e8me WADFOW 20 V.<\/p>\n<\/li>\n<li data-start=\"1454\" data-end=\"1570\">\n<p data-start=\"1456\" data-end=\"1570\">\ud83e\udea8 <strong data-start=\"1459\" data-end=\"1474\">Type de sol<\/strong> : Adapt\u00e9e \u00e0 diff\u00e9rents terrains, mais les performances peuvent varier selon la duret\u00e9 du sol.<\/p>\n<\/li>\n<li data-start=\"1571\" data-end=\"1698\">\n<p data-start=\"1573\" data-end=\"1698\">\ud83e\uddf0 <strong data-start=\"1576\" data-end=\"1603\">Utilisation recommand\u00e9e<\/strong> : Convient aux travaux l\u00e9gers \u00e0 moyens, non destin\u00e9e aux chantiers lourds ou professionnels.<\/p>\n<\/li>\n<\/ul>\n<hr data-start=\"1700\" data-end=\"1703\" \/>\n<p data-start=\"1705\" data-end=\"1807\" data-is-last-node=\"\" data-is-only-node=\"\">Veux-tu que je la transforme aussi en <strong data-start=\"1743\" data-end=\"1780\">description courte avec des puces<\/strong> pour une fiche produit ? \u2728<\/p>\n<\/li>\n<\/ul>\n","protected":false},"excerpt":{"rendered":"<p data-start=\"2\" data-end=\"47\">\u2022 Moteur brushless 20 V performant et durable<br \/>\n\u2022 Vitesse \u00e0 vide 0\u2013125 tr\/min<br \/>\n\u2022 Marche avant et arri\u00e8re pour un retrait facile<br \/>\n\u2022 Foret diam\u00e8tre 150 mm longueur 800 mm<br \/>\n\u2022 Compatible avec batterie WADFOW 20 V vendue s\u00e9par\u00e9ment<br \/>\n\u2022 Id\u00e9ale pour cl\u00f4tures, plantations et petits travaux de jardinage<\/p>\n","protected":false},"featured_media":2975,"comment_status":"open","ping_status":"closed","template":"","meta":[],"product_brand":[276],"product_cat":[121],"product_tag":[147,279,278],"class_list":{"0":"post-2974","1":"product","2":"type-product","3":"status-publish","4":"has-post-thumbnail","6":"product_brand-wadflow","7":"product_cat-agribio-materiels-agricole-tunisie","8":"product_tag-materiel-agricole-tunisie","9":"product_tag-outil-de-jardinage-batterie","10":"product_tag-tariere-sans-fil","12":"first","13":"instock","14":"sale","15":"taxable","16":"shipping-taxable","17":"purchasable","18":"product-type-simple"},"yoast_head":"<!-- This site is optimized with the Yoast SEO plugin v27.0 - https:\/\/yoast.com\/product\/yoast-seo-wordpress\/ -->\n<title>Foreuse Tari\u00e8re de sol \u00e0 batterie WADFOW tunisie - https:\/\/agribiotunisie.com\/<\/title>\n<meta name=\"robots\" content=\"index, follow, max-snippet:-1, max-image-preview:large, max-video-preview:-1\" \/>\n<link rel=\"canonical\" href=\"https:\/\/agribiotunisie.com\/index.php\/produit\/foreuse-tariere-de-sol-a-batterie-wadfow-tunisie\/\" \/>\n<meta property=\"og:locale\" content=\"fr_FR\" \/>\n<meta property=\"og:type\" content=\"article\" \/>\n<meta property=\"og:title\" content=\"Foreuse Tari\u00e8re de sol \u00e0 batterie WADFOW tunisie - https:\/\/agribiotunisie.com\/\" \/>\n<meta property=\"og:description\" content=\"\u2022 Moteur brushless 20 V performant et durable \u2022 Vitesse \u00e0 vide 0\u2013125 tr\/min \u2022 Marche avant et arri\u00e8re pour un retrait facile \u2022 Foret diam\u00e8tre 150 mm longueur 800 mm \u2022 Compatible avec batterie WADFOW 20 V vendue s\u00e9par\u00e9ment \u2022 Id\u00e9ale pour cl\u00f4tures, plantations et petits travaux de jardinage\" \/>\n<meta property=\"og:url\" content=\"https:\/\/agribiotunisie.com\/index.php\/produit\/foreuse-tariere-de-sol-a-batterie-wadfow-tunisie\/\" \/>\n<meta property=\"og:site_name\" content=\"https:\/\/agribiotunisie.com\/\" \/>\n<meta property=\"article:modified_time\" content=\"2026-04-10T11:15:48+00:00\" \/>\n<meta property=\"og:image\" content=\"https:\/\/agribiotunisie.com\/wp-content\/uploads\/2025\/10\/Foreuse-Tariere-a-batterie-WADFOW-Tunsie.jpg\" \/>\n\t<meta property=\"og:image:width\" content=\"500\" \/>\n\t<meta property=\"og:image:height\" content=\"500\" \/>\n\t<meta property=\"og:image:type\" content=\"image\/jpeg\" \/>\n<meta name=\"twitter:card\" content=\"summary_large_image\" \/>\n<meta name=\"twitter:label1\" content=\"Dur\u00e9e de lecture estim\u00e9e\" \/>\n\t<meta name=\"twitter:data1\" content=\"2 minutes\" \/>\n<script type=\"application\/ld+json\" class=\"yoast-schema-graph\">{\"@context\":\"https:\/\/schema.org\",\"@graph\":[{\"@type\":\"WebPage\",\"@id\":\"https:\/\/agribiotunisie.com\/index.php\/produit\/foreuse-tariere-de-sol-a-batterie-wadfow-tunisie\/\",\"url\":\"https:\/\/agribiotunisie.com\/index.php\/produit\/foreuse-tariere-de-sol-a-batterie-wadfow-tunisie\/\",\"name\":\"Foreuse Tari\u00e8re de sol \u00e0 batterie WADFOW tunisie - https:\/\/agribiotunisie.com\/\",\"isPartOf\":{\"@id\":\"https:\/\/agribiotunisie.com\/#website\"},\"primaryImageOfPage\":{\"@id\":\"https:\/\/agribiotunisie.com\/index.php\/produit\/foreuse-tariere-de-sol-a-batterie-wadfow-tunisie\/#primaryimage\"},\"image\":{\"@id\":\"https:\/\/agribiotunisie.com\/index.php\/produit\/foreuse-tariere-de-sol-a-batterie-wadfow-tunisie\/#primaryimage\"},\"thumbnailUrl\":\"https:\/\/agribiotunisie.com\/wp-content\/uploads\/2025\/10\/Foreuse-Tariere-a-batterie-WADFOW-Tunsie.jpg\",\"datePublished\":\"2025-10-14T14:26:55+00:00\",\"dateModified\":\"2026-04-10T11:15:48+00:00\",\"breadcrumb\":{\"@id\":\"https:\/\/agribiotunisie.com\/index.php\/produit\/foreuse-tariere-de-sol-a-batterie-wadfow-tunisie\/#breadcrumb\"},\"inLanguage\":\"fr-FR\",\"potentialAction\":[{\"@type\":\"ReadAction\",\"target\":[\"https:\/\/agribiotunisie.com\/index.php\/produit\/foreuse-tariere-de-sol-a-batterie-wadfow-tunisie\/\"]}]},{\"@type\":\"ImageObject\",\"inLanguage\":\"fr-FR\",\"@id\":\"https:\/\/agribiotunisie.com\/index.php\/produit\/foreuse-tariere-de-sol-a-batterie-wadfow-tunisie\/#primaryimage\",\"url\":\"https:\/\/agribiotunisie.com\/wp-content\/uploads\/2025\/10\/Foreuse-Tariere-a-batterie-WADFOW-Tunsie.jpg\",\"contentUrl\":\"https:\/\/agribiotunisie.com\/wp-content\/uploads\/2025\/10\/Foreuse-Tariere-a-batterie-WADFOW-Tunsie.jpg\",\"width\":500,\"height\":500},{\"@type\":\"BreadcrumbList\",\"@id\":\"https:\/\/agribiotunisie.com\/index.php\/produit\/foreuse-tariere-de-sol-a-batterie-wadfow-tunisie\/#breadcrumb\",\"itemListElement\":[{\"@type\":\"ListItem\",\"position\":1,\"name\":\"Accueil\",\"item\":\"https:\/\/agribiotunisie.com\/\"},{\"@type\":\"ListItem\",\"position\":2,\"name\":\"Shop\",\"item\":\"https:\/\/agribiotunisie.com\/index.php\/shop-ecommerce-v1\/\"},{\"@type\":\"ListItem\",\"position\":3,\"name\":\"Foreuse Tari\u00e8re de sol \u00e0 batterie WADFOW tunisie\"}]},{\"@type\":\"WebSite\",\"@id\":\"https:\/\/agribiotunisie.com\/#website\",\"url\":\"https:\/\/agribiotunisie.com\/\",\"name\":\"https:\/\/agribiotunisie.com\/\",\"description\":\"\",\"potentialAction\":[{\"@type\":\"SearchAction\",\"target\":{\"@type\":\"EntryPoint\",\"urlTemplate\":\"https:\/\/agribiotunisie.com\/?s={search_term_string}\"},\"query-input\":{\"@type\":\"PropertyValueSpecification\",\"valueRequired\":true,\"valueName\":\"search_term_string\"}}],\"inLanguage\":\"fr-FR\"}]}<\/script>\n<!-- \/ Yoast SEO plugin. -->","yoast_head_json":{"title":"Foreuse Tari\u00e8re de sol \u00e0 batterie WADFOW tunisie - https:\/\/agribiotunisie.com\/","robots":{"index":"index","follow":"follow","max-snippet":"max-snippet:-1","max-image-preview":"max-image-preview:large","max-video-preview":"max-video-preview:-1"},"canonical":"https:\/\/agribiotunisie.com\/index.php\/produit\/foreuse-tariere-de-sol-a-batterie-wadfow-tunisie\/","og_locale":"fr_FR","og_type":"article","og_title":"Foreuse Tari\u00e8re de sol \u00e0 batterie WADFOW tunisie - https:\/\/agribiotunisie.com\/","og_description":"\u2022 Moteur brushless 20 V performant et durable \u2022 Vitesse \u00e0 vide 0\u2013125 tr\/min \u2022 Marche avant et arri\u00e8re pour un retrait facile \u2022 Foret diam\u00e8tre 150 mm longueur 800 mm \u2022 Compatible avec batterie WADFOW 20 V vendue s\u00e9par\u00e9ment \u2022 Id\u00e9ale pour cl\u00f4tures, plantations et petits travaux de jardinage","og_url":"https:\/\/agribiotunisie.com\/index.php\/produit\/foreuse-tariere-de-sol-a-batterie-wadfow-tunisie\/","og_site_name":"https:\/\/agribiotunisie.com\/","article_modified_time":"2026-04-10T11:15:48+00:00","og_image":[{"width":500,"height":500,"url":"https:\/\/agribiotunisie.com\/wp-content\/uploads\/2025\/10\/Foreuse-Tariere-a-batterie-WADFOW-Tunsie.jpg","type":"image\/jpeg"}],"twitter_card":"summary_large_image","twitter_misc":{"Dur\u00e9e de lecture estim\u00e9e":"2 minutes"},"schema":{"@context":"https:\/\/schema.org","@graph":[{"@type":"WebPage","@id":"https:\/\/agribiotunisie.com\/index.php\/produit\/foreuse-tariere-de-sol-a-batterie-wadfow-tunisie\/","url":"https:\/\/agribiotunisie.com\/index.php\/produit\/foreuse-tariere-de-sol-a-batterie-wadfow-tunisie\/","name":"Foreuse Tari\u00e8re de sol \u00e0 batterie WADFOW tunisie - https:\/\/agribiotunisie.com\/","isPartOf":{"@id":"https:\/\/agribiotunisie.com\/#website"},"primaryImageOfPage":{"@id":"https:\/\/agribiotunisie.com\/index.php\/produit\/foreuse-tariere-de-sol-a-batterie-wadfow-tunisie\/#primaryimage"},"image":{"@id":"https:\/\/agribiotunisie.com\/index.php\/produit\/foreuse-tariere-de-sol-a-batterie-wadfow-tunisie\/#primaryimage"},"thumbnailUrl":"https:\/\/agribiotunisie.com\/wp-content\/uploads\/2025\/10\/Foreuse-Tariere-a-batterie-WADFOW-Tunsie.jpg","datePublished":"2025-10-14T14:26:55+00:00","dateModified":"2026-04-10T11:15:48+00:00","breadcrumb":{"@id":"https:\/\/agribiotunisie.com\/index.php\/produit\/foreuse-tariere-de-sol-a-batterie-wadfow-tunisie\/#breadcrumb"},"inLanguage":"fr-FR","potentialAction":[{"@type":"ReadAction","target":["https:\/\/agribiotunisie.com\/index.php\/produit\/foreuse-tariere-de-sol-a-batterie-wadfow-tunisie\/"]}]},{"@type":"ImageObject","inLanguage":"fr-FR","@id":"https:\/\/agribiotunisie.com\/index.php\/produit\/foreuse-tariere-de-sol-a-batterie-wadfow-tunisie\/#primaryimage","url":"https:\/\/agribiotunisie.com\/wp-content\/uploads\/2025\/10\/Foreuse-Tariere-a-batterie-WADFOW-Tunsie.jpg","contentUrl":"https:\/\/agribiotunisie.com\/wp-content\/uploads\/2025\/10\/Foreuse-Tariere-a-batterie-WADFOW-Tunsie.jpg","width":500,"height":500},{"@type":"BreadcrumbList","@id":"https:\/\/agribiotunisie.com\/index.php\/produit\/foreuse-tariere-de-sol-a-batterie-wadfow-tunisie\/#breadcrumb","itemListElement":[{"@type":"ListItem","position":1,"name":"Accueil","item":"https:\/\/agribiotunisie.com\/"},{"@type":"ListItem","position":2,"name":"Shop","item":"https:\/\/agribiotunisie.com\/index.php\/shop-ecommerce-v1\/"},{"@type":"ListItem","position":3,"name":"Foreuse Tari\u00e8re de sol \u00e0 batterie WADFOW tunisie"}]},{"@type":"WebSite","@id":"https:\/\/agribiotunisie.com\/#website","url":"https:\/\/agribiotunisie.com\/","name":"https:\/\/agribiotunisie.com\/","description":"","potentialAction":[{"@type":"SearchAction","target":{"@type":"EntryPoint","urlTemplate":"https:\/\/agribiotunisie.com\/?s={search_term_string}"},"query-input":{"@type":"PropertyValueSpecification","valueRequired":true,"valueName":"search_term_string"}}],"inLanguage":"fr-FR"}]}},"tiered_pricing_type":"fixed","tiered_pricing_fixed_rules":[],"tiered_pricing_product_settings":{"layout":"default","base_unit_name":{"singular":null,"plural":null},"default_variation":null},"tiered_pricing_minimum_quantity":null,"tiered_pricing_roles_data":[],"tiered_pricing_percentage_rules":[],"tiered_pricing_maximum_quantity":null,"tiered_pricing_quantity_step":null,"_links":{"self":[{"href":"https:\/\/agribiotunisie.com\/index.php\/wp-json\/wp\/v2\/product\/2974","targetHints":{"allow":["GET"]}}],"collection":[{"href":"https:\/\/agribiotunisie.com\/index.php\/wp-json\/wp\/v2\/product"}],"about":[{"href":"https:\/\/agribiotunisie.com\/index.php\/wp-json\/wp\/v2\/types\/product"}],"replies":[{"embeddable":true,"href":"https:\/\/agribiotunisie.com\/index.php\/wp-json\/wp\/v2\/comments?post=2974"}],"version-history":[{"count":2,"href":"https:\/\/agribiotunisie.com\/index.php\/wp-json\/wp\/v2\/product\/2974\/revisions"}],"predecessor-version":[{"id":2978,"href":"https:\/\/agribiotunisie.com\/index.php\/wp-json\/wp\/v2\/product\/2974\/revisions\/2978"}],"wp:featuredmedia":[{"embeddable":true,"href":"https:\/\/agribiotunisie.com\/index.php\/wp-json\/wp\/v2\/media\/2975"}],"wp:attachment":[{"href":"https:\/\/agribiotunisie.com\/index.php\/wp-json\/wp\/v2\/media?parent=2974"}],"wp:term":[{"taxonomy":"product_brand","embeddable":true,"href":"https:\/\/agribiotunisie.com\/index.php\/wp-json\/wp\/v2\/product_brand?post=2974"},{"taxonomy":"product_cat","embeddable":true,"href":"https:\/\/agribiotunisie.com\/index.php\/wp-json\/wp\/v2\/product_cat?post=2974"},{"taxonomy":"product_tag","embeddable":true,"href":"https:\/\/agribiotunisie.com\/index.php\/wp-json\/wp\/v2\/product_tag?post=2974"}],"curies":[{"name":"wp","href":"https:\/\/api.w.org\/{rel}","templated":true}]}}