{"id":2984,"date":"2025-10-14T17:10:03","date_gmt":"2025-10-14T15:10:03","guid":{"rendered":"https:\/\/agribiotunisie.com\/?post_type=product&#038;p=2984"},"modified":"2025-10-14T17:35:34","modified_gmt":"2025-10-14T15:35:34","slug":"tronconneuse-a-essence-tunisie","status":"publish","type":"product","link":"https:\/\/agribiotunisie.com\/index.php\/produit\/tronconneuse-a-essence-tunisie\/","title":{"rendered":"Tronconneuse \u00e0 essence tunisie"},"content":{"rendered":"<ul data-start=\"595\" data-end=\"885\">\n<li data-start=\"776\" data-end=\"885\">\n<p data-start=\"318\" data-end=\"557\">Avec un <strong data-start=\"326\" data-end=\"355\">poids de seulement 4,3 kg<\/strong>, elle se distingue par sa maniabilit\u00e9 et son confort d\u2019utilisation, m\u00eame sur de longues p\u00e9riodes. Son <strong data-start=\"458\" data-end=\"483\">guide-cha\u00eene de 40 cm<\/strong> permet une coupe pr\u00e9cise et rapide, tout en restant facile \u00e0 contr\u00f4ler.<\/p>\n<p data-start=\"559\" data-end=\"631\">Son fonctionnement <strong data-start=\"578\" data-end=\"598\">100 % \u00e9lectrique<\/strong> pr\u00e9sente plusieurs avantages :<\/p>\n<ul data-start=\"632\" data-end=\"820\">\n<li data-start=\"632\" data-end=\"703\">\n<p data-start=\"634\" data-end=\"703\">Aucun gaz d\u2019\u00e9chappement, donc plus respectueuse de l\u2019environnement.<\/p>\n<\/li>\n<li data-start=\"704\" data-end=\"775\">\n<p data-start=\"706\" data-end=\"775\">Faibles co\u00fbts d\u2019entretien par rapport \u00e0 une tron\u00e7onneuse thermique.<\/p>\n<\/li>\n<li data-start=\"776\" data-end=\"820\">\n<p data-start=\"778\" data-end=\"820\">D\u00e9marrage simple et rapide, sans effort.<\/p>\n<\/li>\n<\/ul>\n<p data-start=\"822\" data-end=\"1128\">Pour une plus grande libert\u00e9 de mouvement, il est recommand\u00e9 d\u2019utiliser une <strong data-start=\"898\" data-end=\"921\">rallonge \u00e9lectrique<\/strong> afin de travailler \u00e0 distance de la prise secteur. La tron\u00e7onneuse est \u00e9galement \u00e9quip\u00e9e d\u2019un <strong data-start=\"1016\" data-end=\"1056\">syst\u00e8me de lubrification automatique<\/strong> pour assurer une meilleure long\u00e9vit\u00e9 de la cha\u00eene et r\u00e9duire l\u2019usure.<\/p>\n<p data-start=\"1130\" data-end=\"1365\" data-is-last-node=\"\" data-is-only-node=\"\">Robuste, efficace et facile \u00e0 utiliser, la tron\u00e7onneuse Wadfow est un excellent choix pour les particuliers qui recherchent un outil performant pour <strong data-start=\"1279\" data-end=\"1305\">entretenir leur jardin<\/strong> ou <strong data-start=\"1309\" data-end=\"1344\">pr\u00e9parer leur bois de chauffage<\/strong> en toute simplicit\u00e9.<\/p>\n<hr data-start=\"1700\" data-end=\"1703\" \/>\n<p data-start=\"1705\" data-end=\"1807\" data-is-last-node=\"\" data-is-only-node=\"\">Veux-tu que je la transforme aussi en <strong data-start=\"1743\" data-end=\"1780\">description courte avec des puces<\/strong> pour une fiche produit ? \u2728<\/p>\n<\/li>\n<\/ul>\n","protected":false},"excerpt":{"rendered":"<p data-start=\"2\" data-end=\"41\">\u2022 Tron\u00e7onneuse \u00e9lectrique Wadfow 2,2 kW<br \/>\n\u2022 Poids l\u00e9ger de 4,3 kg pour une bonne maniabilit\u00e9<br \/>\n\u2022 Guide-cha\u00eene de 40 cm, id\u00e9ale pour bois et petits arbres<br \/>\n\u2022 Faibles co\u00fbts d\u2019entretien et z\u00e9ro \u00e9mission<br \/>\n\u2022 Lubrification automatique de la cha\u00eene<br \/>\n\u2022 Compatible avec une rallonge pour plus de port\u00e9e<\/p>\n","protected":false},"featured_media":2989,"comment_status":"open","ping_status":"closed","template":"","meta":[],"product_brand":[276],"product_cat":[121],"product_tag":[159,147,277],"class_list":{"0":"post-2984","1":"product","2":"type-product","3":"status-publish","4":"has-post-thumbnail","6":"product_brand-wadflow","7":"product_cat-agribio-materiels-agricole-tunisie","8":"product_tag-entretien-jardin","9":"product_tag-materiel-agricole-tunisie","10":"product_tag-tronconneuse-electrique","12":"first","13":"instock","14":"taxable","15":"shipping-taxable","16":"purchasable","17":"product-type-simple"},"yoast_head":"<!-- This site is optimized with the Yoast SEO plugin v27.0 - https:\/\/yoast.com\/product\/yoast-seo-wordpress\/ -->\n<title>Tronconneuse \u00e0 essence tunisie - https:\/\/agribiotunisie.com\/<\/title>\n<meta name=\"robots\" content=\"index, follow, max-snippet:-1, max-image-preview:large, max-video-preview:-1\" \/>\n<link rel=\"canonical\" href=\"https:\/\/agribiotunisie.com\/index.php\/produit\/tronconneuse-a-essence-tunisie\/\" \/>\n<meta property=\"og:locale\" content=\"fr_FR\" \/>\n<meta property=\"og:type\" content=\"article\" \/>\n<meta property=\"og:title\" content=\"Tronconneuse \u00e0 essence tunisie - https:\/\/agribiotunisie.com\/\" \/>\n<meta property=\"og:description\" content=\"\u2022 Tron\u00e7onneuse \u00e9lectrique Wadfow 2,2 kW \u2022 Poids l\u00e9ger de 4,3 kg pour une bonne maniabilit\u00e9 \u2022 Guide-cha\u00eene de 40 cm, id\u00e9ale pour bois et petits arbres \u2022 Faibles co\u00fbts d\u2019entretien et z\u00e9ro \u00e9mission \u2022 Lubrification automatique de la cha\u00eene \u2022 Compatible avec une rallonge pour plus de port\u00e9e\" \/>\n<meta property=\"og:url\" content=\"https:\/\/agribiotunisie.com\/index.php\/produit\/tronconneuse-a-essence-tunisie\/\" \/>\n<meta property=\"og:site_name\" content=\"https:\/\/agribiotunisie.com\/\" \/>\n<meta property=\"article:modified_time\" content=\"2025-10-14T15:35:34+00:00\" \/>\n<meta property=\"og:image\" content=\"https:\/\/agribiotunisie.com\/wp-content\/uploads\/2025\/10\/Tronconneuse-a-essence-WADFOW-tunisie.jpg\" \/>\n\t<meta property=\"og:image:width\" content=\"500\" \/>\n\t<meta property=\"og:image:height\" content=\"500\" \/>\n\t<meta property=\"og:image:type\" content=\"image\/jpeg\" \/>\n<meta name=\"twitter:card\" content=\"summary_large_image\" \/>\n<meta name=\"twitter:label1\" content=\"Dur\u00e9e de lecture estim\u00e9e\" \/>\n\t<meta name=\"twitter:data1\" content=\"2 minutes\" \/>\n<script type=\"application\/ld+json\" class=\"yoast-schema-graph\">{\"@context\":\"https:\/\/schema.org\",\"@graph\":[{\"@type\":\"WebPage\",\"@id\":\"https:\/\/agribiotunisie.com\/index.php\/produit\/tronconneuse-a-essence-tunisie\/\",\"url\":\"https:\/\/agribiotunisie.com\/index.php\/produit\/tronconneuse-a-essence-tunisie\/\",\"name\":\"Tronconneuse \u00e0 essence tunisie - https:\/\/agribiotunisie.com\/\",\"isPartOf\":{\"@id\":\"https:\/\/agribiotunisie.com\/#website\"},\"primaryImageOfPage\":{\"@id\":\"https:\/\/agribiotunisie.com\/index.php\/produit\/tronconneuse-a-essence-tunisie\/#primaryimage\"},\"image\":{\"@id\":\"https:\/\/agribiotunisie.com\/index.php\/produit\/tronconneuse-a-essence-tunisie\/#primaryimage\"},\"thumbnailUrl\":\"https:\/\/agribiotunisie.com\/wp-content\/uploads\/2025\/10\/Tronconneuse-a-essence-WADFOW-tunisie.jpg\",\"datePublished\":\"2025-10-14T15:10:03+00:00\",\"dateModified\":\"2025-10-14T15:35:34+00:00\",\"breadcrumb\":{\"@id\":\"https:\/\/agribiotunisie.com\/index.php\/produit\/tronconneuse-a-essence-tunisie\/#breadcrumb\"},\"inLanguage\":\"fr-FR\",\"potentialAction\":[{\"@type\":\"ReadAction\",\"target\":[\"https:\/\/agribiotunisie.com\/index.php\/produit\/tronconneuse-a-essence-tunisie\/\"]}]},{\"@type\":\"ImageObject\",\"inLanguage\":\"fr-FR\",\"@id\":\"https:\/\/agribiotunisie.com\/index.php\/produit\/tronconneuse-a-essence-tunisie\/#primaryimage\",\"url\":\"https:\/\/agribiotunisie.com\/wp-content\/uploads\/2025\/10\/Tronconneuse-a-essence-WADFOW-tunisie.jpg\",\"contentUrl\":\"https:\/\/agribiotunisie.com\/wp-content\/uploads\/2025\/10\/Tronconneuse-a-essence-WADFOW-tunisie.jpg\",\"width\":500,\"height\":500},{\"@type\":\"BreadcrumbList\",\"@id\":\"https:\/\/agribiotunisie.com\/index.php\/produit\/tronconneuse-a-essence-tunisie\/#breadcrumb\",\"itemListElement\":[{\"@type\":\"ListItem\",\"position\":1,\"name\":\"Accueil\",\"item\":\"https:\/\/agribiotunisie.com\/\"},{\"@type\":\"ListItem\",\"position\":2,\"name\":\"Shop\",\"item\":\"https:\/\/agribiotunisie.com\/index.php\/shop-ecommerce-v1\/\"},{\"@type\":\"ListItem\",\"position\":3,\"name\":\"Tronconneuse \u00e0 essence tunisie\"}]},{\"@type\":\"WebSite\",\"@id\":\"https:\/\/agribiotunisie.com\/#website\",\"url\":\"https:\/\/agribiotunisie.com\/\",\"name\":\"https:\/\/agribiotunisie.com\/\",\"description\":\"\",\"potentialAction\":[{\"@type\":\"SearchAction\",\"target\":{\"@type\":\"EntryPoint\",\"urlTemplate\":\"https:\/\/agribiotunisie.com\/?s={search_term_string}\"},\"query-input\":{\"@type\":\"PropertyValueSpecification\",\"valueRequired\":true,\"valueName\":\"search_term_string\"}}],\"inLanguage\":\"fr-FR\"}]}<\/script>\n<!-- \/ Yoast SEO plugin. -->","yoast_head_json":{"title":"Tronconneuse \u00e0 essence tunisie - https:\/\/agribiotunisie.com\/","robots":{"index":"index","follow":"follow","max-snippet":"max-snippet:-1","max-image-preview":"max-image-preview:large","max-video-preview":"max-video-preview:-1"},"canonical":"https:\/\/agribiotunisie.com\/index.php\/produit\/tronconneuse-a-essence-tunisie\/","og_locale":"fr_FR","og_type":"article","og_title":"Tronconneuse \u00e0 essence tunisie - https:\/\/agribiotunisie.com\/","og_description":"\u2022 Tron\u00e7onneuse \u00e9lectrique Wadfow 2,2 kW \u2022 Poids l\u00e9ger de 4,3 kg pour une bonne maniabilit\u00e9 \u2022 Guide-cha\u00eene de 40 cm, id\u00e9ale pour bois et petits arbres \u2022 Faibles co\u00fbts d\u2019entretien et z\u00e9ro \u00e9mission \u2022 Lubrification automatique de la cha\u00eene \u2022 Compatible avec une rallonge pour plus de port\u00e9e","og_url":"https:\/\/agribiotunisie.com\/index.php\/produit\/tronconneuse-a-essence-tunisie\/","og_site_name":"https:\/\/agribiotunisie.com\/","article_modified_time":"2025-10-14T15:35:34+00:00","og_image":[{"width":500,"height":500,"url":"https:\/\/agribiotunisie.com\/wp-content\/uploads\/2025\/10\/Tronconneuse-a-essence-WADFOW-tunisie.jpg","type":"image\/jpeg"}],"twitter_card":"summary_large_image","twitter_misc":{"Dur\u00e9e de lecture estim\u00e9e":"2 minutes"},"schema":{"@context":"https:\/\/schema.org","@graph":[{"@type":"WebPage","@id":"https:\/\/agribiotunisie.com\/index.php\/produit\/tronconneuse-a-essence-tunisie\/","url":"https:\/\/agribiotunisie.com\/index.php\/produit\/tronconneuse-a-essence-tunisie\/","name":"Tronconneuse \u00e0 essence tunisie - https:\/\/agribiotunisie.com\/","isPartOf":{"@id":"https:\/\/agribiotunisie.com\/#website"},"primaryImageOfPage":{"@id":"https:\/\/agribiotunisie.com\/index.php\/produit\/tronconneuse-a-essence-tunisie\/#primaryimage"},"image":{"@id":"https:\/\/agribiotunisie.com\/index.php\/produit\/tronconneuse-a-essence-tunisie\/#primaryimage"},"thumbnailUrl":"https:\/\/agribiotunisie.com\/wp-content\/uploads\/2025\/10\/Tronconneuse-a-essence-WADFOW-tunisie.jpg","datePublished":"2025-10-14T15:10:03+00:00","dateModified":"2025-10-14T15:35:34+00:00","breadcrumb":{"@id":"https:\/\/agribiotunisie.com\/index.php\/produit\/tronconneuse-a-essence-tunisie\/#breadcrumb"},"inLanguage":"fr-FR","potentialAction":[{"@type":"ReadAction","target":["https:\/\/agribiotunisie.com\/index.php\/produit\/tronconneuse-a-essence-tunisie\/"]}]},{"@type":"ImageObject","inLanguage":"fr-FR","@id":"https:\/\/agribiotunisie.com\/index.php\/produit\/tronconneuse-a-essence-tunisie\/#primaryimage","url":"https:\/\/agribiotunisie.com\/wp-content\/uploads\/2025\/10\/Tronconneuse-a-essence-WADFOW-tunisie.jpg","contentUrl":"https:\/\/agribiotunisie.com\/wp-content\/uploads\/2025\/10\/Tronconneuse-a-essence-WADFOW-tunisie.jpg","width":500,"height":500},{"@type":"BreadcrumbList","@id":"https:\/\/agribiotunisie.com\/index.php\/produit\/tronconneuse-a-essence-tunisie\/#breadcrumb","itemListElement":[{"@type":"ListItem","position":1,"name":"Accueil","item":"https:\/\/agribiotunisie.com\/"},{"@type":"ListItem","position":2,"name":"Shop","item":"https:\/\/agribiotunisie.com\/index.php\/shop-ecommerce-v1\/"},{"@type":"ListItem","position":3,"name":"Tronconneuse \u00e0 essence tunisie"}]},{"@type":"WebSite","@id":"https:\/\/agribiotunisie.com\/#website","url":"https:\/\/agribiotunisie.com\/","name":"https:\/\/agribiotunisie.com\/","description":"","potentialAction":[{"@type":"SearchAction","target":{"@type":"EntryPoint","urlTemplate":"https:\/\/agribiotunisie.com\/?s={search_term_string}"},"query-input":{"@type":"PropertyValueSpecification","valueRequired":true,"valueName":"search_term_string"}}],"inLanguage":"fr-FR"}]}},"tiered_pricing_type":"fixed","tiered_pricing_fixed_rules":[],"tiered_pricing_product_settings":{"layout":"default","base_unit_name":{"singular":null,"plural":null},"default_variation":null},"tiered_pricing_minimum_quantity":null,"tiered_pricing_roles_data":[],"tiered_pricing_percentage_rules":[],"tiered_pricing_maximum_quantity":null,"tiered_pricing_quantity_step":null,"_links":{"self":[{"href":"https:\/\/agribiotunisie.com\/index.php\/wp-json\/wp\/v2\/product\/2984","targetHints":{"allow":["GET"]}}],"collection":[{"href":"https:\/\/agribiotunisie.com\/index.php\/wp-json\/wp\/v2\/product"}],"about":[{"href":"https:\/\/agribiotunisie.com\/index.php\/wp-json\/wp\/v2\/types\/product"}],"replies":[{"embeddable":true,"href":"https:\/\/agribiotunisie.com\/index.php\/wp-json\/wp\/v2\/comments?post=2984"}],"version-history":[{"count":3,"href":"https:\/\/agribiotunisie.com\/index.php\/wp-json\/wp\/v2\/product\/2984\/revisions"}],"predecessor-version":[{"id":2991,"href":"https:\/\/agribiotunisie.com\/index.php\/wp-json\/wp\/v2\/product\/2984\/revisions\/2991"}],"wp:featuredmedia":[{"embeddable":true,"href":"https:\/\/agribiotunisie.com\/index.php\/wp-json\/wp\/v2\/media\/2989"}],"wp:attachment":[{"href":"https:\/\/agribiotunisie.com\/index.php\/wp-json\/wp\/v2\/media?parent=2984"}],"wp:term":[{"taxonomy":"product_brand","embeddable":true,"href":"https:\/\/agribiotunisie.com\/index.php\/wp-json\/wp\/v2\/product_brand?post=2984"},{"taxonomy":"product_cat","embeddable":true,"href":"https:\/\/agribiotunisie.com\/index.php\/wp-json\/wp\/v2\/product_cat?post=2984"},{"taxonomy":"product_tag","embeddable":true,"href":"https:\/\/agribiotunisie.com\/index.php\/wp-json\/wp\/v2\/product_tag?post=2984"}],"curies":[{"name":"wp","href":"https:\/\/api.w.org\/{rel}","templated":true}]}}