{"id":3466,"date":"2026-01-31T12:34:48","date_gmt":"2026-01-31T11:34:48","guid":{"rendered":"https:\/\/agribiotunisie.com\/?post_type=product&#038;p=3466"},"modified":"2026-02-07T17:18:53","modified_gmt":"2026-02-07T16:18:53","slug":"pack-humax-40-litres-20-litres","status":"publish","type":"product","link":"https:\/\/agribiotunisie.com\/index.php\/produit\/pack-humax-40-litres-20-litres\/","title":{"rendered":"Borken 20L + Humax 40 L<br> \u0645\u0646 1700 \u0627\u0644\u0649 2000 \u0634\u062c\u0631\u0629<br> \u0645\u0646 0-\u0627\u0644\u06492 \u0639\u0627\u0645<br> \u0627\u0648 \u0637\u0648\u0644 0\u0635\u0645 \u0627\u0644\u0649 150\u0635\u0645"},"content":{"rendered":"<p style=\"padding-left: 40px;\"><a class=\"btn-fiche-technique\" href=\"https:\/\/agribiotunisie.com\/wp-content\/uploads\/2025\/06\/Humax.pdf\" target=\"_blank\" rel=\"noopener\"><br \/>\n\ud83d\udcc4 T\u00e9l\u00e9charger la fiche technique<\/a><\/p>\n<p>&nbsp;<\/p>\n<p><span class=\"fontstyle0\"><strong>COMPOSITION \u0623HUMAX+ :\u00a0<\/strong><\/span><\/p>\n<p><span class=\"fontstyle2\">Mati\u00e8re Organique: 19.8%<br \/>\nAcides humiques: 9.8%<br \/>\nAcides fulviques: 3%<br \/>\nPotassium: 1%<\/span><span class=\"fontstyle2\"><br \/>\n<\/span><strong><span class=\"fontstyle2\"><br \/>\n<span class=\"fontstyle0\">COMPOSITION BORKEN :\u00a0<\/span><br \/>\n<\/span><\/strong><\/p>\n<p>Composition :<br \/>\nMati\u00e8re Organique : 30,7 g\/l<br \/>\nExtrait humique : 30 g\/l<br \/>\nAzote organique : 4 g\/l<br \/>\nCytokinines : 1,3 g\/lAcides amin\u00e9s totaux : 1603 ppm<br \/>\nPotassium : 525 ppm<br \/>\nSoufre : 71,4 ppm<br \/>\nPhosphore total : 5,85 ppm<br \/>\nFer, Zinc, Cuivre, Mangan\u00e8se : 2 ppm<\/p>\n<p>&nbsp;<\/p>\n<p>&nbsp;<\/p>\n<p><img decoding=\"async\" class=\"aligncenter\" style=\"max-width: 100%; height: 270px;\" src=\"https:\/\/agribiotunisie.com\/wp-content\/uploads\/2025\/09\/Borkenhumax-2.gif\" alt=\"Borken Explication\" width=\"450\" \/><\/p>\n<p>&nbsp;<\/p>\n<p><img decoding=\"async\" class=\"aligncenter\" style=\"max-width: 100%; height: 250px;\" src=\"https:\/\/agribiotunisie.com\/wp-content\/uploads\/2026\/01\/Explication-Borken.jpg\" alt=\"Borken Explication\" width=\"450\" \/><br \/>\n<img decoding=\"async\" class=\"aligncenter\" style=\"max-width: 100%; height: 250px;\" src=\"https:\/\/agribiotunisie.com\/wp-content\/uploads\/2026\/01\/dosag-05.jpg\" alt=\"Borken Explication\" width=\"450\" \/><br \/>\n<img decoding=\"async\" class=\"aligncenter\" style=\"max-width: 100%; height: 600px;\" src=\"https:\/\/agribiotunisie.com\/wp-content\/uploads\/2026\/01\/Dosage-explicatif-borken-umax_.02.jpg\" alt=\"Borken Explication\" width=\"450\" \/><\/p>\n<p><strong>Dosage HUMAX +<\/strong><\/p>\n<table class=\"NormalTable\" style=\"height: 498px;\" width=\"1047\">\n<tbody>\n<tr>\n<td style=\"border-left-style: none; border-bottom: solid 1px #ffffff; border-right: solid 1px #ffffff; border-top-style: none;\" width=\"161\"><strong><span class=\"fontstyle0\">Culture <\/span><\/strong><\/td>\n<td style=\"border-left: solid 1px #ffffff; border-bottom: solid 1px #ffffff; border-right: solid 1px #ffffff; border-top-style: none;\" width=\"95\"><strong><span class=\"fontstyle0\">Dose (l\/ha) <\/span><\/strong><\/td>\n<td style=\"border-left: solid 1px #ffffff; border-bottom: solid 1px #ffffff; border-right-style: none; border-top-style: none;\" width=\"381\"><strong><span class=\"fontstyle0\">Recommandation (Irrigation)<\/span><\/strong><\/td>\n<\/tr>\n<tr>\n<td style=\"border-left-style: none; border-bottom: solid 1px #ffffff; border-right: solid 1px #ffffff; border-top: solid 1px #ffffff;\" width=\"161\"><span class=\"fontstyle0\">Agrumes <\/span><\/td>\n<td style=\"border: solid 1px #ffffff;\" width=\"95\"><span class=\"fontstyle2\">10 <\/span><\/td>\n<td style=\"border-left: solid 1px #ffffff; border-bottom: solid 1px #ffffff; border-right-style: none; border-top: solid 1px #ffffff;\" width=\"381\"><span class=\"fontstyle2\">Fractionner les applications. Appliquer au maximum 5 fois<br \/>\npar cycle.<\/span><\/td>\n<\/tr>\n<tr>\n<td style=\"border-left-style: none; border-bottom: solid 1px #ffffff; border-right: solid 1px #ffffff; border-top: solid 1px #ffffff;\" width=\"161\"><span class=\"fontstyle0\">Vignes <\/span><\/td>\n<td style=\"border: solid 1px #ffffff;\" width=\"95\"><span class=\"fontstyle2\">10 <\/span><\/td>\n<td style=\"border-left: solid 1px #ffffff; border-bottom: solid 1px #ffffff; border-right-style: none; border-top: solid 1px #ffffff;\" width=\"381\"><span class=\"fontstyle2\">Fractionner les applications. Appliquer au maximum 5 fois<br \/>\npar cycle.<\/span><\/td>\n<\/tr>\n<tr>\n<td style=\"border-left-style: none; border-bottom: solid 1px #ffffff; border-right: solid 1px #ffffff; border-top: solid 1px #ffffff;\" width=\"161\"><span class=\"fontstyle0\">Oliviers <\/span><\/td>\n<td style=\"border: solid 1px #ffffff;\" width=\"95\"><span class=\"fontstyle2\">10-20 <\/span><\/td>\n<td style=\"border-left: solid 1px #ffffff; border-bottom: solid 1px #ffffff; border-right-style: none; border-top: solid 1px #ffffff;\" width=\"381\"><span class=\"fontstyle2\">Fractionner les applications. Appliquer au maximum 5 fois<br \/>\npar cycle.<\/span><\/td>\n<\/tr>\n<tr>\n<td style=\"border-left-style: none; border-bottom: solid 1px #ffffff; border-right: solid 1px #ffffff; border-top: solid 1px #ffffff;\" width=\"161\"><span class=\"fontstyle0\">Arboriculture fruiti\u00e8re <\/span><\/td>\n<td style=\"border: solid 1px #ffffff;\" width=\"95\"><span class=\"fontstyle2\">10-20 <\/span><\/td>\n<td style=\"border-left: solid 1px #ffffff; border-bottom: solid 1px #ffffff; border-right-style: none; border-top: solid 1px #ffffff;\" width=\"381\"><span class=\"fontstyle2\">Fractionner les applications. Appliquer au maximum 5 fois<br \/>\npar cycle.<\/span><\/td>\n<\/tr>\n<tr>\n<td style=\"border-left-style: none; border-bottom: solid 1px #ffffff; border-right: solid 1px #ffffff; border-top: solid 1px #ffffff;\" width=\"161\"><span class=\"fontstyle0\">Culture maraich\u00e8re <\/span><\/td>\n<td style=\"border: solid 1px #ffffff;\" width=\"95\"><span class=\"fontstyle2\">5-10 <\/span><\/td>\n<td style=\"border-left: solid 1px #ffffff; border-bottom: solid 1px #ffffff; border-right-style: none; border-top: solid 1px #ffffff;\" width=\"381\"><span class=\"fontstyle2\">Fractionner les applications. Appliquer 3 \u00e0 5 fois par cycle<br \/>\nau maximum.<\/span><\/td>\n<\/tr>\n<tr>\n<td style=\"border-left-style: none; border-bottom-style: none; border-right: solid 1px #ffffff; border-top: solid 1px #ffffff;\" width=\"161\"><span class=\"fontstyle0\">P\u00e9pini\u00e8re &amp; gazon <\/span><\/td>\n<td style=\"border-left: solid 1px #ffffff; border-bottom-style: none; border-right: solid 1px #ffffff; border-top: solid 1px #ffffff;\" width=\"95\"><span class=\"fontstyle2\">5 <\/span><\/td>\n<td style=\"border-left: solid 1px #ffffff; border-bottom-style: none; border-right-style: none; border-top: solid 1px #ffffff;\" width=\"381\"><span class=\"fontstyle2\">Fractionner les applications. Appliquer 3 \u00e0 5 fois par cycle<br \/>\nau maximum.<\/span><\/td>\n<\/tr>\n<\/tbody>\n<\/table>\n<p><strong>Dosage BORKEN<\/strong><\/p>\n<table border=\"0\" cellspacing=\"0\">\n<colgroup width=\"64\"><\/colgroup>\n<colgroup width=\"40\"><\/colgroup>\n<colgroup width=\"856\"><\/colgroup>\n<thead>\n<tr>\n<th align=\"left\">Culture<\/th>\n<th align=\"left\">Dose<br \/>\nL\/ha<\/th>\n<th align=\"left\">Remarque<\/th>\n<\/tr>\n<\/thead>\n<tbody>\n<tr>\n<td>Piment, Tomate, Aubergine<\/td>\n<td>2-3<\/td>\n<td>1\u00e8re application une semaine apr\u00e8s le repiquage puis une autre avant la floraison, puis r\u00e9p\u00e9ter toutes les 2 \u00e0 3 semaines.<\/td>\n<\/tr>\n<tr>\n<td>Concombre, Melon, Past\u00e8que<\/td>\n<td>2-3<\/td>\n<td>1\u00e8re application une semaine apr\u00e8s le repiquage puis une autre avant la floraison, puis r\u00e9p\u00e9ter toutes les 2 \u00e0 3 semaines.<\/td>\n<\/tr>\n<tr>\n<td>Fraisier<\/td>\n<td>2-3<\/td>\n<td>1\u00e8re application une semaine apr\u00e8s le repiquage puis une autre avant la floraison, puis r\u00e9p\u00e9ter toutes les 2 \u00e0 3 semaines.<\/td>\n<\/tr>\n<tr>\n<td>Grenadier<\/td>\n<td>3-5<\/td>\n<td>1\u00e8re application au stade bourgeon vert-rose (blanc), puis r\u00e9p\u00e9ter toutes les 2 \u00e0 3 semaines.<\/td>\n<\/tr>\n<tr>\n<td>Agrumes<\/td>\n<td>3-5<\/td>\n<td>1\u00e8re application avant la floraison, puis r\u00e9p\u00e9ter toutes les 2 \u00e0 3 semaines.<\/td>\n<\/tr>\n<tr>\n<td>Vigne<\/td>\n<td>3-5<\/td>\n<td>1\u00e8re application au d\u00e9but de floraison, 2\u00e8me application juste apr\u00e8s la nouaison, 3\u00e8me application au stade baie de la taille d\u2019un pois.<\/td>\n<\/tr>\n<tr>\n<td>Olivier<\/td>\n<td>3-5<\/td>\n<td>1\u00e8re application avant la floraison, puis r\u00e9p\u00e9ter toutes les 2 \u00e0 3 semaines.<\/td>\n<\/tr>\n<tr>\n<td>Haricots<\/td>\n<td>2-3<\/td>\n<td>1\u00e8re application du d\u00e9but de la floraison au d\u00e9but de la floraison, \u00e0 renouveler apr\u00e8s 2 \u00e0 3 semaines.<\/td>\n<\/tr>\n<tr>\n<td>C\u00e9r\u00e9ales (*)<\/td>\n<td>0,5-1<\/td>\n<td>1\u00e8re application en fin de tallage, 2\u00e8me application au stade feuille drapeau.<\/td>\n<\/tr>\n<tr>\n<td>Rosier<\/td>\n<td>2-3<\/td>\n<td>1\u00e8re application avant le premier stade de floraison, puis r\u00e9p\u00e9ter toutes les 2 \u00e0 3 semaines.<\/td>\n<\/tr>\n<\/tbody>\n<\/table>\n<p>&nbsp;<\/p>\n","protected":false},"excerpt":{"rendered":"<h3 style=\"text-align: right;\">biostimulant (\u062f\u0648\u0627\u0621 \u0627\u0644\u0639\u0631\u06a8)- \u0628\u0631\u0643\u0627\u0646<\/h3>\n<p style=\"text-align: right;\">\u0641\u064a\u0647 \u0643\u0627\u0626\u0646\u0627\u062a \u062f\u0642\u064a\u0642\u0629\u00a0 \u062a\u062d\u0648\u0651\u0644 \u0639\u0646\u0627\u0635\u0631 \u0627\u0644\u062a\u0631\u0628\u0629 \u0625\u0644\u0649 \u063a\u0630\u0627\u0621 \u0633\u0647\u0644 \u0627\u0644\u0627\u0645\u062a\u0635\u0627\u0635<em>\u2022<\/em><br \/>\n\u064a\u0642\u0648\u064a \u062c\u0647\u0627\u0632 \u0627\u0644\u0645\u0646\u0627\u0639\u0629 \u0627\u0644\u0637\u0628\u064a\u0639\u064a \u0644\u0644\u0646\u0628\u0627\u062a \u0644\u0645\u0642\u0627\u0648\u0645\u0629 \u0627\u0644\u0623\u0645\u0631\u0627\u0636<em>\u2022<\/em><br \/>\n\u064a\u062d\u0633\u0646 \u0645\u0646 \u0639\u0645\u0644\u064a\u0629 \u0627\u0644\u0625\u0632\u0647\u0627\u0631 \u0648\u064a\u0632\u064a\u062f \u0645\u0646 \u0639\u062f\u062f \u0627\u0644\u0623\u0632\u0647\u0627\u0631<em>\u2022<\/em><br \/>\n\u064a\u062d\u0641\u0632 \u0625\u0646\u062a\u0627\u062c \u0645\u0636\u0627\u062f\u0627\u062a \u0627\u0644\u0623\u0643\u0633\u062f\u0629 \u0644\u0632\u064a\u0627\u062f\u0629 \u062a\u062d\u0645\u0644\u0644\u0644\u0625\u062c\u0647\u0627\u062f \u0627\u0644\u062d\u0631\u0627\u0631\u064a<em>\u2022<\/em><br \/>\n\u064a\u0634\u062c\u0639 \u0639\u0644\u0649 \u062a\u0643\u0648\u064a\u0646 \u0643\u062a\u0644\u0629 \u062c\u0630\u0631\u064a\u0629 \u0642\u0648\u064a\u0629 \u0648\u0643\u062b\u064a\u0641\u0629 \u0644\u062a\u062d\u0633\u064a\u0646 \u0627\u0644\u062a\u063a\u0630\u064a\u0629<em>\u2022<\/em><br \/>\n\u064a\u0633\u0627\u0647\u0645 \u0641\u064a \u0632\u064a\u0627\u062f\u0629 \u0645\u0644\u062d\u0648\u0638\u0629 \u0641\u064a \u0627\u0644\u0625\u0646\u062a\u0627\u062c\u064a\u0629 \u0648\u062a\u062d\u0633\u064a\u0646 \u062c\u0648\u062f\u0629 \u0627\u0644\u0645\u062d\u0635\u0648\u0644<em>\u2022<\/em><br \/>\n\u0627\u0644\u062a\u0648\u0646\u0633\u064a\u0629 Orgafertil\u0628\u0631\u0643\u0627\u0646 \u0645\u0646\u062a\u0648\u062c \u062a\u0648\u0646\u0633\u064a\u00a0 \u062a\u0645 \u062a\u0637\u0648\u064a\u0631\u0647 \u0648\u062a\u0635\u0646\u064a\u0639\u0647 \u0641\u064a \u0645\u062e\u0627\u0628\u0631<em>\u2022<\/em><\/p>\n<h4><b>HuMax+ (\u063a\u0628\u0627\u0631 fulvique+humique)<br \/>\nriche en acide <\/b>humique et fulvique<\/h4>\n<ul>\n<li><b>HuMax+<\/b> \u064a\u062d\u0633\u0646 \u0627\u0644\u0628\u0646\u064a\u0629 \u0627\u0644\u0641\u064a\u0632\u064a\u0627\u0626\u064a\u0629 \u0644\u0644\u062a\u0631\u0628\u0629\u060c \u0641\u064a\u062c\u0639\u0644\u0647\u0627 \u0623\u0643\u062b\u0631 \u062a\u0641\u0643\u0643\u0627\u064b \u0648\u062a\u0647\u0648\u064a\u0629 \u0628\u0641\u0636\u0644 \u0645\u062d\u062a\u0648\u0627\u0647 \u0627\u0644\u0639\u0627\u0644\u064a \u0645\u0646 \u0627\u0644\u0645\u0627\u062f\u0629 \u0627\u0644\u0639\u0636\u0648\u064a\u0629.<\/li>\n<li><b>HuMax+<\/b> \u064a\u0631\u0641\u0639 \u0642\u062f\u0631\u0629 \u0627\u0644\u062a\u0631\u0628\u0629 \u0639\u0644\u0649 \u0627\u0644\u0627\u062d\u062a\u0641\u0627\u0638 \u0628\u0627\u0644\u0645\u0627\u0621 \u0645\u062b\u0644 \u0627\u0644\u0625\u0633\u0641\u0646\u062c\u060c \u0645\u0645\u0627 \u064a\u0642\u0644\u0644 \u0645\u0646 \u062a\u0623\u062b\u064a\u0631 \u0627\u0644\u0625\u062c\u0647\u0627\u062f \u0627\u0644\u0645\u0627\u0626\u064a \u0639\u0644\u0649 \u0627\u0644\u0646\u0628\u0627\u062a.<\/li>\n<li><b>HuMax+<\/b> \u064a\u0646\u0634\u0637 \u0627\u0644\u062d\u064a\u0627\u0629 \u0627\u0644\u0645\u064a\u0643\u0631\u0648\u0628\u064a\u0629 \u0627\u0644\u0645\u0641\u064a\u062f\u0629 \u0641\u064a \u0627\u0644\u062a\u0631\u0628\u0629\u060c \u0645\u0645\u0627 \u064a\u0633\u0631\u0651\u0639 \u0645\u0646 \u062a\u062d\u0644\u0644 \u0627\u0644\u0645\u0648\u0627\u062f \u0627\u0644\u0639\u0636\u0648\u064a\u0629 \u0648\u064a\u064f\u062d\u0648\u0651\u0644 \u0627\u0644\u0639\u0646\u0627\u0635\u0631 \u0625\u0644\u0649 \u063a\u0630\u0627\u0621 \u0645\u062a\u0627\u062d.<\/li>\n<li><b>HuMax+<\/b> \u064a\u0632\u064a\u062f \u0645\u0646 \u062e\u0635\u0648\u0628\u0629 \u0627\u0644\u062a\u0631\u0628\u0629 \u0648\u0642\u062f\u0631\u062a\u0647\u0627 \u0639\u0644\u0649 \u0627\u0644\u0627\u062d\u062a\u0641\u0627\u0638 \u0628\u0627\u0644\u0639\u0646\u0627\u0635\u0631 \u0627\u0644\u063a\u0630\u0627\u0626\u064a\u0629 (CEC)\u060c \u0645\u0645\u0627 \u064a\u0642\u0644\u0644 \u0645\u0646 \u0647\u062f\u0631 \u0627\u0644\u0623\u0633\u0645\u062f\u0629 \u0628\u0627\u0644\u063a\u0633\u064a\u0644.<\/li>\n<li><b>HuMax+<\/b> \u064a\u0633\u0647\u0644 \u0639\u0644\u0649 \u0627\u0644\u0646\u0628\u0627\u062a \u0627\u0645\u062a\u0635\u0627\u0635 \u0627\u0644\u0639\u0646\u0627\u0635\u0631 \u0627\u0644\u0635\u063a\u0631\u0649 \u0628\u0641\u0636\u0644 \u0627\u0644\u0623\u062d\u0645\u0627\u0636 \u0627\u0644\u0641\u0648\u0644\u0641\u064a\u0643\u064a\u0629 \u0648\u0627\u0644\u0647\u064a\u0648\u0645\u064a\u0643\u064a\u0629 \u0627\u0644\u062a\u064a \u062a\u0639\u0645\u0644 \u0639\u0644\u0649 \u062a\u0645\u062e\u0644\u0628\u0647\u0627 (Chelation).<\/li>\n<li><b>HuMax+<\/b> \u064a\u062d\u0641\u0632 \u0646\u0645\u0648 \u0648\u062a\u0637\u0648\u0631 \u0627\u0644\u0645\u062c\u0645\u0648\u0639 \u0627\u0644\u062c\u0630\u0631\u064a \u0628\u0634\u0643\u0644 \u0645\u0628\u0627\u0634\u0631 \u0628\u0641\u0636\u0644 \u0627\u0644\u0623\u062d\u0645\u0627\u0636 \u0627\u0644\u0641\u0648\u0644\u0641\u064a\u0643\u064a\u0629 \u0627\u0644\u062a\u064a \u062a\u0646\u0634\u0637 \u0627\u0644\u0639\u0645\u0644\u064a\u0627\u062a \u0627\u0644\u062d\u064a\u0648\u064a\u0629 \u0641\u064a \u0627\u0644\u062c\u0630\u0648\u0631.<\/li>\n<\/ul>\n<p><span class=\"fontstyle2\">\u00a0<\/span><\/p>\n","protected":false},"featured_media":3467,"comment_status":"open","ping_status":"closed","template":"","meta":[],"product_brand":[144],"product_cat":[107],"product_tag":[225,224,226],"class_list":{"0":"post-3466","1":"product","2":"type-product","3":"status-publish","4":"has-post-thumbnail","6":"product_brand-agrofertil","7":"product_cat-agribio-engrais-biologique-et-biopesticide-tunisie","8":"product_tag-agriculture-durable","9":"product_tag-biostimulant-organique","10":"product_tag-engrais-bio","11":"product_shipping_class-livraison-payante","13":"first","14":"instock","15":"sale","16":"featured","17":"taxable","18":"shipping-taxable","19":"purchasable","20":"product-type-simple"},"yoast_head":"<!-- This site is optimized with the Yoast SEO plugin v27.0 - https:\/\/yoast.com\/product\/yoast-seo-wordpress\/ -->\n<title>HUMAX \u2013 Engrais liquide 100 % naturel<\/title>\n<meta name=\"description\" content=\"Borken est un biostimulant agricole puissant qui am\u00e9liore la vigueur des plantes, stimule la croissance racinaire et augmente la r\u00e9sistance au stress.\" \/>\n<meta name=\"robots\" content=\"index, follow, max-snippet:-1, max-image-preview:large, max-video-preview:-1\" \/>\n<link rel=\"canonical\" href=\"https:\/\/agribiotunisie.com\/index.php\/produit\/pack-humax-40-litres-20-litres\/\" \/>\n<meta property=\"og:locale\" content=\"fr_FR\" \/>\n<meta property=\"og:type\" content=\"article\" \/>\n<meta property=\"og:title\" content=\"HUMAX \u2013 Engrais liquide 100 % naturel\" \/>\n<meta property=\"og:description\" content=\"Borken est un biostimulant agricole puissant qui am\u00e9liore la vigueur des plantes, stimule la croissance racinaire et augmente la r\u00e9sistance au stress.\" \/>\n<meta property=\"og:url\" content=\"https:\/\/agribiotunisie.com\/index.php\/produit\/pack-humax-40-litres-20-litres\/\" \/>\n<meta property=\"og:site_name\" content=\"https:\/\/agribiotunisie.com\/\" \/>\n<meta property=\"article:modified_time\" content=\"2026-02-07T16:18:53+00:00\" \/>\n<meta property=\"og:image\" content=\"https:\/\/agribiotunisie.com\/wp-content\/uploads\/2026\/01\/Pack-2000-olivier.jpg\" \/>\n\t<meta property=\"og:image:width\" content=\"800\" \/>\n\t<meta property=\"og:image:height\" content=\"723\" \/>\n\t<meta property=\"og:image:type\" content=\"image\/jpeg\" \/>\n<meta name=\"twitter:card\" content=\"summary_large_image\" \/>\n<meta name=\"twitter:label1\" content=\"Dur\u00e9e de lecture estim\u00e9e\" \/>\n\t<meta name=\"twitter:data1\" content=\"3 minutes\" \/>\n<script type=\"application\/ld+json\" class=\"yoast-schema-graph\">{\"@context\":\"https:\/\/schema.org\",\"@graph\":[{\"@type\":\"WebPage\",\"@id\":\"https:\/\/agribiotunisie.com\/index.php\/produit\/pack-humax-40-litres-20-litres\/\",\"url\":\"https:\/\/agribiotunisie.com\/index.php\/produit\/pack-humax-40-litres-20-litres\/\",\"name\":\"HUMAX \u2013 Engrais liquide 100 % naturel\",\"isPartOf\":{\"@id\":\"https:\/\/agribiotunisie.com\/#website\"},\"primaryImageOfPage\":{\"@id\":\"https:\/\/agribiotunisie.com\/index.php\/produit\/pack-humax-40-litres-20-litres\/#primaryimage\"},\"image\":{\"@id\":\"https:\/\/agribiotunisie.com\/index.php\/produit\/pack-humax-40-litres-20-litres\/#primaryimage\"},\"thumbnailUrl\":\"https:\/\/agribiotunisie.com\/wp-content\/uploads\/2026\/01\/Pack-2000-olivier.jpg\",\"datePublished\":\"2026-01-31T11:34:48+00:00\",\"dateModified\":\"2026-02-07T16:18:53+00:00\",\"description\":\"Borken est un biostimulant agricole puissant qui am\u00e9liore la vigueur des plantes, stimule la croissance racinaire et augmente la r\u00e9sistance au stress.\",\"breadcrumb\":{\"@id\":\"https:\/\/agribiotunisie.com\/index.php\/produit\/pack-humax-40-litres-20-litres\/#breadcrumb\"},\"inLanguage\":\"fr-FR\",\"potentialAction\":[{\"@type\":\"ReadAction\",\"target\":[\"https:\/\/agribiotunisie.com\/index.php\/produit\/pack-humax-40-litres-20-litres\/\"]}]},{\"@type\":\"ImageObject\",\"inLanguage\":\"fr-FR\",\"@id\":\"https:\/\/agribiotunisie.com\/index.php\/produit\/pack-humax-40-litres-20-litres\/#primaryimage\",\"url\":\"https:\/\/agribiotunisie.com\/wp-content\/uploads\/2026\/01\/Pack-2000-olivier.jpg\",\"contentUrl\":\"https:\/\/agribiotunisie.com\/wp-content\/uploads\/2026\/01\/Pack-2000-olivier.jpg\",\"width\":800,\"height\":723},{\"@type\":\"BreadcrumbList\",\"@id\":\"https:\/\/agribiotunisie.com\/index.php\/produit\/pack-humax-40-litres-20-litres\/#breadcrumb\",\"itemListElement\":[{\"@type\":\"ListItem\",\"position\":1,\"name\":\"Accueil\",\"item\":\"https:\/\/agribiotunisie.com\/\"},{\"@type\":\"ListItem\",\"position\":2,\"name\":\"Shop\",\"item\":\"https:\/\/agribiotunisie.com\/index.php\/shop-ecommerce-v1\/\"},{\"@type\":\"ListItem\",\"position\":3,\"name\":\"Borken 20L + Humax 40 L \u0645\u0646 1700 \u0627\u0644\u0649 2000 \u0634\u062c\u0631\u0629 \u0645\u0646 0-\u0627\u0644\u06492 \u0639\u0627\u0645 \u0627\u0648 \u0637\u0648\u0644 0\u0635\u0645 \u0627\u0644\u0649 150\u0635\u0645\"}]},{\"@type\":\"WebSite\",\"@id\":\"https:\/\/agribiotunisie.com\/#website\",\"url\":\"https:\/\/agribiotunisie.com\/\",\"name\":\"https:\/\/agribiotunisie.com\/\",\"description\":\"\",\"potentialAction\":[{\"@type\":\"SearchAction\",\"target\":{\"@type\":\"EntryPoint\",\"urlTemplate\":\"https:\/\/agribiotunisie.com\/?s={search_term_string}\"},\"query-input\":{\"@type\":\"PropertyValueSpecification\",\"valueRequired\":true,\"valueName\":\"search_term_string\"}}],\"inLanguage\":\"fr-FR\"}]}<\/script>\n<!-- \/ Yoast SEO plugin. -->","yoast_head_json":{"title":"HUMAX \u2013 Engrais liquide 100 % naturel","description":"Borken est un biostimulant agricole puissant qui am\u00e9liore la vigueur des plantes, stimule la croissance racinaire et augmente la r\u00e9sistance au stress.","robots":{"index":"index","follow":"follow","max-snippet":"max-snippet:-1","max-image-preview":"max-image-preview:large","max-video-preview":"max-video-preview:-1"},"canonical":"https:\/\/agribiotunisie.com\/index.php\/produit\/pack-humax-40-litres-20-litres\/","og_locale":"fr_FR","og_type":"article","og_title":"HUMAX \u2013 Engrais liquide 100 % naturel","og_description":"Borken est un biostimulant agricole puissant qui am\u00e9liore la vigueur des plantes, stimule la croissance racinaire et augmente la r\u00e9sistance au stress.","og_url":"https:\/\/agribiotunisie.com\/index.php\/produit\/pack-humax-40-litres-20-litres\/","og_site_name":"https:\/\/agribiotunisie.com\/","article_modified_time":"2026-02-07T16:18:53+00:00","og_image":[{"width":800,"height":723,"url":"https:\/\/agribiotunisie.com\/wp-content\/uploads\/2026\/01\/Pack-2000-olivier.jpg","type":"image\/jpeg"}],"twitter_card":"summary_large_image","twitter_misc":{"Dur\u00e9e de lecture estim\u00e9e":"3 minutes"},"schema":{"@context":"https:\/\/schema.org","@graph":[{"@type":"WebPage","@id":"https:\/\/agribiotunisie.com\/index.php\/produit\/pack-humax-40-litres-20-litres\/","url":"https:\/\/agribiotunisie.com\/index.php\/produit\/pack-humax-40-litres-20-litres\/","name":"HUMAX \u2013 Engrais liquide 100 % naturel","isPartOf":{"@id":"https:\/\/agribiotunisie.com\/#website"},"primaryImageOfPage":{"@id":"https:\/\/agribiotunisie.com\/index.php\/produit\/pack-humax-40-litres-20-litres\/#primaryimage"},"image":{"@id":"https:\/\/agribiotunisie.com\/index.php\/produit\/pack-humax-40-litres-20-litres\/#primaryimage"},"thumbnailUrl":"https:\/\/agribiotunisie.com\/wp-content\/uploads\/2026\/01\/Pack-2000-olivier.jpg","datePublished":"2026-01-31T11:34:48+00:00","dateModified":"2026-02-07T16:18:53+00:00","description":"Borken est un biostimulant agricole puissant qui am\u00e9liore la vigueur des plantes, stimule la croissance racinaire et augmente la r\u00e9sistance au stress.","breadcrumb":{"@id":"https:\/\/agribiotunisie.com\/index.php\/produit\/pack-humax-40-litres-20-litres\/#breadcrumb"},"inLanguage":"fr-FR","potentialAction":[{"@type":"ReadAction","target":["https:\/\/agribiotunisie.com\/index.php\/produit\/pack-humax-40-litres-20-litres\/"]}]},{"@type":"ImageObject","inLanguage":"fr-FR","@id":"https:\/\/agribiotunisie.com\/index.php\/produit\/pack-humax-40-litres-20-litres\/#primaryimage","url":"https:\/\/agribiotunisie.com\/wp-content\/uploads\/2026\/01\/Pack-2000-olivier.jpg","contentUrl":"https:\/\/agribiotunisie.com\/wp-content\/uploads\/2026\/01\/Pack-2000-olivier.jpg","width":800,"height":723},{"@type":"BreadcrumbList","@id":"https:\/\/agribiotunisie.com\/index.php\/produit\/pack-humax-40-litres-20-litres\/#breadcrumb","itemListElement":[{"@type":"ListItem","position":1,"name":"Accueil","item":"https:\/\/agribiotunisie.com\/"},{"@type":"ListItem","position":2,"name":"Shop","item":"https:\/\/agribiotunisie.com\/index.php\/shop-ecommerce-v1\/"},{"@type":"ListItem","position":3,"name":"Borken 20L + Humax 40 L \u0645\u0646 1700 \u0627\u0644\u0649 2000 \u0634\u062c\u0631\u0629 \u0645\u0646 0-\u0627\u0644\u06492 \u0639\u0627\u0645 \u0627\u0648 \u0637\u0648\u0644 0\u0635\u0645 \u0627\u0644\u0649 150\u0635\u0645"}]},{"@type":"WebSite","@id":"https:\/\/agribiotunisie.com\/#website","url":"https:\/\/agribiotunisie.com\/","name":"https:\/\/agribiotunisie.com\/","description":"","potentialAction":[{"@type":"SearchAction","target":{"@type":"EntryPoint","urlTemplate":"https:\/\/agribiotunisie.com\/?s={search_term_string}"},"query-input":{"@type":"PropertyValueSpecification","valueRequired":true,"valueName":"search_term_string"}}],"inLanguage":"fr-FR"}]}},"tiered_pricing_type":"fixed","tiered_pricing_fixed_rules":[],"tiered_pricing_product_settings":{"layout":"default","base_unit_name":{"singular":null,"plural":null},"default_variation":null},"tiered_pricing_minimum_quantity":null,"tiered_pricing_roles_data":[],"tiered_pricing_percentage_rules":[],"tiered_pricing_maximum_quantity":null,"tiered_pricing_quantity_step":null,"_links":{"self":[{"href":"https:\/\/agribiotunisie.com\/index.php\/wp-json\/wp\/v2\/product\/3466","targetHints":{"allow":["GET"]}}],"collection":[{"href":"https:\/\/agribiotunisie.com\/index.php\/wp-json\/wp\/v2\/product"}],"about":[{"href":"https:\/\/agribiotunisie.com\/index.php\/wp-json\/wp\/v2\/types\/product"}],"replies":[{"embeddable":true,"href":"https:\/\/agribiotunisie.com\/index.php\/wp-json\/wp\/v2\/comments?post=3466"}],"version-history":[{"count":5,"href":"https:\/\/agribiotunisie.com\/index.php\/wp-json\/wp\/v2\/product\/3466\/revisions"}],"predecessor-version":[{"id":3551,"href":"https:\/\/agribiotunisie.com\/index.php\/wp-json\/wp\/v2\/product\/3466\/revisions\/3551"}],"wp:featuredmedia":[{"embeddable":true,"href":"https:\/\/agribiotunisie.com\/index.php\/wp-json\/wp\/v2\/media\/3467"}],"wp:attachment":[{"href":"https:\/\/agribiotunisie.com\/index.php\/wp-json\/wp\/v2\/media?parent=3466"}],"wp:term":[{"taxonomy":"product_brand","embeddable":true,"href":"https:\/\/agribiotunisie.com\/index.php\/wp-json\/wp\/v2\/product_brand?post=3466"},{"taxonomy":"product_cat","embeddable":true,"href":"https:\/\/agribiotunisie.com\/index.php\/wp-json\/wp\/v2\/product_cat?post=3466"},{"taxonomy":"product_tag","embeddable":true,"href":"https:\/\/agribiotunisie.com\/index.php\/wp-json\/wp\/v2\/product_tag?post=3466"}],"curies":[{"name":"wp","href":"https:\/\/api.w.org\/{rel}","templated":true}]}}